{"id":205,"date":"2023-10-20T19:34:08","date_gmt":"2023-10-21T02:34:08","guid":{"rendered":"https:\/\/dharmaholistika.com\/?elementor_library=about-me"},"modified":"2024-11-08T10:53:20","modified_gmt":"2024-11-08T18:53:20","slug":"mision","status":"publish","type":"page","link":"https:\/\/dharmaholistika.com\/es\/mision\/","title":{"rendered":"Misi\u00f3n"},"content":{"rendered":"\t\t<div data-elementor-type=\"page\" data-elementor-id=\"205\" class=\"elementor elementor-205\" data-elementor-post-type=\"page\">\n\t\t\t\t<div class=\"elementor-element elementor-element-baade69 e-con-full e-flex e-con e-parent\" data-id=\"baade69\" data-element_type=\"container\" data-settings=\"{&quot;background_background&quot;:&quot;classic&quot;}\">\n\t\t<div class=\"elementor-element elementor-element-45b8c8f e-con-full e-flex e-con e-child\" data-id=\"45b8c8f\" data-element_type=\"container\" data-settings=\"{&quot;background_background&quot;:&quot;classic&quot;}\">\n\t\t<div class=\"elementor-element elementor-element-9e1aaa4 e-flex e-con-boxed e-con e-child\" data-id=\"9e1aaa4\" data-element_type=\"container\">\n\t\t\t\t\t<div class=\"e-con-inner\">\n\t\t\t\t<div class=\"elementor-element elementor-element-7995e14 elementor-widget elementor-widget-spacer\" data-id=\"7995e14\" data-element_type=\"widget\" data-widget_type=\"spacer.default\">\n\t\t\t\t<div class=\"elementor-widget-container\">\n\t\t\t\t\t\t\t<div class=\"elementor-spacer\">\n\t\t\t<div class=\"elementor-spacer-inner\"><\/div>\n\t\t<\/div>\n\t\t\t\t\t\t<\/div>\n\t\t\t\t<\/div>\n\t\t\t\t<div class=\"elementor-element elementor-element-5dc8237 elementor-hidden-mobile elementor-widget elementor-widget-heading\" data-id=\"5dc8237\" data-element_type=\"widget\" data-widget_type=\"heading.default\">\n\t\t\t\t<div class=\"elementor-widget-container\">\n\t\t\t\t\t<h1 class=\"elementor-heading-title elementor-size-default\"><span style=\"font-family: montserrat\">Misi\u00f3n<\/span><\/h1>\t\t\t\t<\/div>\n\t\t\t\t<\/div>\n\t\t\t\t<div class=\"elementor-element elementor-element-ebfda39 elementor-hidden-desktop elementor-hidden-tablet elementor-widget elementor-widget-heading\" data-id=\"ebfda39\" data-element_type=\"widget\" data-widget_type=\"heading.default\">\n\t\t\t\t<div class=\"elementor-widget-container\">\n\t\t\t\t\t<h1 class=\"elementor-heading-title elementor-size-default\"><span style=\"font-family: montserrat\">Misi\u00f3n<\/span><\/h1>\t\t\t\t<\/div>\n\t\t\t\t<\/div>\n\t\t\t\t<div class=\"elementor-element elementor-element-0a8a357 elementor-widget elementor-widget-spacer\" data-id=\"0a8a357\" data-element_type=\"widget\" data-widget_type=\"spacer.default\">\n\t\t\t\t<div class=\"elementor-widget-container\">\n\t\t\t\t\t\t\t<div class=\"elementor-spacer\">\n\t\t\t<div class=\"elementor-spacer-inner\"><\/div>\n\t\t<\/div>\n\t\t\t\t\t\t<\/div>\n\t\t\t\t<\/div>\n\t\t\t\t\t<\/div>\n\t\t\t\t<\/div>\n\t\t\t\t<\/div>\n\t\t<div class=\"elementor-element elementor-element-adb21e1 e-flex e-con-boxed e-con e-child\" data-id=\"adb21e1\" data-element_type=\"container\">\n\t\t\t\t\t<div class=\"e-con-inner\">\n\t\t\t\t<div class=\"elementor-element elementor-element-efb52bd elementor-widget elementor-widget-heading\" data-id=\"efb52bd\" data-element_type=\"widget\" data-widget_type=\"heading.default\">\n\t\t\t\t<div class=\"elementor-widget-container\">\n\t\t\t\t\t<h2 class=\"elementor-heading-title elementor-size-default\"><span style=\"font-family: montserrat\">EN UNA MISI\u00d3N PARA FOMENTAR LA TRANSFORMACI\u00d3N PERSONAL <\/span><\/h2>\t\t\t\t<\/div>\n\t\t\t\t<\/div>\n\t\t\t\t\t<\/div>\n\t\t\t\t<\/div>\n\t\t\t\t<\/div>\n\t\t<div class=\"elementor-element elementor-element-761db528 e-con-full e-flex e-con e-parent\" data-id=\"761db528\" data-element_type=\"container\" data-settings=\"{&quot;background_background&quot;:&quot;classic&quot;}\">\n\t\t<div class=\"elementor-element elementor-element-206e54f2 e-con-full e-flex e-con e-child\" data-id=\"206e54f2\" data-element_type=\"container\">\n\t\t<div class=\"elementor-element elementor-element-3b632e94 e-con-full e-flex e-con e-child\" data-id=\"3b632e94\" data-element_type=\"container\">\n\t\t\t\t<div class=\"elementor-element elementor-element-45201c44 elementor-widget elementor-widget-heading\" data-id=\"45201c44\" data-element_type=\"widget\" data-widget_type=\"heading.default\">\n\t\t\t\t<div class=\"elementor-widget-container\">\n\t\t\t\t\t<h2 class=\"elementor-heading-title elementor-size-default\"><span style=\"font-family: montserrat\">En Dharma Holistika nos dedicamos a cambiar vidas <\/span><\/h2>\t\t\t\t<\/div>\n\t\t\t\t<\/div>\n\t\t\t\t<div class=\"elementor-element elementor-element-dc0591e elementor-widget elementor-widget-heading\" data-id=\"dc0591e\" data-element_type=\"widget\" data-widget_type=\"heading.default\">\n\t\t\t\t<div class=\"elementor-widget-container\">\n\t\t\t\t\t<h2 class=\"elementor-heading-title elementor-size-default\"><span style=\"font-family: montserrat\">\u00a1Manifestemos juntos la vida de sus sue\u00f1os!<\/span><\/h2>\t\t\t\t<\/div>\n\t\t\t\t<\/div>\n\t\t\t\t<div class=\"elementor-element elementor-element-656a8973 elementor-widget elementor-widget-text-editor\" data-id=\"656a8973\" data-element_type=\"widget\" data-widget_type=\"text-editor.default\">\n\t\t\t\t<div class=\"elementor-widget-container\">\n\t\t\t\t\t\t\t\t\t<p><span style=\"font-weight: 400;\">\u00danete a la misi\u00f3n de Gina de empoderar a personas de todo el mundo a trav\u00e9s de eventos presenciales, retiros transformacionales y asesoramiento premium.<br \/><br \/>Libera todo su potencial con su experiencia transformadora.<\/span><\/p>\t\t\t\t\t\t\t\t<\/div>\n\t\t\t\t<\/div>\n\t\t\t\t<div class=\"elementor-element elementor-element-e22fa24 elementor-align-center elementor-widget elementor-widget-button\" data-id=\"e22fa24\" data-element_type=\"widget\" data-widget_type=\"button.default\">\n\t\t\t\t<div class=\"elementor-widget-container\">\n\t\t\t\t\t\t\t\t\t<div class=\"elementor-button-wrapper\">\n\t\t\t\t\t<a class=\"elementor-button elementor-button-link elementor-size-sm\" href=\"https:\/\/dharmaholistika.com\/sobre-dharma-holistika\/\">\n\t\t\t\t\t\t<span class=\"elementor-button-content-wrapper\">\n\t\t\t\t\t\t\t\t\t<span class=\"elementor-button-text\">M\u00e1s informaci\u00f3n<\/span>\n\t\t\t\t\t<\/span>\n\t\t\t\t\t<\/a>\n\t\t\t\t<\/div>\n\t\t\t\t\t\t\t\t<\/div>\n\t\t\t\t<\/div>\n\t\t\t\t<\/div>\n\t\t<div class=\"elementor-element elementor-element-f5dfe91 e-con-full e-flex e-con e-child\" data-id=\"f5dfe91\" data-element_type=\"container\">\n\t\t\t\t<div class=\"elementor-element elementor-element-2405ca9 elementor-widget elementor-widget-image\" data-id=\"2405ca9\" data-element_type=\"widget\" data-widget_type=\"image.default\">\n\t\t\t\t<div class=\"elementor-widget-container\">\n\t\t\t\t\t\t\t\t\t\t\t\t\t\t\t<img fetchpriority=\"high\" decoding=\"async\" width=\"1024\" height=\"684\" src=\"https:\/\/dharmaholistika.com\/wp-content\/uploads\/2024\/01\/tulum-fondo2-1024x684.jpg\" class=\"attachment-large size-large wp-image-4434\" alt=\"\" srcset=\"https:\/\/dharmaholistika.com\/wp-content\/uploads\/2024\/01\/tulum-fondo2-1024x684.jpg 1024w, https:\/\/dharmaholistika.com\/wp-content\/uploads\/2024\/01\/tulum-fondo2-300x200.jpg 300w, https:\/\/dharmaholistika.com\/wp-content\/uploads\/2024\/01\/tulum-fondo2-768x513.jpg 768w, https:\/\/dharmaholistika.com\/wp-content\/uploads\/2024\/01\/tulum-fondo2-1536x1026.jpg 1536w, https:\/\/dharmaholistika.com\/wp-content\/uploads\/2024\/01\/tulum-fondo2-600x401.jpg 600w, https:\/\/dharmaholistika.com\/wp-content\/uploads\/2024\/01\/tulum-fondo2.jpg 1920w\" sizes=\"(max-width: 1024px) 100vw, 1024px\" \/>\t\t\t\t\t\t\t\t\t\t\t\t\t\t\t<\/div>\n\t\t\t\t<\/div>\n\t\t\t\t<\/div>\n\t\t\t\t<\/div>\n\t\t\t\t<\/div>\n\t\t<div class=\"elementor-element elementor-element-8325181 e-con-full e-flex e-con e-parent\" data-id=\"8325181\" data-element_type=\"container\" data-settings=\"{&quot;background_background&quot;:&quot;classic&quot;}\">\n\t\t<div class=\"elementor-element elementor-element-8d9c295 e-con-full e-flex e-con e-child\" data-id=\"8d9c295\" data-element_type=\"container\">\n\t\t<div class=\"elementor-element elementor-element-c31d759 e-con-full e-flex e-con e-child\" data-id=\"c31d759\" data-element_type=\"container\">\n\t\t\t\t<div class=\"elementor-element elementor-element-2e3256c elementor-widget elementor-widget-image\" data-id=\"2e3256c\" data-element_type=\"widget\" data-widget_type=\"image.default\">\n\t\t\t\t<div class=\"elementor-widget-container\">\n\t\t\t\t\t\t\t\t\t\t\t\t\t\t\t<img decoding=\"async\" width=\"1024\" height=\"837\" data-src=\"https:\/\/dharmaholistika.com\/wp-content\/uploads\/2023\/11\/gina-tinajero-1024x837.jpg\" class=\"attachment-large size-large wp-image-1650 lazyload\" alt=\"Retiro Awaken Your Essence Gina Tinajero\" data-srcset=\"https:\/\/dharmaholistika.com\/wp-content\/uploads\/2023\/11\/gina-tinajero-1024x837.jpg 1024w, https:\/\/dharmaholistika.com\/wp-content\/uploads\/2023\/11\/gina-tinajero-600x490.jpg 600w, https:\/\/dharmaholistika.com\/wp-content\/uploads\/2023\/11\/gina-tinajero-300x245.jpg 300w, https:\/\/dharmaholistika.com\/wp-content\/uploads\/2023\/11\/gina-tinajero-768x628.jpg 768w, https:\/\/dharmaholistika.com\/wp-content\/uploads\/2023\/11\/gina-tinajero.jpg 1461w\" data-sizes=\"(max-width: 1024px) 100vw, 1024px\" src=\"data:image\/gif;base64,R0lGODlhAQABAAAAACH5BAEKAAEALAAAAAABAAEAAAICTAEAOw==\" style=\"--smush-placeholder-width: 1024px; --smush-placeholder-aspect-ratio: 1024\/837;\" \/>\t\t\t\t\t\t\t\t\t\t\t\t\t\t\t<\/div>\n\t\t\t\t<\/div>\n\t\t\t\t<\/div>\n\t\t<div class=\"elementor-element elementor-element-c99c804 e-con-full e-flex e-con e-child\" data-id=\"c99c804\" data-element_type=\"container\">\n\t\t\t\t<div class=\"elementor-element elementor-element-8ada56d elementor-widget elementor-widget-heading\" data-id=\"8ada56d\" data-element_type=\"widget\" data-widget_type=\"heading.default\">\n\t\t\t\t<div class=\"elementor-widget-container\">\n\t\t\t\t\t<h2 class=\"elementor-heading-title elementor-size-default\"><span style=\"font-family: montserrat\">Sobre Gina Tinajero<\/span><\/h2>\t\t\t\t<\/div>\n\t\t\t\t<\/div>\n\t\t\t\t<div class=\"elementor-element elementor-element-f3fa9f6 elementor-hidden-mobile elementor-widget elementor-widget-spacer\" data-id=\"f3fa9f6\" data-element_type=\"widget\" data-widget_type=\"spacer.default\">\n\t\t\t\t<div class=\"elementor-widget-container\">\n\t\t\t\t\t\t\t<div class=\"elementor-spacer\">\n\t\t\t<div class=\"elementor-spacer-inner\"><\/div>\n\t\t<\/div>\n\t\t\t\t\t\t<\/div>\n\t\t\t\t<\/div>\n\t\t\t\t<div class=\"elementor-element elementor-element-046db8f elementor-widget elementor-widget-text-editor\" data-id=\"046db8f\" data-element_type=\"widget\" data-widget_type=\"text-editor.default\">\n\t\t\t\t<div class=\"elementor-widget-container\">\n\t\t\t\t\t\t\t\t\t<p><span style=\"font-weight: 400;\">Soy una mujer dedicada al servicio de todos, con un papel fundamental como mediadora, comunicadora y sanadora. Me convierto en un canal de informaci\u00f3n que se centra en la autosanaci\u00f3n y el bienestar. A lo largo de los a\u00f1os, he dedicado tiempo al estudio y la pr\u00e1ctica de diversas t\u00e9cnicas, especializ\u00e1ndome en desintoxicaci\u00f3n integral y regeneraci\u00f3n celular, lo que me ha permitido acceder a niveles de energ\u00eda y conciencia que trascienden lo convencional.<\/span><\/p>\t\t\t\t\t\t\t\t<\/div>\n\t\t\t\t<\/div>\n\t\t\t\t<div class=\"elementor-element elementor-element-b52eda8 elementor-widget elementor-widget-heading\" data-id=\"b52eda8\" data-element_type=\"widget\" data-widget_type=\"heading.default\">\n\t\t\t\t<div class=\"elementor-widget-container\">\n\t\t\t\t\t<h2 class=\"elementor-heading-title elementor-size-default\"><span style=\"font-family: montserrat\">\u00bfDeseas cambiar tu vida?\n<\/span><\/h2>\t\t\t\t<\/div>\n\t\t\t\t<\/div>\n\t\t\t\t<div class=\"elementor-element elementor-element-9bb5565 elementor-align-center elementor-widget elementor-widget-button\" data-id=\"9bb5565\" data-element_type=\"widget\" data-widget_type=\"button.default\">\n\t\t\t\t<div class=\"elementor-widget-container\">\n\t\t\t\t\t\t\t\t\t<div class=\"elementor-button-wrapper\">\n\t\t\t\t\t<a class=\"elementor-button elementor-button-link elementor-size-sm\" href=\"https:\/\/dharmaholistika.com\/sobre-gina-tinajero\/\">\n\t\t\t\t\t\t<span class=\"elementor-button-content-wrapper\">\n\t\t\t\t\t\t\t\t\t<span class=\"elementor-button-text\">Conoce m\u00e1s de mi trabajo<\/span>\n\t\t\t\t\t<\/span>\n\t\t\t\t\t<\/a>\n\t\t\t\t<\/div>\n\t\t\t\t\t\t\t\t<\/div>\n\t\t\t\t<\/div>\n\t\t\t\t<\/div>\n\t\t\t\t<\/div>\n\t\t\t\t<\/div>\n\t\t<div class=\"elementor-element elementor-element-f97d233 e-flex e-con-boxed e-con e-parent\" data-id=\"f97d233\" data-element_type=\"container\" data-settings=\"{&quot;background_background&quot;:&quot;classic&quot;}\">\n\t\t\t\t\t<div class=\"e-con-inner\">\n\t\t<div class=\"elementor-element elementor-element-ea5cc37 e-con-full e-flex e-con e-child\" data-id=\"ea5cc37\" data-element_type=\"container\">\n\t\t<div class=\"elementor-element elementor-element-c948ebb e-con-full e-flex e-con e-child\" data-id=\"c948ebb\" data-element_type=\"container\">\n\t\t\t\t<div class=\"elementor-element elementor-element-b6a2ff2 elementor-widget elementor-widget-heading\" data-id=\"b6a2ff2\" data-element_type=\"widget\" data-widget_type=\"heading.default\">\n\t\t\t\t<div class=\"elementor-widget-container\">\n\t\t\t\t\t<p class=\"elementor-heading-title elementor-size-default\">\u00danete a nuestra comunidad hol\u00edstica<\/p>\t\t\t\t<\/div>\n\t\t\t\t<\/div>\n\t\t\t\t<div class=\"elementor-element elementor-element-3529616 elementor-widget elementor-widget-score-cf7\" data-id=\"3529616\" data-element_type=\"widget\" data-widget_type=\"score-cf7.default\">\n\t\t\t\t<div class=\"elementor-widget-container\">\n\t\t\t\t\t\n<div class=\"wpcf7 no-js\" id=\"wpcf7-f73-o1\" lang=\"en-US\" dir=\"ltr\" data-wpcf7-id=\"73\">\n<div class=\"screen-reader-response\"><p role=\"status\" aria-live=\"polite\" aria-atomic=\"true\"><\/p> <ul><\/ul><\/div>\n<form action=\"\/es\/wp-json\/wp\/v2\/pages\/205#wpcf7-f73-o1\" method=\"post\" class=\"wpcf7-form init\" aria-label=\"Contact form\" novalidate=\"novalidate\" data-status=\"init\">\n<div style=\"display: none;\">\n<input type=\"hidden\" name=\"_wpcf7\" value=\"73\" \/>\n<input type=\"hidden\" name=\"_wpcf7_version\" value=\"6.0.6\" \/>\n<input type=\"hidden\" name=\"_wpcf7_locale\" value=\"en_US\" \/>\n<input type=\"hidden\" name=\"_wpcf7_unit_tag\" value=\"wpcf7-f73-o1\" \/>\n<input type=\"hidden\" name=\"_wpcf7_container_post\" value=\"0\" \/>\n<input type=\"hidden\" name=\"_wpcf7_posted_data_hash\" value=\"\" \/>\n<\/div>\n<p><span class=\"wpcf7-form-control-wrap\" data-name=\"your-name\"><input size=\"40\" maxlength=\"400\" class=\"wpcf7-form-control wpcf7-text wpcf7-validates-as-required\" aria-required=\"true\" aria-invalid=\"false\" placeholder=\"Nombre\" value=\"\" type=\"text\" name=\"your-name\" \/><\/span>\n<\/p>\n<p><span class=\"wpcf7-form-control-wrap\" data-name=\"your-email\"><input size=\"40\" maxlength=\"400\" class=\"wpcf7-form-control wpcf7-email wpcf7-validates-as-required wpcf7-text wpcf7-validates-as-email\" aria-required=\"true\" aria-invalid=\"false\" placeholder=\"Correo Electr\u00f3nico\" value=\"\" type=\"email\" name=\"your-email\" \/><\/span>\n<\/p>\n<p><input class=\"wpcf7-form-control wpcf7-submit has-spinner button-block\" type=\"submit\" value=\"Subscribirse\" \/>\n<\/p><div class=\"wpcf7-response-output\" aria-hidden=\"true\"><\/div>\n<\/form>\n<\/div>\n\t\t\t\t<\/div>\n\t\t\t\t<\/div>\n\t\t\t\t<\/div>\n\t\t\t\t<\/div>\n\t\t\t\t\t<\/div>\n\t\t\t\t<\/div>\n\t\t\t\t<\/div>\n\t\t","protected":false},"excerpt":{"rendered":"<p>Misi\u00f3n Misi\u00f3n EN UNA MISI\u00d3N PARA FOMENTAR LA TRANSFORMACI\u00d3N PERSONAL En Dharma Holistika nos dedicamos a cambiar vidas \u00a1Manifestemos juntos la vida de sus sue\u00f1os! \u00danete a la misi\u00f3n de [&hellip;]<\/p>\n","protected":false},"author":1,"featured_media":0,"parent":0,"menu_order":0,"comment_status":"closed","ping_status":"closed","template":"elementor_header_footer","meta":{"_monsterinsights_skip_tracking":false,"_monsterinsights_sitenote_active":false,"_monsterinsights_sitenote_note":"","_monsterinsights_sitenote_category":0,"_joinchat":[],"footnotes":""},"class_list":["post-205","page","type-page","status-publish","hentry"],"yoast_head":"<!-- This site is optimized with the Yoast SEO Premium plugin v20.8 (Yoast SEO v24.5) - https:\/\/yoast.com\/wordpress\/plugins\/seo\/ -->\n<title>Misi\u00f3n | Dharma Holistika<\/title>\n<meta name=\"robots\" content=\"index, follow, max-snippet:-1, max-image-preview:large, max-video-preview:-1\" \/>\n<link rel=\"canonical\" href=\"https:\/\/dharmaholistika.com\/es\/mision\/\" \/>\n<meta property=\"og:locale\" content=\"es_ES\" \/>\n<meta property=\"og:type\" content=\"article\" \/>\n<meta property=\"og:title\" content=\"Misi\u00f3n\" \/>\n<meta property=\"og:description\" content=\"Misi\u00f3n Misi\u00f3n EN UNA MISI\u00d3N PARA FOMENTAR LA TRANSFORMACI\u00d3N PERSONAL En Dharma Holistika nos dedicamos a cambiar vidas \u00a1Manifestemos juntos la vida de sus sue\u00f1os! \u00danete a la misi\u00f3n de [&hellip;]\" \/>\n<meta property=\"og:url\" content=\"https:\/\/dharmaholistika.com\/es\/mision\/\" \/>\n<meta property=\"og:site_name\" content=\"Dharma Holistika\" \/>\n<meta property=\"article:publisher\" content=\"https:\/\/www.facebook.com\/dharmaholistika\" \/>\n<meta property=\"article:modified_time\" content=\"2024-11-08T18:53:20+00:00\" \/>\n<meta property=\"og:image\" content=\"https:\/\/dharmaholistika.com\/wp-content\/uploads\/2024\/01\/tulum-fondo2-1024x684.jpg\" \/>\n<meta name=\"twitter:card\" content=\"summary_large_image\" \/>\n<script type=\"application\/ld+json\" class=\"yoast-schema-graph\">{\"@context\":\"https:\/\/schema.org\",\"@graph\":[{\"@type\":\"WebPage\",\"@id\":\"https:\/\/dharmaholistika.com\/es\/mision\/\",\"url\":\"https:\/\/dharmaholistika.com\/es\/mision\/\",\"name\":\"Misi\u00f3n | Dharma Holistika\",\"isPartOf\":{\"@id\":\"https:\/\/dharmaholistika.com\/#website\"},\"primaryImageOfPage\":{\"@id\":\"https:\/\/dharmaholistika.com\/es\/mision\/#primaryimage\"},\"image\":{\"@id\":\"https:\/\/dharmaholistika.com\/es\/mision\/#primaryimage\"},\"thumbnailUrl\":\"https:\/\/dharmaholistika.com\/wp-content\/uploads\/2024\/01\/tulum-fondo2-1024x684.jpg\",\"datePublished\":\"2023-10-21T02:34:08+00:00\",\"dateModified\":\"2024-11-08T18:53:20+00:00\",\"breadcrumb\":{\"@id\":\"https:\/\/dharmaholistika.com\/es\/mision\/#breadcrumb\"},\"inLanguage\":\"es\",\"potentialAction\":[{\"@type\":\"ReadAction\",\"target\":[\"https:\/\/dharmaholistika.com\/es\/mision\/\"]}]},{\"@type\":\"ImageObject\",\"inLanguage\":\"es\",\"@id\":\"https:\/\/dharmaholistika.com\/es\/mision\/#primaryimage\",\"url\":\"https:\/\/dharmaholistika.com\/wp-content\/uploads\/2024\/01\/tulum-fondo2-1024x684.jpg\",\"contentUrl\":\"https:\/\/dharmaholistika.com\/wp-content\/uploads\/2024\/01\/tulum-fondo2-1024x684.jpg\"},{\"@type\":\"BreadcrumbList\",\"@id\":\"https:\/\/dharmaholistika.com\/es\/mision\/#breadcrumb\",\"itemListElement\":[{\"@type\":\"ListItem\",\"position\":1,\"name\":\"Home\",\"item\":\"https:\/\/dharmaholistika.com\/es\/\"},{\"@type\":\"ListItem\",\"position\":2,\"name\":\"Misi\u00f3n\"}]},{\"@type\":\"WebSite\",\"@id\":\"https:\/\/dharmaholistika.com\/#website\",\"url\":\"https:\/\/dharmaholistika.com\/\",\"name\":\"Dharma Holistika\",\"description\":\"Transforma tu realidad\",\"publisher\":{\"@id\":\"https:\/\/dharmaholistika.com\/#organization\"},\"potentialAction\":[{\"@type\":\"SearchAction\",\"target\":{\"@type\":\"EntryPoint\",\"urlTemplate\":\"https:\/\/dharmaholistika.com\/?s={search_term_string}\"},\"query-input\":{\"@type\":\"PropertyValueSpecification\",\"valueRequired\":true,\"valueName\":\"search_term_string\"}}],\"inLanguage\":\"es\"},{\"@type\":\"Organization\",\"@id\":\"https:\/\/dharmaholistika.com\/#organization\",\"name\":\"Dharma Holistika\",\"url\":\"https:\/\/dharmaholistika.com\/\",\"logo\":{\"@type\":\"ImageObject\",\"inLanguage\":\"es\",\"@id\":\"https:\/\/dharmaholistika.com\/#\/schema\/logo\/image\/\",\"url\":\"https:\/\/dharmaholistika.com\/wp-content\/uploads\/2023\/12\/Logo-dharma.png\",\"contentUrl\":\"https:\/\/dharmaholistika.com\/wp-content\/uploads\/2023\/12\/Logo-dharma.png\",\"width\":1531,\"height\":396,\"caption\":\"Dharma Holistika\"},\"image\":{\"@id\":\"https:\/\/dharmaholistika.com\/#\/schema\/logo\/image\/\"},\"sameAs\":[\"https:\/\/www.facebook.com\/dharmaholistika\",\"https:\/\/www.instagram.com\/dharmaholistika\/\"]}]}<\/script>\n<!-- \/ Yoast SEO Premium plugin. -->","yoast_head_json":{"title":"Misi\u00f3n | Dharma Holistika","robots":{"index":"index","follow":"follow","max-snippet":"max-snippet:-1","max-image-preview":"max-image-preview:large","max-video-preview":"max-video-preview:-1"},"canonical":"https:\/\/dharmaholistika.com\/es\/mision\/","og_locale":"es_ES","og_type":"article","og_title":"Misi\u00f3n","og_description":"Misi\u00f3n Misi\u00f3n EN UNA MISI\u00d3N PARA FOMENTAR LA TRANSFORMACI\u00d3N PERSONAL En Dharma Holistika nos dedicamos a cambiar vidas \u00a1Manifestemos juntos la vida de sus sue\u00f1os! \u00danete a la misi\u00f3n de [&hellip;]","og_url":"https:\/\/dharmaholistika.com\/es\/mision\/","og_site_name":"Dharma Holistika","article_publisher":"https:\/\/www.facebook.com\/dharmaholistika","article_modified_time":"2024-11-08T18:53:20+00:00","og_image":[{"url":"https:\/\/dharmaholistika.com\/wp-content\/uploads\/2024\/01\/tulum-fondo2-1024x684.jpg","type":"","width":"","height":""}],"twitter_card":"summary_large_image","schema":{"@context":"https:\/\/schema.org","@graph":[{"@type":"WebPage","@id":"https:\/\/dharmaholistika.com\/es\/mision\/","url":"https:\/\/dharmaholistika.com\/es\/mision\/","name":"Misi\u00f3n | Dharma Holistika","isPartOf":{"@id":"https:\/\/dharmaholistika.com\/#website"},"primaryImageOfPage":{"@id":"https:\/\/dharmaholistika.com\/es\/mision\/#primaryimage"},"image":{"@id":"https:\/\/dharmaholistika.com\/es\/mision\/#primaryimage"},"thumbnailUrl":"https:\/\/dharmaholistika.com\/wp-content\/uploads\/2024\/01\/tulum-fondo2-1024x684.jpg","datePublished":"2023-10-21T02:34:08+00:00","dateModified":"2024-11-08T18:53:20+00:00","breadcrumb":{"@id":"https:\/\/dharmaholistika.com\/es\/mision\/#breadcrumb"},"inLanguage":"es","potentialAction":[{"@type":"ReadAction","target":["https:\/\/dharmaholistika.com\/es\/mision\/"]}]},{"@type":"ImageObject","inLanguage":"es","@id":"https:\/\/dharmaholistika.com\/es\/mision\/#primaryimage","url":"https:\/\/dharmaholistika.com\/wp-content\/uploads\/2024\/01\/tulum-fondo2-1024x684.jpg","contentUrl":"https:\/\/dharmaholistika.com\/wp-content\/uploads\/2024\/01\/tulum-fondo2-1024x684.jpg"},{"@type":"BreadcrumbList","@id":"https:\/\/dharmaholistika.com\/es\/mision\/#breadcrumb","itemListElement":[{"@type":"ListItem","position":1,"name":"Home","item":"https:\/\/dharmaholistika.com\/es\/"},{"@type":"ListItem","position":2,"name":"Misi\u00f3n"}]},{"@type":"WebSite","@id":"https:\/\/dharmaholistika.com\/#website","url":"https:\/\/dharmaholistika.com\/","name":"Dharma Holistika","description":"Transforma tu realidad","publisher":{"@id":"https:\/\/dharmaholistika.com\/#organization"},"potentialAction":[{"@type":"SearchAction","target":{"@type":"EntryPoint","urlTemplate":"https:\/\/dharmaholistika.com\/?s={search_term_string}"},"query-input":{"@type":"PropertyValueSpecification","valueRequired":true,"valueName":"search_term_string"}}],"inLanguage":"es"},{"@type":"Organization","@id":"https:\/\/dharmaholistika.com\/#organization","name":"Dharma Holistika","url":"https:\/\/dharmaholistika.com\/","logo":{"@type":"ImageObject","inLanguage":"es","@id":"https:\/\/dharmaholistika.com\/#\/schema\/logo\/image\/","url":"https:\/\/dharmaholistika.com\/wp-content\/uploads\/2023\/12\/Logo-dharma.png","contentUrl":"https:\/\/dharmaholistika.com\/wp-content\/uploads\/2023\/12\/Logo-dharma.png","width":1531,"height":396,"caption":"Dharma Holistika"},"image":{"@id":"https:\/\/dharmaholistika.com\/#\/schema\/logo\/image\/"},"sameAs":["https:\/\/www.facebook.com\/dharmaholistika","https:\/\/www.instagram.com\/dharmaholistika\/"]}]}},"_links":{"self":[{"href":"https:\/\/dharmaholistika.com\/es\/wp-json\/wp\/v2\/pages\/205","targetHints":{"allow":["GET"]}}],"collection":[{"href":"https:\/\/dharmaholistika.com\/es\/wp-json\/wp\/v2\/pages"}],"about":[{"href":"https:\/\/dharmaholistika.com\/es\/wp-json\/wp\/v2\/types\/page"}],"author":[{"embeddable":true,"href":"https:\/\/dharmaholistika.com\/es\/wp-json\/wp\/v2\/users\/1"}],"replies":[{"embeddable":true,"href":"https:\/\/dharmaholistika.com\/es\/wp-json\/wp\/v2\/comments?post=205"}],"version-history":[{"count":81,"href":"https:\/\/dharmaholistika.com\/es\/wp-json\/wp\/v2\/pages\/205\/revisions"}],"predecessor-version":[{"id":6312,"href":"https:\/\/dharmaholistika.com\/es\/wp-json\/wp\/v2\/pages\/205\/revisions\/6312"}],"wp:attachment":[{"href":"https:\/\/dharmaholistika.com\/es\/wp-json\/wp\/v2\/media?parent=205"}],"curies":[{"name":"wp","href":"https:\/\/api.w.org\/{rel}","templated":true}]}}