{"id":3189,"date":"2023-12-01T13:02:03","date_gmt":"2023-12-01T21:02:03","guid":{"rendered":"https:\/\/dharmaholistika.com\/?page_id=3189"},"modified":"2024-01-25T10:16:22","modified_gmt":"2024-01-25T18:16:22","slug":"reservacion-peru-habitacion-privada","status":"publish","type":"page","link":"https:\/\/dharmaholistika.com\/es\/reservacion-peru-habitacion-privada\/","title":{"rendered":"Reservaci\u00f3n Habitaci\u00f3n Privada"},"content":{"rendered":"\t\t<div data-elementor-type=\"wp-page\" data-elementor-id=\"3189\" class=\"elementor elementor-3189\" data-elementor-post-type=\"page\">\n\t\t\t\t<div class=\"elementor-element elementor-element-f53f8f6 e-flex e-con-boxed e-con e-parent\" data-id=\"f53f8f6\" data-element_type=\"container\">\n\t\t\t\t\t<div class=\"e-con-inner\">\n\t\t<div class=\"elementor-element elementor-element-f568698 e-con-full e-flex e-con e-child\" data-id=\"f568698\" data-element_type=\"container\">\n\t\t\t\t<div class=\"elementor-element elementor-element-e6575d2 elementor-widget elementor-widget-heading\" data-id=\"e6575d2\" data-element_type=\"widget\" data-widget_type=\"heading.default\">\n\t\t\t\t<div class=\"elementor-widget-container\">\n\t\t\t\t\t<p class=\"elementor-heading-title elementor-size-default\">Selecciona la opci\u00f3n de tu preferencia para que puedas <br>reservar tu cupo en el retiro PER\u00da M\u00c1GICO<\/p>\t\t\t\t<\/div>\n\t\t\t\t<\/div>\n\t\t\t\t<\/div>\n\t\t\t\t\t<\/div>\n\t\t\t\t<\/div>\n\t\t<div class=\"elementor-element elementor-element-e29f3c1 e-con-full e-flex e-con e-parent\" data-id=\"e29f3c1\" data-element_type=\"container\">\n\t\t<div class=\"elementor-element elementor-element-dea8d68 e-flex e-con-boxed e-con e-child\" data-id=\"dea8d68\" data-element_type=\"container\">\n\t\t\t\t\t<div class=\"e-con-inner\">\n\t\t<div class=\"elementor-element elementor-element-19151d6 e-con-full elementor-hidden-mobile e-flex e-con e-child\" data-id=\"19151d6\" data-element_type=\"container\">\n\t\t\t\t<\/div>\n\t\t<div class=\"elementor-element elementor-element-3aa1a7b e-con-full e-flex e-con e-child\" data-id=\"3aa1a7b\" data-element_type=\"container\">\n\t\t\t\t<div class=\"elementor-element elementor-element-c2eeb60 elementor-grid-1 elementor-product-loop-item--align-center elementor-grid-tablet-1 elementor-product-loop-item--align-center elementor-grid-mobile-2 elementor-products-grid elementor-wc-products elementor-widget elementor-widget-woocommerce-products\" data-id=\"c2eeb60\" data-element_type=\"widget\" data-widget_type=\"woocommerce-products.default\">\n\t\t\t\t<div class=\"elementor-widget-container\">\n\t\t\t\t\t<div class=\"woocommerce columns-1 \"><ul class=\"products elementor-grid columns-1\">\n<li class=\"product type-product post-2878 status-publish first instock product_cat-retiro-peru has-post-thumbnail shipping-taxable purchasable product-type-variable\">\n\t\t\t<div class=\"product-body\">\n\t\t\t<div class=\"product-thumb\">\n\t\t<a href=\"https:\/\/dharmaholistika.com\/es\/producto\/pago-inicial-peru-reserva\/\" class=\"woocommerce-LoopProduct-link woocommerce-loop-product__link\"><img fetchpriority=\"high\" decoding=\"async\" width=\"300\" height=\"300\" src=\"https:\/\/dharmaholistika.com\/wp-content\/uploads\/2024\/01\/peru-slider-movil-300x300.jpg\" class=\"attachment-woocommerce_thumbnail size-woocommerce_thumbnail\" alt=\"\" srcset=\"https:\/\/dharmaholistika.com\/wp-content\/uploads\/2024\/01\/peru-slider-movil-300x300.jpg 300w, https:\/\/dharmaholistika.com\/wp-content\/uploads\/2024\/01\/peru-slider-movil-1024x1024.jpg 1024w, https:\/\/dharmaholistika.com\/wp-content\/uploads\/2024\/01\/peru-slider-movil-150x150.jpg 150w, https:\/\/dharmaholistika.com\/wp-content\/uploads\/2024\/01\/peru-slider-movil-768x768.jpg 768w, https:\/\/dharmaholistika.com\/wp-content\/uploads\/2024\/01\/peru-slider-movil-600x600.jpg 600w, https:\/\/dharmaholistika.com\/wp-content\/uploads\/2024\/01\/peru-slider-movil-100x100.jpg 100w, https:\/\/dharmaholistika.com\/wp-content\/uploads\/2024\/01\/peru-slider-movil.jpg 1152w\" sizes=\"(max-width: 300px) 100vw, 300px\" \/>\t\t<\/a>\n\t\t<\/div>\n\t\t<div class=\"product-info\">\n\t\t<h3 class=\"product-title\"><a href=\"https:\/\/dharmaholistika.com\/es\/producto\/pago-inicial-peru-reserva\/\" class=\"woocommerce-LoopProduct-link woocommerce-loop-product__link\">Pago Inicial<\/a><\/h3><div class=\"product-meta\">\n\t<span class=\"price\"><span class=\"woocommerce-Price-amount amount\"><bdi><span class=\"woocommerce-Price-currencySymbol\">&#36;<\/span>1,000.00<\/bdi><\/span><\/span>\n\t\t\t\t<\/div>\n\t\t\t\t<div class=\"product-buttons\">\n\t\t\t\t\t<a href=\"https:\/\/dharmaholistika.com\/es\/producto\/pago-inicial-peru-reserva\/\" aria-describedby=\"woocommerce_loop_add_to_cart_link_describedby_2878\" data-quantity=\"1\" class=\"button product_type_variable add_to_cart_button\" data-product_id=\"2878\" data-product_sku=\"\" aria-label=\"Elige las opciones para &ldquo;Pago Inicial&rdquo;\" rel=\"nofollow\"><i class=\"shine-icon-plus\" aria-hidden=\"true\"><\/i><span class=\"text\">Seleccionar opciones<\/span><span class=\"spinner\"><\/span><\/a>\t<span id=\"woocommerce_loop_add_to_cart_link_describedby_2878\" class=\"screen-reader-text\">\n\t\tEste producto tiene m\u00faltiples variantes. Las opciones se pueden elegir en la p\u00e1gina de producto\t<\/span>\n\t\t\t\t<\/div>\n\t\t\t<\/div>\n\t\t<\/div>\n\t\t<\/li>\n<\/ul>\n<\/div>\t\t\t\t<\/div>\n\t\t\t\t<\/div>\n\t\t\t\t<\/div>\n\t\t<div class=\"elementor-element elementor-element-174b9bb e-con-full e-flex e-con e-child\" data-id=\"174b9bb\" data-element_type=\"container\">\n\t\t\t\t<div class=\"elementor-element elementor-element-23f7ab6 elementor-grid-1 elementor-product-loop-item--align-center elementor-grid-tablet-1 elementor-product-loop-item--align-center elementor-grid-mobile-2 elementor-products-grid elementor-wc-products elementor-widget elementor-widget-woocommerce-products\" data-id=\"23f7ab6\" data-element_type=\"widget\" data-widget_type=\"woocommerce-products.default\">\n\t\t\t\t<div class=\"elementor-widget-container\">\n\t\t\t\t\t<div class=\"woocommerce columns-1 \"><ul class=\"products elementor-grid columns-1\">\n<li class=\"product type-product post-2876 status-publish first instock product_cat-habitaciones-peru has-post-thumbnail shipping-taxable purchasable product-type-simple\">\n\t\t\t<div class=\"product-body\">\n\t\t\t<div class=\"product-thumb\">\n\t\t<a href=\"https:\/\/dharmaholistika.com\/es\/producto\/pago-completo-en-habitacion-privada\/\" class=\"woocommerce-LoopProduct-link woocommerce-loop-product__link\"><img decoding=\"async\" width=\"300\" height=\"300\" data-src=\"https:\/\/dharmaholistika.com\/wp-content\/uploads\/2023\/11\/habitacion-privada-peru2-300x300.jpg\" class=\"attachment-woocommerce_thumbnail size-woocommerce_thumbnail lazyload\" alt=\"\" data-srcset=\"https:\/\/dharmaholistika.com\/wp-content\/uploads\/2023\/11\/habitacion-privada-peru2-300x300.jpg 300w, https:\/\/dharmaholistika.com\/wp-content\/uploads\/2023\/11\/habitacion-privada-peru2-150x150.jpg 150w, https:\/\/dharmaholistika.com\/wp-content\/uploads\/2023\/11\/habitacion-privada-peru2-768x768.jpg 768w, https:\/\/dharmaholistika.com\/wp-content\/uploads\/2023\/11\/habitacion-privada-peru2-600x600.jpg 600w, https:\/\/dharmaholistika.com\/wp-content\/uploads\/2023\/11\/habitacion-privada-peru2-100x100.jpg 100w, https:\/\/dharmaholistika.com\/wp-content\/uploads\/2023\/11\/habitacion-privada-peru2.jpg 800w\" data-sizes=\"(max-width: 300px) 100vw, 300px\" src=\"data:image\/gif;base64,R0lGODlhAQABAAAAACH5BAEKAAEALAAAAAABAAEAAAICTAEAOw==\" style=\"--smush-placeholder-width: 300px; --smush-placeholder-aspect-ratio: 300\/300;\" \/>\t\t<\/a>\n\t\t<\/div>\n\t\t<div class=\"product-info\">\n\t\t<h3 class=\"product-title\"><a href=\"https:\/\/dharmaholistika.com\/es\/producto\/pago-completo-en-habitacion-privada\/\" class=\"woocommerce-LoopProduct-link woocommerce-loop-product__link\">Pago completo en Habitaci\u00f3n privada<\/a><\/h3><div class=\"product-meta\">\n\t<span class=\"price\"><span class=\"woocommerce-Price-amount amount\"><bdi><span class=\"woocommerce-Price-currencySymbol\">&#36;<\/span>5,400.00<\/bdi><\/span><\/span>\n\t\t\t\t<\/div>\n\t\t\t\t<div class=\"product-buttons\">\n\t\t\t\t\t<a href=\"?add-to-cart=2876\" aria-describedby=\"woocommerce_loop_add_to_cart_link_describedby_2876\" data-quantity=\"1\" class=\"button product_type_simple add_to_cart_button ajax_add_to_cart\" data-product_id=\"2876\" data-product_sku=\"\" aria-label=\"A\u00f1adir al carrito: &ldquo;Pago completo en Habitaci\u00f3n privada&rdquo;\" rel=\"nofollow\" data-success_message=\"\u00abPago completo en Habitaci\u00f3n privada\u00bb se ha a\u00f1adido a tu carrito\"><i class=\"shine-icon-plus\" aria-hidden=\"true\"><\/i><span class=\"text\">A\u00f1adir al carrito<\/span><span class=\"spinner\"><\/span><\/a>\t<span id=\"woocommerce_loop_add_to_cart_link_describedby_2876\" class=\"screen-reader-text\">\n\t\t\t<\/span>\n\t\t\t\t<\/div>\n\t\t\t<\/div>\n\t\t<\/div>\n\t\t<\/li>\n<\/ul>\n<\/div>\t\t\t\t<\/div>\n\t\t\t\t<\/div>\n\t\t\t\t<\/div>\n\t\t<div class=\"elementor-element elementor-element-0631a24 e-flex e-con-boxed e-con e-child\" data-id=\"0631a24\" data-element_type=\"container\">\n\t\t\t\t\t<div class=\"e-con-inner\">\n\t\t\t\t\t<\/div>\n\t\t\t\t<\/div>\n\t\t\t\t\t<\/div>\n\t\t\t\t<\/div>\n\t\t\t\t<\/div>\n\t\t\t\t<\/div>\n\t\t","protected":false},"excerpt":{"rendered":"<p>Selecciona la opci\u00f3n de tu preferencia para que puedas reservar tu cupo en el retiro PER\u00da M\u00c1GICO<\/p>\n","protected":false},"author":2,"featured_media":0,"parent":0,"menu_order":0,"comment_status":"closed","ping_status":"closed","template":"elementor_header_footer","meta":{"_monsterinsights_skip_tracking":false,"_monsterinsights_sitenote_active":false,"_monsterinsights_sitenote_note":"","_monsterinsights_sitenote_category":0,"_joinchat":[],"footnotes":""},"class_list":["post-3189","page","type-page","status-publish","hentry"],"yoast_head":"<!-- This site is optimized with the Yoast SEO Premium plugin v20.8 (Yoast SEO v24.5) - https:\/\/yoast.com\/wordpress\/plugins\/seo\/ -->\n<title>Reservaci\u00f3n Habitaci\u00f3n Privada | Dharma Holistika<\/title>\n<meta name=\"robots\" content=\"index, follow, max-snippet:-1, max-image-preview:large, max-video-preview:-1\" \/>\n<link rel=\"canonical\" href=\"https:\/\/dharmaholistika.com\/es\/reservacion-peru-habitacion-privada\/\" \/>\n<meta property=\"og:locale\" content=\"es_ES\" \/>\n<meta property=\"og:type\" content=\"article\" \/>\n<meta property=\"og:title\" content=\"Reservaci\u00f3n Habitaci\u00f3n Privada\" \/>\n<meta property=\"og:description\" content=\"Selecciona la opci\u00f3n de tu preferencia para que puedas reservar tu cupo en el retiro PER\u00da M\u00c1GICO\" \/>\n<meta property=\"og:url\" content=\"https:\/\/dharmaholistika.com\/es\/reservacion-peru-habitacion-privada\/\" \/>\n<meta property=\"og:site_name\" content=\"Dharma Holistika\" \/>\n<meta property=\"article:publisher\" content=\"https:\/\/www.facebook.com\/dharmaholistika\" \/>\n<meta property=\"article:modified_time\" content=\"2024-01-25T18:16:22+00:00\" \/>\n<meta property=\"og:image\" content=\"https:\/\/dharmaholistika.com\/wp-content\/uploads\/2023\/12\/Logo-dharma.png\" \/>\n\t<meta property=\"og:image:width\" content=\"1531\" \/>\n\t<meta property=\"og:image:height\" content=\"396\" \/>\n\t<meta property=\"og:image:type\" content=\"image\/png\" \/>\n<meta name=\"twitter:card\" content=\"summary_large_image\" \/>\n<meta name=\"twitter:label1\" content=\"Tiempo de lectura\" \/>\n\t<meta name=\"twitter:data1\" content=\"1 minuto\" \/>\n<script type=\"application\/ld+json\" class=\"yoast-schema-graph\">{\"@context\":\"https:\/\/schema.org\",\"@graph\":[{\"@type\":\"WebPage\",\"@id\":\"https:\/\/dharmaholistika.com\/es\/reservacion-peru-habitacion-privada\/\",\"url\":\"https:\/\/dharmaholistika.com\/es\/reservacion-peru-habitacion-privada\/\",\"name\":\"Reservaci\u00f3n Habitaci\u00f3n Privada | Dharma Holistika\",\"isPartOf\":{\"@id\":\"https:\/\/dharmaholistika.com\/#website\"},\"datePublished\":\"2023-12-01T21:02:03+00:00\",\"dateModified\":\"2024-01-25T18:16:22+00:00\",\"breadcrumb\":{\"@id\":\"https:\/\/dharmaholistika.com\/es\/reservacion-peru-habitacion-privada\/#breadcrumb\"},\"inLanguage\":\"es\",\"potentialAction\":[{\"@type\":\"ReadAction\",\"target\":[\"https:\/\/dharmaholistika.com\/es\/reservacion-peru-habitacion-privada\/\"]}]},{\"@type\":\"BreadcrumbList\",\"@id\":\"https:\/\/dharmaholistika.com\/es\/reservacion-peru-habitacion-privada\/#breadcrumb\",\"itemListElement\":[{\"@type\":\"ListItem\",\"position\":1,\"name\":\"Home\",\"item\":\"https:\/\/dharmaholistika.com\/es\/\"},{\"@type\":\"ListItem\",\"position\":2,\"name\":\"Reservaci\u00f3n Habitaci\u00f3n Privada\"}]},{\"@type\":\"WebSite\",\"@id\":\"https:\/\/dharmaholistika.com\/#website\",\"url\":\"https:\/\/dharmaholistika.com\/\",\"name\":\"Dharma Holistika\",\"description\":\"Transforma tu realidad\",\"publisher\":{\"@id\":\"https:\/\/dharmaholistika.com\/#organization\"},\"potentialAction\":[{\"@type\":\"SearchAction\",\"target\":{\"@type\":\"EntryPoint\",\"urlTemplate\":\"https:\/\/dharmaholistika.com\/?s={search_term_string}\"},\"query-input\":{\"@type\":\"PropertyValueSpecification\",\"valueRequired\":true,\"valueName\":\"search_term_string\"}}],\"inLanguage\":\"es\"},{\"@type\":\"Organization\",\"@id\":\"https:\/\/dharmaholistika.com\/#organization\",\"name\":\"Dharma Holistika\",\"url\":\"https:\/\/dharmaholistika.com\/\",\"logo\":{\"@type\":\"ImageObject\",\"inLanguage\":\"es\",\"@id\":\"https:\/\/dharmaholistika.com\/#\/schema\/logo\/image\/\",\"url\":\"https:\/\/dharmaholistika.com\/wp-content\/uploads\/2023\/12\/Logo-dharma.png\",\"contentUrl\":\"https:\/\/dharmaholistika.com\/wp-content\/uploads\/2023\/12\/Logo-dharma.png\",\"width\":1531,\"height\":396,\"caption\":\"Dharma Holistika\"},\"image\":{\"@id\":\"https:\/\/dharmaholistika.com\/#\/schema\/logo\/image\/\"},\"sameAs\":[\"https:\/\/www.facebook.com\/dharmaholistika\",\"https:\/\/www.instagram.com\/dharmaholistika\/\"]}]}<\/script>\n<!-- \/ Yoast SEO Premium plugin. -->","yoast_head_json":{"title":"Reservaci\u00f3n Habitaci\u00f3n Privada | Dharma Holistika","robots":{"index":"index","follow":"follow","max-snippet":"max-snippet:-1","max-image-preview":"max-image-preview:large","max-video-preview":"max-video-preview:-1"},"canonical":"https:\/\/dharmaholistika.com\/es\/reservacion-peru-habitacion-privada\/","og_locale":"es_ES","og_type":"article","og_title":"Reservaci\u00f3n Habitaci\u00f3n Privada","og_description":"Selecciona la opci\u00f3n de tu preferencia para que puedas reservar tu cupo en el retiro PER\u00da M\u00c1GICO","og_url":"https:\/\/dharmaholistika.com\/es\/reservacion-peru-habitacion-privada\/","og_site_name":"Dharma Holistika","article_publisher":"https:\/\/www.facebook.com\/dharmaholistika","article_modified_time":"2024-01-25T18:16:22+00:00","og_image":[{"width":1531,"height":396,"url":"https:\/\/dharmaholistika.com\/wp-content\/uploads\/2023\/12\/Logo-dharma.png","type":"image\/png"}],"twitter_card":"summary_large_image","twitter_misc":{"Tiempo de lectura":"1 minuto"},"schema":{"@context":"https:\/\/schema.org","@graph":[{"@type":"WebPage","@id":"https:\/\/dharmaholistika.com\/es\/reservacion-peru-habitacion-privada\/","url":"https:\/\/dharmaholistika.com\/es\/reservacion-peru-habitacion-privada\/","name":"Reservaci\u00f3n Habitaci\u00f3n Privada | Dharma Holistika","isPartOf":{"@id":"https:\/\/dharmaholistika.com\/#website"},"datePublished":"2023-12-01T21:02:03+00:00","dateModified":"2024-01-25T18:16:22+00:00","breadcrumb":{"@id":"https:\/\/dharmaholistika.com\/es\/reservacion-peru-habitacion-privada\/#breadcrumb"},"inLanguage":"es","potentialAction":[{"@type":"ReadAction","target":["https:\/\/dharmaholistika.com\/es\/reservacion-peru-habitacion-privada\/"]}]},{"@type":"BreadcrumbList","@id":"https:\/\/dharmaholistika.com\/es\/reservacion-peru-habitacion-privada\/#breadcrumb","itemListElement":[{"@type":"ListItem","position":1,"name":"Home","item":"https:\/\/dharmaholistika.com\/es\/"},{"@type":"ListItem","position":2,"name":"Reservaci\u00f3n Habitaci\u00f3n Privada"}]},{"@type":"WebSite","@id":"https:\/\/dharmaholistika.com\/#website","url":"https:\/\/dharmaholistika.com\/","name":"Dharma Holistika","description":"Transforma tu realidad","publisher":{"@id":"https:\/\/dharmaholistika.com\/#organization"},"potentialAction":[{"@type":"SearchAction","target":{"@type":"EntryPoint","urlTemplate":"https:\/\/dharmaholistika.com\/?s={search_term_string}"},"query-input":{"@type":"PropertyValueSpecification","valueRequired":true,"valueName":"search_term_string"}}],"inLanguage":"es"},{"@type":"Organization","@id":"https:\/\/dharmaholistika.com\/#organization","name":"Dharma Holistika","url":"https:\/\/dharmaholistika.com\/","logo":{"@type":"ImageObject","inLanguage":"es","@id":"https:\/\/dharmaholistika.com\/#\/schema\/logo\/image\/","url":"https:\/\/dharmaholistika.com\/wp-content\/uploads\/2023\/12\/Logo-dharma.png","contentUrl":"https:\/\/dharmaholistika.com\/wp-content\/uploads\/2023\/12\/Logo-dharma.png","width":1531,"height":396,"caption":"Dharma Holistika"},"image":{"@id":"https:\/\/dharmaholistika.com\/#\/schema\/logo\/image\/"},"sameAs":["https:\/\/www.facebook.com\/dharmaholistika","https:\/\/www.instagram.com\/dharmaholistika\/"]}]}},"_links":{"self":[{"href":"https:\/\/dharmaholistika.com\/es\/wp-json\/wp\/v2\/pages\/3189","targetHints":{"allow":["GET"]}}],"collection":[{"href":"https:\/\/dharmaholistika.com\/es\/wp-json\/wp\/v2\/pages"}],"about":[{"href":"https:\/\/dharmaholistika.com\/es\/wp-json\/wp\/v2\/types\/page"}],"author":[{"embeddable":true,"href":"https:\/\/dharmaholistika.com\/es\/wp-json\/wp\/v2\/users\/2"}],"replies":[{"embeddable":true,"href":"https:\/\/dharmaholistika.com\/es\/wp-json\/wp\/v2\/comments?post=3189"}],"version-history":[{"count":35,"href":"https:\/\/dharmaholistika.com\/es\/wp-json\/wp\/v2\/pages\/3189\/revisions"}],"predecessor-version":[{"id":4384,"href":"https:\/\/dharmaholistika.com\/es\/wp-json\/wp\/v2\/pages\/3189\/revisions\/4384"}],"wp:attachment":[{"href":"https:\/\/dharmaholistika.com\/es\/wp-json\/wp\/v2\/media?parent=3189"}],"curies":[{"name":"wp","href":"https:\/\/api.w.org\/{rel}","templated":true}]}}