{"id":3223,"date":"2023-12-05T12:33:31","date_gmt":"2023-12-05T20:33:31","guid":{"rendered":"https:\/\/dharmaholistika.com\/?page_id=3223"},"modified":"2024-11-13T07:56:49","modified_gmt":"2024-11-13T15:56:49","slug":"aviso-legal","status":"publish","type":"page","link":"https:\/\/dharmaholistika.com\/es\/aviso-legal\/","title":{"rendered":"Aviso Legal"},"content":{"rendered":"<p>1. AVISO LEGAL Y T\u00c9RMINOS DE USO<\/p>\n<p>Podemos garantizarle que se encuentra en un espacio 100 % seguro, para ello debe saber:<\/p>\n<p>1.1. Datos identificativos del responsable<\/p>\n<p>Tal y como recoge la normativa vigente, le informamos que:<\/p>\n<ul>\n<li>Nuestra denominaci\u00f3n social es: Quantum World LLC.<\/li>\n<li>Nuestro N\u00famero de Identificaci\u00f3n Fiscal (EIN) es 85-3163643<\/li>\n<li>Nuestro Domicilio Social se encuentra en 1688 MERIDIAN AVENUE SUITE 700, MIAMI BEACH 33139, FLORIDA, UNITED STATES OF AMERICA.<\/li>\n<li>Email: info@dharmaholistika.com<\/li>\n<li>Nuestra actividad social es: Mentoring y Experiencias Presenciales.<\/li>\n<\/ul>\n<p>1.2. Finalidad de la p\u00e1gina web.<\/p>\n<p>Los servicios prestados por el responsable de la p\u00e1gina web son los siguientes:<\/p>\n<ul>\n<li>La venta de formaci\u00f3n sobre transformaci\u00f3n personal.<\/li>\n<li>Gestionar la lista de suscriptores y usuarios adscritos a la web.<\/li>\n<li>Suministro de contenidos en el blog.<\/li>\n<li>Dirigir su red de afiliados y comerciantes, as\u00ed como la gesti\u00f3n de pagos de los mismos.<\/li>\n<\/ul>\n<p>1.3. Usuarios:<\/p>\n<p>El acceso y\/o uso de este sitio web atribuye la condici\u00f3n de USUARIO, que acepta, desde dicho acceso y\/o uso, los presentes t\u00e9rminos de uso, no obstante, por el mero uso de la p\u00e1gina web no significa el inicio de relaci\u00f3n laboral\/comercial alguna.<\/p>\n<p>1.4. Uso del sitio web y captura de informaci\u00f3n:<\/p>\n<p>1.4.1 USO DEL SITIO WEB<\/p>\n<p>La p\u00e1gina web <a href=\"https:\/\/dharmaholistika.com\"><strong>https:\/\/dharmaholistika.com<\/strong><\/a> en adelante (<strong>LA WEB<\/strong>) proporciona el acceso a art\u00edculos, informaciones, servicios y datos (en<br \/>\nadelante, \u201clos contenidos\u201d) propiedad de <strong>Quantum World LLC<\/strong>. El USUARIO asume la responsabilidad del uso de la web.<\/p>\n<p>El USUARIO se compromete a hacer un uso adecuado de los contenidos que ofrece a trav\u00e9s de su web y con car\u00e1cter enunciativo, pero no limitativo, a no emplearlos para:<\/p>\n<p>(a) Incurrir en actividades il\u00edcitas, ilegales o contrarias a la buena fe y al orden p\u00fablico.<br \/>\n(b) Difundir contenidos o propaganda de car\u00e1cter racista, xen\u00f3fobo, pornogr\u00e1fico-ilegal, de apolog\u00eda del terrorismo o atentatorio contra los<br \/>\nderechos humanos.<br \/>\n(c) Provocar da\u00f1os en los sistemas f\u00edsicos y l\u00f3gicos de la web, de sus proveedores o de terceras personas, introducir o difundir en la red virus<br \/>\ninform\u00e1ticos o cualesquiera otros sistemas f\u00edsicos o l\u00f3gicos que sean susceptibles de provocar los da\u00f1os anteriormente mencionados.<br \/>\n(d) Intentar acceder y, en su caso, utilizar las cuentas de correo electr\u00f3nico de otros usuarios y modificar o manipular sus mensajes.<\/p>\n<p><strong>Quantum World LLC<\/strong>. se reserva el derecho de retirar todos aquellos comentarios y aportaciones que vulneren el respeto a la dignidad de la<br \/>\npersona, que sean discriminatorios, xen\u00f3fobos, racistas, pornogr\u00e1ficos, que atenten contra la juventud o la infancia, el orden o la seguridad p\u00fablica o que, a su juicio, no resultaran adecuados para su publicaci\u00f3n.<\/p>\n<p>En cualquier caso, <strong>Quantum World LLC<\/strong>. no ser\u00e1 responsable de las opiniones vertidas por los usuarios a trav\u00e9s del blog u otras herramientas de participaci\u00f3n que puedan crearse, conforme a lo previsto en la normativa de aplicaci\u00f3n.<\/p>\n<p>1.4.2 Captura de informaci\u00f3n<\/p>\n<ul>\n<li>\u00a0Formulario de contacto, donde el USUARIO deber\u00e1 rellenar el campo de correo electr\u00f3nico, asunto y nombre.<\/li>\n<li>Formulario de suscripci\u00f3n, rellenando el USUARIO los campos necesarios para la suscripci\u00f3n a la web con los campos de nombre, y<br \/>\nemail.<\/li>\n<li>Formulario de venta, rellenando el USUARIO los campos necesarios para la venta con los campos de nombre, email, direcci\u00f3n y DNI.<\/li>\n<li>Cookies de rastreo, conforme a las reglas.<\/li>\n<li>Navegaci\u00f3n y Direcci\u00f3n IP: Al navegar por esta web, el usuario facilita de forma autom\u00e1tica al servidor de la web informaci\u00f3n relativa a tu<br \/>\ndirecci\u00f3n IP, fecha y hora de acceso, el hiperv\u00ednculo que le ha reenviado a \u00e9stas, tu sistema operativo y el navegador utilizado.<\/li>\n<\/ul>\n<p>A pesar de lo anterior, los usuarios podr\u00e1n <strong>darse de baja en cualquier momento<\/strong> de los servicios prestados por <strong>Quantum World LLC<\/strong>. o datos aportados por el USUARIO dando cumplimiento a la normativa vigente sobre Protecci\u00f3n de Datos. Asimismo, tanto al suscribirse a esta p\u00e1gina web, como al realizar alg\u00fan comentario o realizar una compra en cualquiera de sus p\u00e1ginas y\/o entradas, el usuario consiente:<\/p>\n<ol>\n<li>El tratamiento de sus datos personales en el entorno de WordPress conforme a sus pol\u00edticas de privacidad.<\/li>\n<li>El acceso de Quantum World LLC. a los datos que, de acuerdo con la infraestructura de WordPress, necesite el usuario aportar bien para la suscripci\u00f3n a la web bien para cualquier consulta mediante el formulario de contacto.<\/li>\n<\/ol>\n<p>Asimismo, informamos que la informaci\u00f3n de nuestros usuarios est\u00e1 protegida de acuerdo a nuestra POLITICA DE PRIVACIDAD.<\/p>\n<p>Al activar una suscripci\u00f3n, formulario de contacto o comentario, el usuario comprende y acepta que:<\/p>\n<p>Desde el momento en que efect\u00faa su suscripci\u00f3n o accedes a alg\u00fan servicio de pago, <strong>Quantum World LLC<\/strong>. tiene acceso a: Nombre, y email, o dem\u00e1s datos necesarios conformando un fichero con el nombre de \u201cUSUARIOS DE LA WEB Y SUSCRIPTORES\u201d o en el caso de realizar alguna compra, ser\u00e1 suscrito al fichero de \u201cCLIENTES Y\/O PROVEEDORES\u201d teniendo acceso a datos de nombre, apellidos, email, DNI y domicilio completo.<\/p>\n<p>En todo caso <strong>Quantum World LLC<\/strong>. se reserva el derecho de modificar, en cualquier momento y sin necesidad de previo aviso, la presentaci\u00f3n y configuraci\u00f3n de la web <a href=\"https:\/\/dharmaholistika.com\"><strong>https:\/\/dharmaholistika.com<\/strong><\/a> como el presente aviso legal.<\/p>\n<p>2. PROPIEDAD INTELECTUAL E INDUSTRIAL:<\/p>\n<p><strong>Quantum World LLC.<\/strong> por s\u00ed o como cesionario, es titular de todos los derechos de propiedad intelectual e industrial de su p\u00e1gina web, as\u00ed como de los elementos contenidos en la misma (a t\u00edtulo enunciativo, im\u00e1genes, sonido, audio, v\u00eddeo, software o textos; marcas o logotipos, combinaciones de colores, estructura y dise\u00f1o, selecci\u00f3n de materiales usados, programas de ordenador necesarios para su funcionamiento, acceso y uso, etc.), titularidad de <strong>Quantum World LLC<\/strong>. o bien de sus licenciantes. Todos los derechos reservados.<\/p>\n<p>Cualquier uso no autorizado previamente por <strong>Quantum World LLC<\/strong>. ser\u00e1 considerado un incumplimiento grave de los derechos de propiedad intelectual o industrial del autor.<\/p>\n<p>Quedan expresamente prohibidas la reproducci\u00f3n, la distribuci\u00f3n y la comunicaci\u00f3n p\u00fablica, incluida su modalidad de puesta a disposici\u00f3n, de la totalidad o parte de los contenidos de esta p\u00e1gina web, con fines comerciales, en cualquier soporte y por cualquier medio t\u00e9cnico, sin la autorizaci\u00f3n de <strong>Quantum World LLC<\/strong>.<\/p>\n<p>El USUARIO se compromete a respetar los derechos de Propiedad Intelectual e Industrial titularidad de <strong>Quantum World LLC<\/strong>. Podr\u00e1 visualizar \u00fanicamente los elementos de la web sin posibilidad de imprimirlos, copiarlos o almacenarlos en el disco duro de su ordenador o en cualquier otro soporte f\u00edsico. El USUARIO deber\u00e1 abstenerse de suprimir, alterar, eludir o manipular cualquier dispositivo de protecci\u00f3n o sistema de seguridad que estuviera instalado en las p\u00e1ginas de <strong>Quantum World LLC.<\/strong><\/p>\n<p>Queda terminantemente prohibido compartir la licencia para uso con m\u00e1s personas, <strong>cada licencia es personal e intransferible reserv\u00e1ndonos cuantas acciones civiles y penales nos asistan en aras de salvaguardar nuestros derechos,<\/strong> todo ello bajo apercibimiento de incurrir en un delito contra la propiedad intelectual.<\/p>\n<p>3. EXCLUSI\u00d3N DE GARANT\u00cdAS Y RESPONSABILIDAD<\/p>\n<p><strong>Quantum World LLC<\/strong>. no se hace responsable, en ning\u00fan caso, de los da\u00f1os y perjuicios de cualquier naturaleza que pudieran ocasionar, a t\u00edtulo enunciativo: por errores u omisiones en los contenidos, por falta de disponibilidad del sitio web, \u2013 el cual realizar\u00e1 paradas peri\u00f3dicas por mantenimientos t\u00e9cnicos \u2013 as\u00ed como por la transmisi\u00f3n de virus o programas maliciosos o lesivos en los contenidos, a pesar de haber adoptado todas las medidas tecnol\u00f3gicas necesarias para evitarlo.<\/p>\n<p>4. MODIFICACIONES<\/p>\n<p><strong>Quantum World LLC<\/strong>. se reserva el derecho de efectuar sin previo aviso las modificaciones que considere oportunas en su web, pudiendo cambiar, suprimir o a\u00f1adir tanto los contenidos y servicios que se presten a trav\u00e9s de la misma como la forma en la que \u00e9stos aparezcan presentados o localizados en su web.<\/p>\n<p>5. POL\u00cdTICA DE ENLACES<\/p>\n<p>Las personas o entidades que pretendan realizar o realicen un hiperenlace desde una p\u00e1gina web de otro portal de Internet a la web <strong>Quantum World <\/strong><strong>LLC<\/strong>. deber\u00e1 someterse las siguientes condiciones:<\/p>\n<ul>\n<li>No se permite la reproducci\u00f3n total o parcial de ninguno de los servicios ni contenidos del sitio web sin la previa autorizaci\u00f3n expresa<br \/>\nde <strong>Quantum World LLC<\/strong>.<\/li>\n<li>No se establecer\u00e1n deep-links ni enlaces IMG o de imagen, ni frames con la web de <strong>Quantum World LLC<\/strong>. sin su previa autorizaci\u00f3n expresa.<\/li>\n<li>No se establecer\u00e1 ninguna manifestaci\u00f3n falsa, inexacta o incorrecta sobre la web de <strong>Quantum World LLC<\/strong>., ni sobre los servicios o<br \/>\ncontenidos de la misma. Salvo aquellos signos que formen parte del hiperv\u00ednculo, la p\u00e1gina web en la que se establezca no contendr\u00e1<br \/>\nninguna marca, nombre comercial, r\u00f3tulo de establecimiento, denominaci\u00f3n, logotipo, eslogan u otros signos distintivos pertenecientes a <strong>Quantum World LLC<\/strong>., salvo autorizaci\u00f3n expresa de \u00e9ste.<\/li>\n<li>El establecimiento del hiperv\u00ednculo no implicar\u00e1 la existencia de relaciones entre <strong>Quantum World LLC<\/strong>. y el titular de la p\u00e1gina web o<br \/>\ndel portal desde el cual se realice, ni el conocimiento y aceptaci\u00f3n de <strong>Quantum World LLC<\/strong>. de los servicios y contenidos ofrecidos en<br \/>\ndicha p\u00e1gina web o portal.<\/li>\n<li><strong>Quantum World LLC<\/strong>. no ser\u00e1 responsable de los contenidos o servicios puestos a disposici\u00f3n del p\u00fablico en la p\u00e1gina web o portal<br \/>\ndesde el cual se realice el hiperv\u00ednculo, ni de las informaciones y manifestaciones incluidas en los mismos.<\/li>\n<li>El sitio web de <strong>Quantum World LLC<\/strong>. puede poner a disposici\u00f3n del usuario conexiones y enlaces a otros sitios web gestionados y<br \/>\ncontrolados por terceros. Dichos enlaces tienen como exclusiva funci\u00f3n, la de facilitar a los usuarios la b\u00fasqueda de informaci\u00f3n,<br \/>\ncontenidos y servicios en Internet, sin que en ning\u00fan caso pueda considerarse una sugerencia, recomendaci\u00f3n o invitaci\u00f3n para la<br \/>\nvisita de los mismos.<\/li>\n<li><strong>Quantum World LLC<\/strong>. no comercializa, ni dirige, ni controla previamente, ni hace propios los contenidos, servicios, informaciones y<br \/>\nmanifestaciones disponibles en dichos sitios web.<\/li>\n<li><strong>Quantum World LLC<\/strong>. no asume ning\u00fan tipo de responsabilidad, ni siquiera de forma indirecta o subsidiaria, por los da\u00f1os y perjuicios de toda clase que pudieran derivarse del acceso, mantenimiento, uso, calidad, licitud, fiabilidad y utilidad de los contenidos, informaciones, comunicaciones, opiniones, manifestaciones, productos y servicios existentes u ofrecidos en los sitios web no gestionados por Quantum World LLC. y que resulten accesibles a trav\u00e9s de <strong>Quantum World LLC<\/strong>.<\/li>\n<\/ul>\n<p>6. DERECHO DE EXCLUSI\u00d3N<\/p>\n<p><strong>Quantum World LLC<\/strong>. se reserva el derecho a denegar o retirar el acceso al portal y\/o los servicios ofrecidos sin necesidad de preaviso, a instancia propia o de un tercero, a aquellos usuarios que incumplan las presentes Condiciones Generales de Uso.<\/p>\n<p>7. GENERALIDADES<\/p>\n<p><strong>Quantum World LLC<\/strong>. perseguir\u00e1 el incumplimiento de las presentes condiciones, as\u00ed como cualquier utilizaci\u00f3n indebida de su web ejerciendo todas las acciones civiles y penales que le puedan corresponder en derecho.<\/p>\n<p>8. MODIFICACI\u00d3N DE LAS PRESENTES CONDICIONES Y DURACI\u00d3N<\/p>\n<p><strong>Quantum World LLC<\/strong>. podr\u00e1 modificar en cualquier momento las condiciones aqu\u00ed determinadas, siendo debidamente publicadas como aqu\u00ed aparecen. La vigencia de las citadas condiciones ir\u00e1 en funci\u00f3n de su exposici\u00f3n y estar\u00e1n vigentes hasta que sean modificadas por otras debidamente publicadas.<\/p>\n<p>9. RECLAMACIONES Y DUDAS<\/p>\n<p><strong>Quantum World LLC<\/strong>. informa que existen hojas de reclamaci\u00f3n a disposici\u00f3n de usuarios y clientes pudiendo remitir un correo a <a href=\"mailto:info@dharmaholistika.com\">info@dharmaholistika.com<\/a> indicando su nombre y apellidos, el servicio o producto adquirido y exponiendo los motivos de su reclamaci\u00f3n.<br \/>\nTambi\u00e9n puede dirigir su reclamaci\u00f3n por correo postal dirigido a: <strong>Quantum World LLC<\/strong>., 1688 MERIDIAN AVENUE SUITE 700, MIAMI BEACH 33139, FLORIDA, UNITED STATES OF AMERICA.<\/p>\n<p>10. CONDICIONES DE VENTA<\/p>\n<p>Las presentes condiciones generales tienen por objeto regular expresamente las condiciones aplicables a los procesos de contrataci\u00f3n llevados a cabo por los usuarios \u201cCliente\u201d de los servicios ofrecido por parte de Gina Tinajero a trav\u00e9s de su sitio web.<\/p>\n<p>Estas condiciones permanecer\u00e1n en vigor y ser\u00e1n validad durante todo el tiempo que est\u00e9n accesible a trav\u00e9s del sitio web, todo ello sin perjuicio de que Gina Tinajero se reserva el derecho a modificar, sin previo aviso, las condiciones generales, as\u00ed como cualquiera de los textos legales que se encuentren en dicho sitio web. En todo caso, el acceso a la Web tras su modificaci\u00f3n, inclusi\u00f3n y\/o sustituci\u00f3n, implica la aceptaci\u00f3n de los mismos por parte del usuario.<\/p>\n<p>El cliente se encuentra sujeto a las condiciones generales vigentes en cada uno de los momentos de realizar la contrataci\u00f3n correspondiente, no siendo posible la contrataci\u00f3n de servicio alguno sin la previa aceptaci\u00f3n de las presentes condiciones generales de contrataci\u00f3n.<\/p>\n<p>En la presente web podr\u00e1 adquirir productos o servicios reflejados en cada p\u00e1gina de ventas.<\/p>\n<p>Para proceder al pago, el cliente tiene a su disposici\u00f3n los siguientes medios:<\/p>\n<p>Visa\/MasterCard\/American Express\/; el usuario deber\u00e1 proporcionar el nombre del titular de la tarjeta, el n\u00famero, la fecha de caducidad y el CVV.<\/p>\n<p>Toda la informaci\u00f3n ser\u00e1 tramitada a trav\u00e9s de una pasarela de pagos externa a Gina Tinajero denominada Stripe, pudiendo obtener m\u00e1s informaci\u00f3n\u00a0 visitando su p\u00e1gina web <a href=\"https:\/\/stripe.com\/es-us\">https:\/\/stripe.com\/es-us<\/a> o a trav\u00e9s de PayPal, pudiendo obtener toda la informaci\u00f3n necesaria<br \/>\nen <a href=\"https:\/\/www.paypal.com\/es\/home\">https:\/\/www.paypal.com\/es\/home<\/a><\/p>\n<p>Para proceder al pago, normalmente ser\u00e1 redirigido a un carrito donde se le solicitar\u00e1n los datos necesarios a trav\u00e9s de plataformas de terceros como puede ser WooCommerce.<\/p>\n<p>11. LEY APLICABLE Y JURISDICCI\u00d3N<\/p>\n<p>La relaci\u00f3n entre <strong>Quantum World LLC<\/strong>. y el CLIENTE se regir\u00e1 por la normativa de Estados Unidos y cualquier controversia se someter\u00e1 a los Juzgados y tribunales del Estado de Florida, salvo que la Ley aplicable disponga otra cosa.<\/p>\n<p>12. CAUSAS DE DISOLUCI\u00d3N DEL CONTRATO<\/p>\n<p>La disoluci\u00f3n del contrato de servicios puede ocurrir en cualquier momento por cualquiera de las dos partes.<br \/>\nNo est\u00e1s obligado a condiciones de permanencia con <strong>Quantum World LLC.<\/strong> si no est\u00e1s satisfecho con nuestro servicio.<br \/>\n<strong>Quantum World LLC<\/strong>. puede terminar o suspender cualquier y todos los Servicios contratados inmediatamente, sin previo aviso o responsabilidad, en caso de que no se cumpla con las condiciones aqu\u00ed expuestas.<br \/>\nA la disoluci\u00f3n del contrato, su derecho a utilizar los Servicios cesar\u00e1 inmediatamente.<\/p>\n<p>Ser\u00e1n causas de disoluci\u00f3n de contrato:<\/p>\n<ul>\n<li>La falsedad, en todo o en parte, de los datos suministrados en el proceso de contrataci\u00f3n de cualquier servicio.<\/li>\n<li>Alterar, eludir, realizar ingenier\u00eda inversa, descompilar, desmontar o alterar de ning\u00fan modo de la tecnolog\u00eda de seguridad aportada<br \/>\npor <strong>Quantum World LLC<\/strong>.<\/li>\n<li>Los casos de abuso de los servicios de soporte por el requerimiento de m\u00e1s horas de las establecidas en el contrato.<\/li>\n<li>Opiniones falsas e infundadas con \u00e1nimo de desprestigiar al titular de los productos o servicios adquiridos.<\/li>\n<li>Cualquier incumplimiento establecido a lo largo de las condiciones.<\/li>\n<\/ul>\n<p>La disoluci\u00f3n implica la p\u00e9rdida de sus derechos sobre el servicio contratado.<\/p>\n","protected":false},"excerpt":{"rendered":"<p>1. AVISO LEGAL Y T\u00c9RMINOS DE USO Podemos garantizarle que se encuentra en un espacio 100 % seguro, para ello debe saber: 1.1. Datos identificativos del responsable Tal y como [&hellip;]<\/p>\n","protected":false},"author":2,"featured_media":0,"parent":0,"menu_order":0,"comment_status":"closed","ping_status":"closed","template":"","meta":{"_monsterinsights_skip_tracking":false,"_monsterinsights_sitenote_active":false,"_monsterinsights_sitenote_note":"","_monsterinsights_sitenote_category":0,"_joinchat":[],"footnotes":""},"class_list":["post-3223","page","type-page","status-publish","hentry"],"yoast_head":"<!-- This site is optimized with the Yoast SEO Premium plugin v20.8 (Yoast SEO v24.5) - https:\/\/yoast.com\/wordpress\/plugins\/seo\/ -->\n<title>Aviso Legal | Dharma Holistika<\/title>\n<meta name=\"robots\" content=\"index, follow, max-snippet:-1, max-image-preview:large, max-video-preview:-1\" \/>\n<link rel=\"canonical\" href=\"https:\/\/dharmaholistika.com\/es\/aviso-legal\/\" \/>\n<meta property=\"og:locale\" content=\"es_ES\" \/>\n<meta property=\"og:type\" content=\"article\" \/>\n<meta property=\"og:title\" content=\"Aviso Legal\" \/>\n<meta property=\"og:description\" content=\"1. AVISO LEGAL Y T\u00c9RMINOS DE USO Podemos garantizarle que se encuentra en un espacio 100 % seguro, para ello debe saber: 1.1. Datos identificativos del responsable Tal y como [&hellip;]\" \/>\n<meta property=\"og:url\" content=\"https:\/\/dharmaholistika.com\/es\/aviso-legal\/\" \/>\n<meta property=\"og:site_name\" content=\"Dharma Holistika\" \/>\n<meta property=\"article:publisher\" content=\"https:\/\/www.facebook.com\/dharmaholistika\" \/>\n<meta property=\"article:modified_time\" content=\"2024-11-13T15:56:49+00:00\" \/>\n<meta property=\"og:image\" content=\"https:\/\/dharmaholistika.com\/wp-content\/uploads\/2024\/11\/dharmaholistika-seo-logo.jpg\" \/>\n\t<meta property=\"og:image:width\" content=\"512\" \/>\n\t<meta property=\"og:image:height\" content=\"512\" \/>\n\t<meta property=\"og:image:type\" content=\"image\/jpeg\" \/>\n<meta name=\"twitter:card\" content=\"summary_large_image\" \/>\n<meta name=\"twitter:label1\" content=\"Tiempo de lectura\" \/>\n\t<meta name=\"twitter:data1\" content=\"11 minutos\" \/>\n<script type=\"application\/ld+json\" class=\"yoast-schema-graph\">{\"@context\":\"https:\/\/schema.org\",\"@graph\":[{\"@type\":\"WebPage\",\"@id\":\"https:\/\/dharmaholistika.com\/es\/aviso-legal\/\",\"url\":\"https:\/\/dharmaholistika.com\/es\/aviso-legal\/\",\"name\":\"Aviso Legal | Dharma Holistika\",\"isPartOf\":{\"@id\":\"https:\/\/dharmaholistika.com\/#website\"},\"datePublished\":\"2023-12-05T20:33:31+00:00\",\"dateModified\":\"2024-11-13T15:56:49+00:00\",\"breadcrumb\":{\"@id\":\"https:\/\/dharmaholistika.com\/es\/aviso-legal\/#breadcrumb\"},\"inLanguage\":\"es\",\"potentialAction\":[{\"@type\":\"ReadAction\",\"target\":[\"https:\/\/dharmaholistika.com\/es\/aviso-legal\/\"]}]},{\"@type\":\"BreadcrumbList\",\"@id\":\"https:\/\/dharmaholistika.com\/es\/aviso-legal\/#breadcrumb\",\"itemListElement\":[{\"@type\":\"ListItem\",\"position\":1,\"name\":\"Home\",\"item\":\"https:\/\/dharmaholistika.com\/es\/\"},{\"@type\":\"ListItem\",\"position\":2,\"name\":\"Aviso Legal\"}]},{\"@type\":\"WebSite\",\"@id\":\"https:\/\/dharmaholistika.com\/#website\",\"url\":\"https:\/\/dharmaholistika.com\/\",\"name\":\"Dharma Holistika\",\"description\":\"Transforma tu realidad\",\"publisher\":{\"@id\":\"https:\/\/dharmaholistika.com\/#organization\"},\"potentialAction\":[{\"@type\":\"SearchAction\",\"target\":{\"@type\":\"EntryPoint\",\"urlTemplate\":\"https:\/\/dharmaholistika.com\/?s={search_term_string}\"},\"query-input\":{\"@type\":\"PropertyValueSpecification\",\"valueRequired\":true,\"valueName\":\"search_term_string\"}}],\"inLanguage\":\"es\"},{\"@type\":\"Organization\",\"@id\":\"https:\/\/dharmaholistika.com\/#organization\",\"name\":\"Dharma Holistika\",\"url\":\"https:\/\/dharmaholistika.com\/\",\"logo\":{\"@type\":\"ImageObject\",\"inLanguage\":\"es\",\"@id\":\"https:\/\/dharmaholistika.com\/#\/schema\/logo\/image\/\",\"url\":\"https:\/\/dharmaholistika.com\/wp-content\/uploads\/2023\/12\/Logo-dharma.png\",\"contentUrl\":\"https:\/\/dharmaholistika.com\/wp-content\/uploads\/2023\/12\/Logo-dharma.png\",\"width\":1531,\"height\":396,\"caption\":\"Dharma Holistika\"},\"image\":{\"@id\":\"https:\/\/dharmaholistika.com\/#\/schema\/logo\/image\/\"},\"sameAs\":[\"https:\/\/www.facebook.com\/dharmaholistika\",\"https:\/\/www.instagram.com\/dharmaholistika\/\"]}]}<\/script>\n<!-- \/ Yoast SEO Premium plugin. -->","yoast_head_json":{"title":"Aviso Legal | Dharma Holistika","robots":{"index":"index","follow":"follow","max-snippet":"max-snippet:-1","max-image-preview":"max-image-preview:large","max-video-preview":"max-video-preview:-1"},"canonical":"https:\/\/dharmaholistika.com\/es\/aviso-legal\/","og_locale":"es_ES","og_type":"article","og_title":"Aviso Legal","og_description":"1. AVISO LEGAL Y T\u00c9RMINOS DE USO Podemos garantizarle que se encuentra en un espacio 100 % seguro, para ello debe saber: 1.1. Datos identificativos del responsable Tal y como [&hellip;]","og_url":"https:\/\/dharmaholistika.com\/es\/aviso-legal\/","og_site_name":"Dharma Holistika","article_publisher":"https:\/\/www.facebook.com\/dharmaholistika","article_modified_time":"2024-11-13T15:56:49+00:00","og_image":[{"width":512,"height":512,"url":"https:\/\/dharmaholistika.com\/wp-content\/uploads\/2024\/11\/dharmaholistika-seo-logo.jpg","type":"image\/jpeg"}],"twitter_card":"summary_large_image","twitter_misc":{"Tiempo de lectura":"11 minutos"},"schema":{"@context":"https:\/\/schema.org","@graph":[{"@type":"WebPage","@id":"https:\/\/dharmaholistika.com\/es\/aviso-legal\/","url":"https:\/\/dharmaholistika.com\/es\/aviso-legal\/","name":"Aviso Legal | Dharma Holistika","isPartOf":{"@id":"https:\/\/dharmaholistika.com\/#website"},"datePublished":"2023-12-05T20:33:31+00:00","dateModified":"2024-11-13T15:56:49+00:00","breadcrumb":{"@id":"https:\/\/dharmaholistika.com\/es\/aviso-legal\/#breadcrumb"},"inLanguage":"es","potentialAction":[{"@type":"ReadAction","target":["https:\/\/dharmaholistika.com\/es\/aviso-legal\/"]}]},{"@type":"BreadcrumbList","@id":"https:\/\/dharmaholistika.com\/es\/aviso-legal\/#breadcrumb","itemListElement":[{"@type":"ListItem","position":1,"name":"Home","item":"https:\/\/dharmaholistika.com\/es\/"},{"@type":"ListItem","position":2,"name":"Aviso Legal"}]},{"@type":"WebSite","@id":"https:\/\/dharmaholistika.com\/#website","url":"https:\/\/dharmaholistika.com\/","name":"Dharma Holistika","description":"Transforma tu realidad","publisher":{"@id":"https:\/\/dharmaholistika.com\/#organization"},"potentialAction":[{"@type":"SearchAction","target":{"@type":"EntryPoint","urlTemplate":"https:\/\/dharmaholistika.com\/?s={search_term_string}"},"query-input":{"@type":"PropertyValueSpecification","valueRequired":true,"valueName":"search_term_string"}}],"inLanguage":"es"},{"@type":"Organization","@id":"https:\/\/dharmaholistika.com\/#organization","name":"Dharma Holistika","url":"https:\/\/dharmaholistika.com\/","logo":{"@type":"ImageObject","inLanguage":"es","@id":"https:\/\/dharmaholistika.com\/#\/schema\/logo\/image\/","url":"https:\/\/dharmaholistika.com\/wp-content\/uploads\/2023\/12\/Logo-dharma.png","contentUrl":"https:\/\/dharmaholistika.com\/wp-content\/uploads\/2023\/12\/Logo-dharma.png","width":1531,"height":396,"caption":"Dharma Holistika"},"image":{"@id":"https:\/\/dharmaholistika.com\/#\/schema\/logo\/image\/"},"sameAs":["https:\/\/www.facebook.com\/dharmaholistika","https:\/\/www.instagram.com\/dharmaholistika\/"]}]}},"_links":{"self":[{"href":"https:\/\/dharmaholistika.com\/es\/wp-json\/wp\/v2\/pages\/3223","targetHints":{"allow":["GET"]}}],"collection":[{"href":"https:\/\/dharmaholistika.com\/es\/wp-json\/wp\/v2\/pages"}],"about":[{"href":"https:\/\/dharmaholistika.com\/es\/wp-json\/wp\/v2\/types\/page"}],"author":[{"embeddable":true,"href":"https:\/\/dharmaholistika.com\/es\/wp-json\/wp\/v2\/users\/2"}],"replies":[{"embeddable":true,"href":"https:\/\/dharmaholistika.com\/es\/wp-json\/wp\/v2\/comments?post=3223"}],"version-history":[{"count":5,"href":"https:\/\/dharmaholistika.com\/es\/wp-json\/wp\/v2\/pages\/3223\/revisions"}],"predecessor-version":[{"id":4534,"href":"https:\/\/dharmaholistika.com\/es\/wp-json\/wp\/v2\/pages\/3223\/revisions\/4534"}],"wp:attachment":[{"href":"https:\/\/dharmaholistika.com\/es\/wp-json\/wp\/v2\/media?parent=3223"}],"curies":[{"name":"wp","href":"https:\/\/api.w.org\/{rel}","templated":true}]}}