{"id":3343,"date":"2023-12-08T12:57:55","date_gmt":"2023-12-08T20:57:55","guid":{"rendered":"https:\/\/dharmaholistika.com\/?page_id=3343"},"modified":"2024-08-28T12:08:28","modified_gmt":"2024-08-28T19:08:28","slug":"videos","status":"publish","type":"page","link":"https:\/\/dharmaholistika.com\/es\/videos\/","title":{"rendered":"Videos"},"content":{"rendered":"\t\t<div data-elementor-type=\"wp-page\" data-elementor-id=\"3343\" class=\"elementor elementor-3343\" data-elementor-post-type=\"page\">\n\t\t\t\t<div class=\"elementor-element elementor-element-8fb62d4 e-con-full e-flex e-con e-parent\" data-id=\"8fb62d4\" data-element_type=\"container\">\n\t\t<div class=\"elementor-element elementor-element-1276bd6 e-con-full e-flex e-con e-child\" data-id=\"1276bd6\" data-element_type=\"container\">\n\t\t<div class=\"elementor-element elementor-element-92d2fb7 e-con-full e-flex e-con e-child\" data-id=\"92d2fb7\" data-element_type=\"container\">\n\t\t<div class=\"elementor-element elementor-element-4eb7039 e-con-full e-flex e-con e-child\" data-id=\"4eb7039\" data-element_type=\"container\" data-settings=\"{&quot;background_background&quot;:&quot;classic&quot;}\">\n\t\t<div class=\"elementor-element elementor-element-5085b71 e-con-full e-flex e-con e-child\" data-id=\"5085b71\" data-element_type=\"container\" data-settings=\"{&quot;background_background&quot;:&quot;classic&quot;}\">\n\t\t<div class=\"elementor-element elementor-element-a9d1cb6 e-flex e-con-boxed e-con e-child\" data-id=\"a9d1cb6\" data-element_type=\"container\">\n\t\t\t\t\t<div class=\"e-con-inner\">\n\t\t\t\t<div class=\"elementor-element elementor-element-1b30086 elementor-widget elementor-widget-spacer\" data-id=\"1b30086\" data-element_type=\"widget\" data-widget_type=\"spacer.default\">\n\t\t\t\t<div class=\"elementor-widget-container\">\n\t\t\t\t\t\t\t<div class=\"elementor-spacer\">\n\t\t\t<div class=\"elementor-spacer-inner\"><\/div>\n\t\t<\/div>\n\t\t\t\t\t\t<\/div>\n\t\t\t\t<\/div>\n\t\t\t\t<div class=\"elementor-element elementor-element-4d88b70 elementor-widget elementor-widget-heading\" data-id=\"4d88b70\" data-element_type=\"widget\" data-widget_type=\"heading.default\">\n\t\t\t\t<div class=\"elementor-widget-container\">\n\t\t\t\t\t<h1 class=\"elementor-heading-title elementor-size-default\"><span style=\"font-family: montserrat\">Videos <\/span><\/h1>\t\t\t\t<\/div>\n\t\t\t\t<\/div>\n\t\t\t\t<div class=\"elementor-element elementor-element-b581ebc elementor-widget elementor-widget-spacer\" data-id=\"b581ebc\" data-element_type=\"widget\" data-widget_type=\"spacer.default\">\n\t\t\t\t<div class=\"elementor-widget-container\">\n\t\t\t\t\t\t\t<div class=\"elementor-spacer\">\n\t\t\t<div class=\"elementor-spacer-inner\"><\/div>\n\t\t<\/div>\n\t\t\t\t\t\t<\/div>\n\t\t\t\t<\/div>\n\t\t\t\t\t<\/div>\n\t\t\t\t<\/div>\n\t\t\t\t<\/div>\n\t\t\t\t<div class=\"elementor-element elementor-element-b224343 elementor-widget elementor-widget-spacer\" data-id=\"b224343\" data-element_type=\"widget\" data-widget_type=\"spacer.default\">\n\t\t\t\t<div class=\"elementor-widget-container\">\n\t\t\t\t\t\t\t<div class=\"elementor-spacer\">\n\t\t\t<div class=\"elementor-spacer-inner\"><\/div>\n\t\t<\/div>\n\t\t\t\t\t\t<\/div>\n\t\t\t\t<\/div>\n\t\t\t\t<\/div>\n\t\t\t\t<\/div>\n\t\t\t\t<\/div>\n\t\t\t\t<div class=\"elementor-element elementor-element-cfe209d elementor-widget elementor-widget-text-editor\" data-id=\"cfe209d\" data-element_type=\"widget\" data-widget_type=\"text-editor.default\">\n\t\t\t\t<div class=\"elementor-widget-container\">\n\t\t\t\t\t\t\t\t\t<div class=\"epyt-gallery\" data-currpage=\"1\" id=\"epyt_gallery_76338\"><figure class=\"wp-block-embed wp-block-embed-youtube is-type-video is-provider-youtube epyt-figure\"><div class=\"wp-block-embed__wrapper\"><div class=\"epyt-video-wrapper\"><iframe  id=\"_ytid_86007\"  width=\"1170\" height=\"658\"  data-origwidth=\"1170\" data-origheight=\"658\" src=\"https:\/\/www.youtube.com\/embed\/ip8yPZirQOM?enablejsapi=1&#038;autoplay=0&#038;cc_load_policy=0&#038;cc_lang_pref=&#038;iv_load_policy=1&#038;loop=0&#038;modestbranding=0&#038;rel=1&#038;fs=1&#038;playsinline=0&#038;autohide=2&#038;theme=dark&#038;color=red&#038;controls=1&#038;\" class=\"__youtube_prefs__  no-lazyload\" title=\"YouTube player\"  data-epytgalleryid=\"epyt_gallery_76338\"  allow=\"fullscreen; accelerometer; autoplay; clipboard-write; encrypted-media; gyroscope; picture-in-picture\" allowfullscreen data-no-lazy=\"1\" data-skipgform_ajax_framebjll=\"\"><\/iframe><\/div><\/div><\/figure><div class=\"epyt-gallery-list\"><div class=\"epyt-pagination \"><div tabindex=\"0\" role=\"button\" class=\"epyt-pagebutton epyt-prev  hide \" data-playlistid=\"UU92S4Rd_P1K-UZJgXd7siTg\" data-pagesize=\"15\" data-pagetoken=\"\" data-epcolumns=\"3\" data-showtitle=\"1\" data-showpaging=\"1\" data-autonext=\"1\" data-thumbplay=\"0\"><div class=\"epyt-arrow\">&laquo;<\/div> <div>Anterior<\/div><\/div><div class=\"epyt-pagenumbers \"><div class=\"epyt-current\">1<\/div><div class=\"epyt-pageseparator\"> \/ <\/div><div class=\"epyt-totalpages\">5<\/div><\/div><div tabindex=\"0\" role=\"button\" class=\"epyt-pagebutton epyt-next\" data-playlistid=\"UU92S4Rd_P1K-UZJgXd7siTg\" data-pagesize=\"15\" data-pagetoken=\"EAAaHlBUOkNBOGlFRVU1UlRCQ05VSTFPRGM0UlRZMVJrRQ\" data-epcolumns=\"3\" data-showtitle=\"1\" data-showpaging=\"1\" data-autonext=\"1\" data-thumbplay=\"0\"><div>Siguiente<\/div> <div class=\"epyt-arrow\">&raquo;<\/div><\/div><div class=\"epyt-loader\"><img decoding=\"async\" alt=\"loading\" width=\"16\" height=\"11\" data-src=\"https:\/\/dharmaholistika.com\/wp-content\/plugins\/youtube-embed-plus\/images\/gallery-page-loader.gif\" src=\"data:image\/gif;base64,R0lGODlhAQABAAAAACH5BAEKAAEALAAAAAABAAEAAAICTAEAOw==\" class=\"lazyload\" style=\"--smush-placeholder-width: 16px; --smush-placeholder-aspect-ratio: 16\/11;\"><\/div><\/div><div class=\"epyt-gallery-allthumbs  epyt-cols-3 \"><div tabindex=\"0\" role=\"button\" data-videoid=\"ip8yPZirQOM\" class=\"epyt-gallery-thumb\"><div class=\"epyt-gallery-img-box\"><div class=\"epyt-gallery-img lazyload\" style=\"background-image:inherit\" data-bg-image=\"url(https:\/\/i.ytimg.com\/vi\/ip8yPZirQOM\/hqdefault.jpg)\"><div class=\"epyt-gallery-playhover\"><img decoding=\"async\" alt=\"play\" class=\"epyt-play-img\" width=\"30\" height=\"23\" src=\"https:\/\/dharmaholistika.com\/wp-content\/plugins\/youtube-embed-plus\/images\/playhover.png\" data-no-lazy=\"1\" data-skipgform_ajax_framebjll=\"\" \/><div class=\"epyt-gallery-playcrutch\"><\/div><\/div><\/div><\/div><div class=\"epyt-gallery-title\">Egypt Testimonials<\/div><\/div><div tabindex=\"0\" role=\"button\" data-videoid=\"FckYkn8Gwo4\" class=\"epyt-gallery-thumb\"><div class=\"epyt-gallery-img-box\"><div class=\"epyt-gallery-img lazyload\" style=\"background-image:inherit\" data-bg-image=\"url(https:\/\/i.ytimg.com\/vi\/FckYkn8Gwo4\/hqdefault.jpg)\"><div class=\"epyt-gallery-playhover\"><img decoding=\"async\" alt=\"play\" class=\"epyt-play-img\" width=\"30\" height=\"23\" src=\"https:\/\/dharmaholistika.com\/wp-content\/plugins\/youtube-embed-plus\/images\/playhover.png\" data-no-lazy=\"1\" data-skipgform_ajax_framebjll=\"\" \/><div class=\"epyt-gallery-playcrutch\"><\/div><\/div><\/div><\/div><div class=\"epyt-gallery-title\">Awaken Your Essence TULUM<\/div><\/div><div tabindex=\"0\" role=\"button\" data-videoid=\"kHYl_0bHT9s\" class=\"epyt-gallery-thumb\"><div class=\"epyt-gallery-img-box\"><div class=\"epyt-gallery-img lazyload\" style=\"background-image:inherit\" data-bg-image=\"url(https:\/\/i.ytimg.com\/vi\/kHYl_0bHT9s\/hqdefault.jpg)\"><div class=\"epyt-gallery-playhover\"><img decoding=\"async\" alt=\"play\" class=\"epyt-play-img\" width=\"30\" height=\"23\" src=\"https:\/\/dharmaholistika.com\/wp-content\/plugins\/youtube-embed-plus\/images\/playhover.png\" data-no-lazy=\"1\" data-skipgform_ajax_framebjll=\"\" \/><div class=\"epyt-gallery-playcrutch\"><\/div><\/div><\/div><\/div><div class=\"epyt-gallery-title\">November 1-12, 2025<\/div><\/div><div class=\"epyt-gallery-rowbreak\"><\/div><div tabindex=\"0\" role=\"button\" data-videoid=\"j0oV5dB1qUI\" class=\"epyt-gallery-thumb\"><div class=\"epyt-gallery-img-box\"><div class=\"epyt-gallery-img lazyload\" style=\"background-image:inherit\" data-bg-image=\"url(https:\/\/i.ytimg.com\/vi\/j0oV5dB1qUI\/hqdefault.jpg)\"><div class=\"epyt-gallery-playhover\"><img decoding=\"async\" alt=\"play\" class=\"epyt-play-img\" width=\"30\" height=\"23\" src=\"https:\/\/dharmaholistika.com\/wp-content\/plugins\/youtube-embed-plus\/images\/playhover.png\" data-no-lazy=\"1\" data-skipgform_ajax_framebjll=\"\" \/><div class=\"epyt-gallery-playcrutch\"><\/div><\/div><\/div><\/div><div class=\"epyt-gallery-title\">Teresa Su\u00e1rez &#8211; Magical Peru Retreat: Sacred Travel Journey<\/div><\/div><div tabindex=\"0\" role=\"button\" data-videoid=\"5b-GYVE7ynY\" class=\"epyt-gallery-thumb\"><div class=\"epyt-gallery-img-box\"><div class=\"epyt-gallery-img lazyload\" style=\"background-image:inherit\" data-bg-image=\"url(https:\/\/i.ytimg.com\/vi\/5b-GYVE7ynY\/hqdefault.jpg)\"><div class=\"epyt-gallery-playhover\"><img decoding=\"async\" alt=\"play\" class=\"epyt-play-img\" width=\"30\" height=\"23\" src=\"https:\/\/dharmaholistika.com\/wp-content\/plugins\/youtube-embed-plus\/images\/playhover.png\" data-no-lazy=\"1\" data-skipgform_ajax_framebjll=\"\" \/><div class=\"epyt-gallery-playcrutch\"><\/div><\/div><\/div><\/div><div class=\"epyt-gallery-title\">Teresa Su\u00e1rez &#8211; Testimonio Retiro Per\u00fa M\u00e1gico 2024<\/div><\/div><div tabindex=\"0\" role=\"button\" data-videoid=\"5T4cGez4UoU\" class=\"epyt-gallery-thumb\"><div class=\"epyt-gallery-img-box\"><div class=\"epyt-gallery-img lazyload\" style=\"background-image:inherit\" data-bg-image=\"url(https:\/\/i.ytimg.com\/vi\/5T4cGez4UoU\/hqdefault.jpg)\"><div class=\"epyt-gallery-playhover\"><img decoding=\"async\" alt=\"play\" class=\"epyt-play-img\" width=\"30\" height=\"23\" src=\"https:\/\/dharmaholistika.com\/wp-content\/plugins\/youtube-embed-plus\/images\/playhover.png\" data-no-lazy=\"1\" data-skipgform_ajax_framebjll=\"\" \/><div class=\"epyt-gallery-playcrutch\"><\/div><\/div><\/div><\/div><div class=\"epyt-gallery-title\">Alma Mac\u00edas- Testimonio Retiro Peru M\u00e1gico 2024<\/div><\/div><div class=\"epyt-gallery-rowbreak\"><\/div><div tabindex=\"0\" role=\"button\" data-videoid=\"kcFkBCMhbbk\" class=\"epyt-gallery-thumb\"><div class=\"epyt-gallery-img-box\"><div class=\"epyt-gallery-img lazyload\" style=\"background-image:inherit\" data-bg-image=\"url(https:\/\/i.ytimg.com\/vi\/kcFkBCMhbbk\/hqdefault.jpg)\"><div class=\"epyt-gallery-playhover\"><img decoding=\"async\" alt=\"play\" class=\"epyt-play-img\" width=\"30\" height=\"23\" src=\"https:\/\/dharmaholistika.com\/wp-content\/plugins\/youtube-embed-plus\/images\/playhover.png\" data-no-lazy=\"1\" data-skipgform_ajax_framebjll=\"\" \/><div class=\"epyt-gallery-playcrutch\"><\/div><\/div><\/div><\/div><div class=\"epyt-gallery-title\">Lourdes Ortega &#8211; Testimonio Retiro Peru M\u00e1gico 2024<\/div><\/div><div tabindex=\"0\" role=\"button\" data-videoid=\"AJoClxRN-Ic\" class=\"epyt-gallery-thumb\"><div class=\"epyt-gallery-img-box\"><div class=\"epyt-gallery-img lazyload\" style=\"background-image:inherit\" data-bg-image=\"url(https:\/\/i.ytimg.com\/vi\/AJoClxRN-Ic\/hqdefault.jpg)\"><div class=\"epyt-gallery-playhover\"><img decoding=\"async\" alt=\"play\" class=\"epyt-play-img\" width=\"30\" height=\"23\" src=\"https:\/\/dharmaholistika.com\/wp-content\/plugins\/youtube-embed-plus\/images\/playhover.png\" data-no-lazy=\"1\" data-skipgform_ajax_framebjll=\"\" \/><div class=\"epyt-gallery-playcrutch\"><\/div><\/div><\/div><\/div><div class=\"epyt-gallery-title\">Dharma Holistika Retreats Featured on Chicas Guapas America TV<\/div><\/div><div tabindex=\"0\" role=\"button\" data-videoid=\"trM3X9QZ_Yg\" class=\"epyt-gallery-thumb\"><div class=\"epyt-gallery-img-box\"><div class=\"epyt-gallery-img lazyload\" style=\"background-image:inherit\" data-bg-image=\"url(https:\/\/i.ytimg.com\/vi\/trM3X9QZ_Yg\/hqdefault.jpg)\"><div class=\"epyt-gallery-playhover\"><img decoding=\"async\" alt=\"play\" class=\"epyt-play-img\" width=\"30\" height=\"23\" src=\"https:\/\/dharmaholistika.com\/wp-content\/plugins\/youtube-embed-plus\/images\/playhover.png\" data-no-lazy=\"1\" data-skipgform_ajax_framebjll=\"\" \/><div class=\"epyt-gallery-playcrutch\"><\/div><\/div><\/div><\/div><div class=\"epyt-gallery-title\">#SacredTravel #Testimonios #PeruMagico2024<\/div><\/div><div class=\"epyt-gallery-rowbreak\"><\/div><div tabindex=\"0\" role=\"button\" data-videoid=\"7j7fPzK61Eg\" class=\"epyt-gallery-thumb\"><div class=\"epyt-gallery-img-box\"><div class=\"epyt-gallery-img lazyload\" style=\"background-image:inherit\" data-bg-image=\"url(https:\/\/i.ytimg.com\/vi\/7j7fPzK61Eg\/hqdefault.jpg)\"><div class=\"epyt-gallery-playhover\"><img decoding=\"async\" alt=\"play\" class=\"epyt-play-img\" width=\"30\" height=\"23\" src=\"https:\/\/dharmaholistika.com\/wp-content\/plugins\/youtube-embed-plus\/images\/playhover.png\" data-no-lazy=\"1\" data-skipgform_ajax_framebjll=\"\" \/><div class=\"epyt-gallery-playcrutch\"><\/div><\/div><\/div><\/div><div class=\"epyt-gallery-title\">Raquel Manrique\u2019s testimony on Awaken your Essence Tulum retreat<\/div><\/div><div tabindex=\"0\" role=\"button\" data-videoid=\"kvs9bwGm1i8\" class=\"epyt-gallery-thumb\"><div class=\"epyt-gallery-img-box\"><div class=\"epyt-gallery-img lazyload\" style=\"background-image:inherit\" data-bg-image=\"url(https:\/\/i.ytimg.com\/vi\/kvs9bwGm1i8\/hqdefault.jpg)\"><div class=\"epyt-gallery-playhover\"><img decoding=\"async\" alt=\"play\" class=\"epyt-play-img\" width=\"30\" height=\"23\" src=\"https:\/\/dharmaholistika.com\/wp-content\/plugins\/youtube-embed-plus\/images\/playhover.png\" data-no-lazy=\"1\" data-skipgform_ajax_framebjll=\"\" \/><div class=\"epyt-gallery-playcrutch\"><\/div><\/div><\/div><\/div><div class=\"epyt-gallery-title\">Testimonio de Lissette sobre el retiro Awaken your Essence Tulum<\/div><\/div><div tabindex=\"0\" role=\"button\" data-videoid=\"FxNNVH_fNqg\" class=\"epyt-gallery-thumb\"><div class=\"epyt-gallery-img-box\"><div class=\"epyt-gallery-img lazyload\" style=\"background-image:inherit\" data-bg-image=\"url(https:\/\/i.ytimg.com\/vi\/FxNNVH_fNqg\/hqdefault.jpg)\"><div class=\"epyt-gallery-playhover\"><img decoding=\"async\" alt=\"play\" class=\"epyt-play-img\" width=\"30\" height=\"23\" src=\"https:\/\/dharmaholistika.com\/wp-content\/plugins\/youtube-embed-plus\/images\/playhover.png\" data-no-lazy=\"1\" data-skipgform_ajax_framebjll=\"\" \/><div class=\"epyt-gallery-playcrutch\"><\/div><\/div><\/div><\/div><div class=\"epyt-gallery-title\">Testimonio de Sara sobre el retiro Awaken your Essence Tulum<\/div><\/div><div class=\"epyt-gallery-rowbreak\"><\/div><div tabindex=\"0\" role=\"button\" data-videoid=\"AmJH-JmS_qY\" class=\"epyt-gallery-thumb\"><div class=\"epyt-gallery-img-box\"><div class=\"epyt-gallery-img lazyload\" style=\"background-image:inherit\" data-bg-image=\"url(https:\/\/i.ytimg.com\/vi\/AmJH-JmS_qY\/hqdefault.jpg)\"><div class=\"epyt-gallery-playhover\"><img decoding=\"async\" alt=\"play\" class=\"epyt-play-img\" width=\"30\" height=\"23\" src=\"https:\/\/dharmaholistika.com\/wp-content\/plugins\/youtube-embed-plus\/images\/playhover.png\" data-no-lazy=\"1\" data-skipgform_ajax_framebjll=\"\" \/><div class=\"epyt-gallery-playcrutch\"><\/div><\/div><\/div><\/div><div class=\"epyt-gallery-title\">Testimonio de Alba sobre el retiro Awaken your Essence Tulum<\/div><\/div><div tabindex=\"0\" role=\"button\" data-videoid=\"hYMGlAHdBSQ\" class=\"epyt-gallery-thumb\"><div class=\"epyt-gallery-img-box\"><div class=\"epyt-gallery-img lazyload\" style=\"background-image:inherit\" data-bg-image=\"url(https:\/\/i.ytimg.com\/vi\/hYMGlAHdBSQ\/hqdefault.jpg)\"><div class=\"epyt-gallery-playhover\"><img decoding=\"async\" alt=\"play\" class=\"epyt-play-img\" width=\"30\" height=\"23\" src=\"https:\/\/dharmaholistika.com\/wp-content\/plugins\/youtube-embed-plus\/images\/playhover.png\" data-no-lazy=\"1\" data-skipgform_ajax_framebjll=\"\" \/><div class=\"epyt-gallery-playcrutch\"><\/div><\/div><\/div><\/div><div class=\"epyt-gallery-title\">Testimonio de Esmeralda sobre el retiro Awaken your Essence Tulum<\/div><\/div><div tabindex=\"0\" role=\"button\" data-videoid=\"SWlf7b_CqCY\" class=\"epyt-gallery-thumb\"><div class=\"epyt-gallery-img-box\"><div class=\"epyt-gallery-img lazyload\" style=\"background-image:inherit\" data-bg-image=\"url(https:\/\/i.ytimg.com\/vi\/SWlf7b_CqCY\/hqdefault.jpg)\"><div class=\"epyt-gallery-playhover\"><img decoding=\"async\" alt=\"play\" class=\"epyt-play-img\" width=\"30\" height=\"23\" src=\"https:\/\/dharmaholistika.com\/wp-content\/plugins\/youtube-embed-plus\/images\/playhover.png\" data-no-lazy=\"1\" data-skipgform_ajax_framebjll=\"\" \/><div class=\"epyt-gallery-playcrutch\"><\/div><\/div><\/div><\/div><div class=\"epyt-gallery-title\">Testimonio de Raquel sobre el retiro Awaken your Essence Tulum<\/div><\/div><div class=\"epyt-gallery-rowbreak\"><\/div><div class=\"epyt-gallery-clear\"><\/div><\/div><div class=\"epyt-pagination \"><div tabindex=\"0\" role=\"button\" class=\"epyt-pagebutton epyt-prev  hide \" data-playlistid=\"UU92S4Rd_P1K-UZJgXd7siTg\" data-pagesize=\"15\" data-pagetoken=\"\" data-epcolumns=\"3\" data-showtitle=\"1\" data-showpaging=\"1\" data-autonext=\"1\" data-thumbplay=\"0\"><div class=\"epyt-arrow\">&laquo;<\/div> <div>Anterior<\/div><\/div><div class=\"epyt-pagenumbers \"><div class=\"epyt-current\">1<\/div><div class=\"epyt-pageseparator\"> \/ <\/div><div class=\"epyt-totalpages\">5<\/div><\/div><div tabindex=\"0\" role=\"button\" class=\"epyt-pagebutton epyt-next\" data-playlistid=\"UU92S4Rd_P1K-UZJgXd7siTg\" data-pagesize=\"15\" data-pagetoken=\"EAAaHlBUOkNBOGlFRVU1UlRCQ05VSTFPRGM0UlRZMVJrRQ\" data-epcolumns=\"3\" data-showtitle=\"1\" data-showpaging=\"1\" data-autonext=\"1\" data-thumbplay=\"0\"><div>Siguiente<\/div> <div class=\"epyt-arrow\">&raquo;<\/div><\/div><div class=\"epyt-loader\"><img decoding=\"async\" alt=\"loading\" width=\"16\" height=\"11\" data-src=\"https:\/\/dharmaholistika.com\/wp-content\/plugins\/youtube-embed-plus\/images\/gallery-page-loader.gif\" src=\"data:image\/gif;base64,R0lGODlhAQABAAAAACH5BAEKAAEALAAAAAABAAEAAAICTAEAOw==\" class=\"lazyload\" style=\"--smush-placeholder-width: 16px; --smush-placeholder-aspect-ratio: 16\/11;\"><\/div><\/div><\/div><\/div>\t\t\t\t\t\t\t\t<\/div>\n\t\t\t\t<\/div>\n\t\t\t\t<\/div>\n\t\t\t\t<\/div>\n\t\t","protected":false},"excerpt":{"rendered":"<p>Videos<\/p>\n","protected":false},"author":2,"featured_media":0,"parent":0,"menu_order":0,"comment_status":"closed","ping_status":"closed","template":"elementor_header_footer","meta":{"_monsterinsights_skip_tracking":false,"_monsterinsights_sitenote_active":false,"_monsterinsights_sitenote_note":"","_monsterinsights_sitenote_category":0,"_joinchat":[],"footnotes":""},"class_list":["post-3343","page","type-page","status-publish","hentry"],"yoast_head":"<!-- This site is optimized with the Yoast SEO Premium plugin v20.8 (Yoast SEO v24.5) - https:\/\/yoast.com\/wordpress\/plugins\/seo\/ -->\n<title>Videos | Dharma Holistika<\/title>\n<meta name=\"robots\" content=\"index, follow, max-snippet:-1, max-image-preview:large, max-video-preview:-1\" \/>\n<link rel=\"canonical\" href=\"https:\/\/dharmaholistika.com\/es\/videos\/\" \/>\n<meta property=\"og:locale\" content=\"es_ES\" \/>\n<meta property=\"og:type\" content=\"article\" \/>\n<meta property=\"og:title\" content=\"Videos\" \/>\n<meta property=\"og:description\" content=\"Videos\" \/>\n<meta property=\"og:url\" content=\"https:\/\/dharmaholistika.com\/es\/videos\/\" \/>\n<meta property=\"og:site_name\" content=\"Dharma Holistika\" \/>\n<meta property=\"article:publisher\" content=\"https:\/\/www.facebook.com\/dharmaholistika\" \/>\n<meta property=\"article:modified_time\" content=\"2024-08-28T19:08:28+00:00\" \/>\n<meta property=\"og:image\" content=\"https:\/\/dharmaholistika.com\/wp-content\/uploads\/2023\/12\/Logo-dharma.png\" \/>\n\t<meta property=\"og:image:width\" content=\"1531\" \/>\n\t<meta property=\"og:image:height\" content=\"396\" \/>\n\t<meta property=\"og:image:type\" content=\"image\/png\" \/>\n<meta name=\"twitter:card\" content=\"summary_large_image\" \/>\n<meta name=\"twitter:label1\" content=\"Tiempo de lectura\" \/>\n\t<meta name=\"twitter:data1\" content=\"1 minuto\" \/>\n<script type=\"application\/ld+json\" class=\"yoast-schema-graph\">{\"@context\":\"https:\/\/schema.org\",\"@graph\":[{\"@type\":\"WebPage\",\"@id\":\"https:\/\/dharmaholistika.com\/es\/videos\/\",\"url\":\"https:\/\/dharmaholistika.com\/es\/videos\/\",\"name\":\"Videos | Dharma Holistika\",\"isPartOf\":{\"@id\":\"https:\/\/dharmaholistika.com\/#website\"},\"datePublished\":\"2023-12-08T20:57:55+00:00\",\"dateModified\":\"2024-08-28T19:08:28+00:00\",\"breadcrumb\":{\"@id\":\"https:\/\/dharmaholistika.com\/es\/videos\/#breadcrumb\"},\"inLanguage\":\"es\",\"potentialAction\":[{\"@type\":\"ReadAction\",\"target\":[\"https:\/\/dharmaholistika.com\/es\/videos\/\"]}]},{\"@type\":\"BreadcrumbList\",\"@id\":\"https:\/\/dharmaholistika.com\/es\/videos\/#breadcrumb\",\"itemListElement\":[{\"@type\":\"ListItem\",\"position\":1,\"name\":\"Home\",\"item\":\"https:\/\/dharmaholistika.com\/es\/\"},{\"@type\":\"ListItem\",\"position\":2,\"name\":\"Videos\"}]},{\"@type\":\"WebSite\",\"@id\":\"https:\/\/dharmaholistika.com\/#website\",\"url\":\"https:\/\/dharmaholistika.com\/\",\"name\":\"Dharma Holistika\",\"description\":\"Transforma tu realidad\",\"publisher\":{\"@id\":\"https:\/\/dharmaholistika.com\/#organization\"},\"potentialAction\":[{\"@type\":\"SearchAction\",\"target\":{\"@type\":\"EntryPoint\",\"urlTemplate\":\"https:\/\/dharmaholistika.com\/?s={search_term_string}\"},\"query-input\":{\"@type\":\"PropertyValueSpecification\",\"valueRequired\":true,\"valueName\":\"search_term_string\"}}],\"inLanguage\":\"es\"},{\"@type\":\"Organization\",\"@id\":\"https:\/\/dharmaholistika.com\/#organization\",\"name\":\"Dharma Holistika\",\"url\":\"https:\/\/dharmaholistika.com\/\",\"logo\":{\"@type\":\"ImageObject\",\"inLanguage\":\"es\",\"@id\":\"https:\/\/dharmaholistika.com\/#\/schema\/logo\/image\/\",\"url\":\"https:\/\/dharmaholistika.com\/wp-content\/uploads\/2023\/12\/Logo-dharma.png\",\"contentUrl\":\"https:\/\/dharmaholistika.com\/wp-content\/uploads\/2023\/12\/Logo-dharma.png\",\"width\":1531,\"height\":396,\"caption\":\"Dharma Holistika\"},\"image\":{\"@id\":\"https:\/\/dharmaholistika.com\/#\/schema\/logo\/image\/\"},\"sameAs\":[\"https:\/\/www.facebook.com\/dharmaholistika\",\"https:\/\/www.instagram.com\/dharmaholistika\/\"]}]}<\/script>\n<!-- \/ Yoast SEO Premium plugin. -->","yoast_head_json":{"title":"Videos | Dharma Holistika","robots":{"index":"index","follow":"follow","max-snippet":"max-snippet:-1","max-image-preview":"max-image-preview:large","max-video-preview":"max-video-preview:-1"},"canonical":"https:\/\/dharmaholistika.com\/es\/videos\/","og_locale":"es_ES","og_type":"article","og_title":"Videos","og_description":"Videos","og_url":"https:\/\/dharmaholistika.com\/es\/videos\/","og_site_name":"Dharma Holistika","article_publisher":"https:\/\/www.facebook.com\/dharmaholistika","article_modified_time":"2024-08-28T19:08:28+00:00","og_image":[{"width":1531,"height":396,"url":"https:\/\/dharmaholistika.com\/wp-content\/uploads\/2023\/12\/Logo-dharma.png","type":"image\/png"}],"twitter_card":"summary_large_image","twitter_misc":{"Tiempo de lectura":"1 minuto"},"schema":{"@context":"https:\/\/schema.org","@graph":[{"@type":"WebPage","@id":"https:\/\/dharmaholistika.com\/es\/videos\/","url":"https:\/\/dharmaholistika.com\/es\/videos\/","name":"Videos | Dharma Holistika","isPartOf":{"@id":"https:\/\/dharmaholistika.com\/#website"},"datePublished":"2023-12-08T20:57:55+00:00","dateModified":"2024-08-28T19:08:28+00:00","breadcrumb":{"@id":"https:\/\/dharmaholistika.com\/es\/videos\/#breadcrumb"},"inLanguage":"es","potentialAction":[{"@type":"ReadAction","target":["https:\/\/dharmaholistika.com\/es\/videos\/"]}]},{"@type":"BreadcrumbList","@id":"https:\/\/dharmaholistika.com\/es\/videos\/#breadcrumb","itemListElement":[{"@type":"ListItem","position":1,"name":"Home","item":"https:\/\/dharmaholistika.com\/es\/"},{"@type":"ListItem","position":2,"name":"Videos"}]},{"@type":"WebSite","@id":"https:\/\/dharmaholistika.com\/#website","url":"https:\/\/dharmaholistika.com\/","name":"Dharma Holistika","description":"Transforma tu realidad","publisher":{"@id":"https:\/\/dharmaholistika.com\/#organization"},"potentialAction":[{"@type":"SearchAction","target":{"@type":"EntryPoint","urlTemplate":"https:\/\/dharmaholistika.com\/?s={search_term_string}"},"query-input":{"@type":"PropertyValueSpecification","valueRequired":true,"valueName":"search_term_string"}}],"inLanguage":"es"},{"@type":"Organization","@id":"https:\/\/dharmaholistika.com\/#organization","name":"Dharma Holistika","url":"https:\/\/dharmaholistika.com\/","logo":{"@type":"ImageObject","inLanguage":"es","@id":"https:\/\/dharmaholistika.com\/#\/schema\/logo\/image\/","url":"https:\/\/dharmaholistika.com\/wp-content\/uploads\/2023\/12\/Logo-dharma.png","contentUrl":"https:\/\/dharmaholistika.com\/wp-content\/uploads\/2023\/12\/Logo-dharma.png","width":1531,"height":396,"caption":"Dharma Holistika"},"image":{"@id":"https:\/\/dharmaholistika.com\/#\/schema\/logo\/image\/"},"sameAs":["https:\/\/www.facebook.com\/dharmaholistika","https:\/\/www.instagram.com\/dharmaholistika\/"]}]}},"_links":{"self":[{"href":"https:\/\/dharmaholistika.com\/es\/wp-json\/wp\/v2\/pages\/3343","targetHints":{"allow":["GET"]}}],"collection":[{"href":"https:\/\/dharmaholistika.com\/es\/wp-json\/wp\/v2\/pages"}],"about":[{"href":"https:\/\/dharmaholistika.com\/es\/wp-json\/wp\/v2\/types\/page"}],"author":[{"embeddable":true,"href":"https:\/\/dharmaholistika.com\/es\/wp-json\/wp\/v2\/users\/2"}],"replies":[{"embeddable":true,"href":"https:\/\/dharmaholistika.com\/es\/wp-json\/wp\/v2\/comments?post=3343"}],"version-history":[{"count":114,"href":"https:\/\/dharmaholistika.com\/es\/wp-json\/wp\/v2\/pages\/3343\/revisions"}],"predecessor-version":[{"id":6785,"href":"https:\/\/dharmaholistika.com\/es\/wp-json\/wp\/v2\/pages\/3343\/revisions\/6785"}],"wp:attachment":[{"href":"https:\/\/dharmaholistika.com\/es\/wp-json\/wp\/v2\/media?parent=3343"}],"curies":[{"name":"wp","href":"https:\/\/api.w.org\/{rel}","templated":true}]}}