{"id":4538,"date":"2024-02-08T05:45:32","date_gmt":"2024-02-08T13:45:32","guid":{"rendered":"https:\/\/dharmaholistika.com\/?page_id=4538"},"modified":"2024-11-13T13:06:15","modified_gmt":"2024-11-13T21:06:15","slug":"mentoria","status":"publish","type":"page","link":"https:\/\/dharmaholistika.com\/es\/mentoria\/","title":{"rendered":"Mentor\u00eda"},"content":{"rendered":"\t\t<div data-elementor-type=\"wp-page\" data-elementor-id=\"4538\" class=\"elementor elementor-4538\" data-elementor-post-type=\"page\">\n\t\t\t\t<div class=\"elementor-element elementor-element-cf4d277 e-con-full e-flex e-con e-parent\" data-id=\"cf4d277\" data-element_type=\"container\">\n\t\t<div class=\"elementor-element elementor-element-7acdd2e e-con-full e-flex e-con e-child\" data-id=\"7acdd2e\" data-element_type=\"container\" data-settings=\"{&quot;background_background&quot;:&quot;classic&quot;}\">\n\t\t<div class=\"elementor-element elementor-element-ef7ecdf e-con-full e-flex e-con e-child\" data-id=\"ef7ecdf\" data-element_type=\"container\" data-settings=\"{&quot;background_background&quot;:&quot;classic&quot;}\">\n\t\t<div class=\"elementor-element elementor-element-8ed1883 e-flex e-con-boxed e-con e-child\" data-id=\"8ed1883\" data-element_type=\"container\">\n\t\t\t\t\t<div class=\"e-con-inner\">\n\t\t\t\t<div class=\"elementor-element elementor-element-3e49f8d elementor-hidden-desktop elementor-hidden-tablet elementor-widget elementor-widget-heading\" data-id=\"3e49f8d\" data-element_type=\"widget\" data-widget_type=\"heading.default\">\n\t\t\t\t<div class=\"elementor-widget-container\">\n\t\t\t\t\t<h1 class=\"elementor-heading-title elementor-size-default\"><span style=\"font-family: montserrat\">Mentor\u00eda<\/span><\/h1>\t\t\t\t<\/div>\n\t\t\t\t<\/div>\n\t\t\t\t<div class=\"elementor-element elementor-element-d5c1b3b elementor-hidden-mobile elementor-widget elementor-widget-heading\" data-id=\"d5c1b3b\" data-element_type=\"widget\" data-widget_type=\"heading.default\">\n\t\t\t\t<div class=\"elementor-widget-container\">\n\t\t\t\t\t<h1 class=\"elementor-heading-title elementor-size-default\"><span style=\"font-family: montserrat\">Mentor\u00eda<\/span><\/h1>\t\t\t\t<\/div>\n\t\t\t\t<\/div>\n\t\t\t\t<div class=\"elementor-element elementor-element-819e45c elementor-widget elementor-widget-spacer\" data-id=\"819e45c\" data-element_type=\"widget\" data-widget_type=\"spacer.default\">\n\t\t\t\t<div class=\"elementor-widget-container\">\n\t\t\t\t\t\t\t<div class=\"elementor-spacer\">\n\t\t\t<div class=\"elementor-spacer-inner\"><\/div>\n\t\t<\/div>\n\t\t\t\t\t\t<\/div>\n\t\t\t\t<\/div>\n\t\t\t\t<div class=\"elementor-element elementor-element-dbdcb66 elementor-widget elementor-widget-spacer\" data-id=\"dbdcb66\" data-element_type=\"widget\" data-widget_type=\"spacer.default\">\n\t\t\t\t<div class=\"elementor-widget-container\">\n\t\t\t\t\t\t\t<div class=\"elementor-spacer\">\n\t\t\t<div class=\"elementor-spacer-inner\"><\/div>\n\t\t<\/div>\n\t\t\t\t\t\t<\/div>\n\t\t\t\t<\/div>\n\t\t\t\t\t<\/div>\n\t\t\t\t<\/div>\n\t\t\t\t<\/div>\n\t\t<div class=\"elementor-element elementor-element-828f94c e-flex e-con-boxed e-con e-child\" data-id=\"828f94c\" data-element_type=\"container\">\n\t\t\t\t\t<div class=\"e-con-inner\">\n\t\t\t\t<div class=\"elementor-element elementor-element-d71c151 elementor-widget elementor-widget-heading\" data-id=\"d71c151\" data-element_type=\"widget\" data-widget_type=\"heading.default\">\n\t\t\t\t<div class=\"elementor-widget-container\">\n\t\t\t\t\t<h2 class=\"elementor-heading-title elementor-size-default\"><span style=\"font-family: montserrat\">EN UNA MISI\u00d3N PARA FOMENTAR LA TRANSFORMACI\u00d3N PERSONAL <\/span><\/h2>\t\t\t\t<\/div>\n\t\t\t\t<\/div>\n\t\t\t\t\t<\/div>\n\t\t\t\t<\/div>\n\t\t\t\t<\/div>\n\t\t\t\t<div class=\"elementor-element elementor-element-adf6424 elementor-widget elementor-widget-heading\" data-id=\"adf6424\" data-element_type=\"widget\" data-widget_type=\"heading.default\">\n\t\t\t\t<div class=\"elementor-widget-container\">\n\t\t\t\t\t<h2 class=\"elementor-heading-title elementor-size-default\"><span style=\"font-family: montserrat\">Trabaja Conmigo<\/span><\/h2>\t\t\t\t<\/div>\n\t\t\t\t<\/div>\n\t\t\t\t<\/div>\n\t\t<div class=\"elementor-element elementor-element-0206289 e-con-full e-flex e-con e-parent\" data-id=\"0206289\" data-element_type=\"container\">\n\t\t<div class=\"elementor-element elementor-element-db1547a e-con-full e-flex e-con e-child\" data-id=\"db1547a\" data-element_type=\"container\">\n\t\t\t\t<div class=\"elementor-element elementor-element-b348653 elementor-widget elementor-widget-image\" data-id=\"b348653\" data-element_type=\"widget\" data-widget_type=\"image.default\">\n\t\t\t\t<div class=\"elementor-widget-container\">\n\t\t\t\t\t\t\t\t\t\t\t\t\t\t\t<img fetchpriority=\"high\" decoding=\"async\" width=\"1024\" height=\"684\" src=\"https:\/\/dharmaholistika.com\/wp-content\/uploads\/2024\/01\/tulum-fondo2-1024x684.jpg\" class=\"attachment-large size-large wp-image-4434\" alt=\"\" srcset=\"https:\/\/dharmaholistika.com\/wp-content\/uploads\/2024\/01\/tulum-fondo2-1024x684.jpg 1024w, https:\/\/dharmaholistika.com\/wp-content\/uploads\/2024\/01\/tulum-fondo2-300x200.jpg 300w, https:\/\/dharmaholistika.com\/wp-content\/uploads\/2024\/01\/tulum-fondo2-768x513.jpg 768w, https:\/\/dharmaholistika.com\/wp-content\/uploads\/2024\/01\/tulum-fondo2-1536x1026.jpg 1536w, https:\/\/dharmaholistika.com\/wp-content\/uploads\/2024\/01\/tulum-fondo2-600x401.jpg 600w, https:\/\/dharmaholistika.com\/wp-content\/uploads\/2024\/01\/tulum-fondo2.jpg 1920w\" sizes=\"(max-width: 1024px) 100vw, 1024px\" \/>\t\t\t\t\t\t\t\t\t\t\t\t\t\t\t<\/div>\n\t\t\t\t<\/div>\n\t\t\t\t<\/div>\n\t\t<div class=\"elementor-element elementor-element-bb2be11 e-con-full e-flex e-con e-child\" data-id=\"bb2be11\" data-element_type=\"container\">\n\t\t\t\t<div class=\"elementor-element elementor-element-10318eb elementor-view-default elementor-widget elementor-widget-icon\" data-id=\"10318eb\" data-element_type=\"widget\" data-widget_type=\"icon.default\">\n\t\t\t\t<div class=\"elementor-widget-container\">\n\t\t\t\t\t\t\t<div class=\"elementor-icon-wrapper\">\n\t\t\t<div class=\"elementor-icon\">\n\t\t\t<i aria-hidden=\"true\" class=\"fas fa-people-arrows\"><\/i>\t\t\t<\/div>\n\t\t<\/div>\n\t\t\t\t\t\t<\/div>\n\t\t\t\t<\/div>\n\t\t\t\t<div class=\"elementor-element elementor-element-8d93c25 elementor-widget elementor-widget-heading\" data-id=\"8d93c25\" data-element_type=\"widget\" data-widget_type=\"heading.default\">\n\t\t\t\t<div class=\"elementor-widget-container\">\n\t\t\t\t\t<h2 class=\"elementor-heading-title elementor-size-default\"><span style=\"font-family: montserrat\">Consulta Gratis<\/span><\/h2>\t\t\t\t<\/div>\n\t\t\t\t<\/div>\n\t\t\t\t<div class=\"elementor-element elementor-element-a1cca34 elementor-widget elementor-widget-text-editor\" data-id=\"a1cca34\" data-element_type=\"widget\" data-widget_type=\"text-editor.default\">\n\t\t\t\t<div class=\"elementor-widget-container\">\n\t\t\t\t\t\t\t\t\t\u00bfBuscas un enfoque m\u00e1s natural para tu bienestar? \u00a1Reg\u00e1late un momento de conexi\u00f3n y autodescubrimiento, agenda tu sesi\u00f3n gratuita para que descubras de qu\u00e9 forma puedo ayudarte \t\t\t\t\t\t\t\t<\/div>\n\t\t\t\t<\/div>\n\t\t\t\t<div class=\"elementor-element elementor-element-ba2d42c score-align-center elementor-widget elementor-widget-score-button\" data-id=\"ba2d42c\" data-element_type=\"widget\" data-widget_type=\"score-button.default\">\n\t\t\t\t<div class=\"elementor-widget-container\">\n\t\t\t\t\t\t\t<div class=\"score-btn-wrapper\">\n\t\t\t<a href=\"https:\/\/dharmaholistika.com\/consulta-gratis\/\" class=\"score-btn score-btn-primary\" role=\"button\">\n\t\t\t\t\t\t<span class=\"score-btn-inner\">\n\t\t\t\t\t\t<span class=\"btn-text\">Agendar<\/span>\n\t\t<\/span>\n\t\t\t\t\t<\/a>\n\t\t<\/div>\n\t\t\t\t\t\t<\/div>\n\t\t\t\t<\/div>\n\t\t\t\t<\/div>\n\t\t\t\t<\/div>\n\t\t<div class=\"elementor-element elementor-element-c13cec6 e-con-full e-flex e-con e-parent\" data-id=\"c13cec6\" data-element_type=\"container\">\n\t\t<div class=\"elementor-element elementor-element-711e638 e-con-full e-flex e-con e-child\" data-id=\"711e638\" data-element_type=\"container\">\n\t\t\t\t<div class=\"elementor-element elementor-element-2d0a43a elementor-view-default elementor-widget elementor-widget-icon\" data-id=\"2d0a43a\" data-element_type=\"widget\" data-widget_type=\"icon.default\">\n\t\t\t\t<div class=\"elementor-widget-container\">\n\t\t\t\t\t\t\t<div class=\"elementor-icon-wrapper\">\n\t\t\t<div class=\"elementor-icon\">\n\t\t\t<i aria-hidden=\"true\" class=\"fas fa-people-arrows\"><\/i>\t\t\t<\/div>\n\t\t<\/div>\n\t\t\t\t\t\t<\/div>\n\t\t\t\t<\/div>\n\t\t\t\t<div class=\"elementor-element elementor-element-4793f4c elementor-widget elementor-widget-heading\" data-id=\"4793f4c\" data-element_type=\"widget\" data-widget_type=\"heading.default\">\n\t\t\t\t<div class=\"elementor-widget-container\">\n\t\t\t\t\t<h2 class=\"elementor-heading-title elementor-size-default\"><span style=\"font-family: montserrat\">1:1 Individual<\/span><\/h2>\t\t\t\t<\/div>\n\t\t\t\t<\/div>\n\t\t\t\t<div class=\"elementor-element elementor-element-6a59700 elementor-widget elementor-widget-text-editor\" data-id=\"6a59700\" data-element_type=\"widget\" data-widget_type=\"text-editor.default\">\n\t\t\t\t<div class=\"elementor-widget-container\">\n\t\t\t\t\t\t\t\t\t<p>Sesi\u00f3n individual de coaching 1 a 1 de asesor\u00eda de bienestar completamente personalizada y privada con duraci\u00f3n de 60 minutos v\u00eda zoom.<\/p>\t\t\t\t\t\t\t\t<\/div>\n\t\t\t\t<\/div>\n\t\t\t\t<div class=\"elementor-element elementor-element-62da209 score-align-center elementor-widget elementor-widget-score-button\" data-id=\"62da209\" data-element_type=\"widget\" data-widget_type=\"score-button.default\">\n\t\t\t\t<div class=\"elementor-widget-container\">\n\t\t\t\t\t\t\t<div class=\"score-btn-wrapper\">\n\t\t\t<a href=\"https:\/\/dharmaholistika.com\/coaching-11\/\" class=\"score-btn score-btn-primary\" role=\"button\">\n\t\t\t\t\t\t<span class=\"score-btn-inner\">\n\t\t\t\t\t\t<span class=\"btn-text\">Ir a Coaching 1:1<\/span>\n\t\t<\/span>\n\t\t\t\t\t<\/a>\n\t\t<\/div>\n\t\t\t\t\t\t<\/div>\n\t\t\t\t<\/div>\n\t\t\t\t<\/div>\n\t\t<div class=\"elementor-element elementor-element-2198cf2 e-con-full e-flex e-con e-child\" data-id=\"2198cf2\" data-element_type=\"container\">\n\t\t\t\t<div class=\"elementor-element elementor-element-59bf4a6 elementor-widget elementor-widget-image\" data-id=\"59bf4a6\" data-element_type=\"widget\" data-widget_type=\"image.default\">\n\t\t\t\t<div class=\"elementor-widget-container\">\n\t\t\t\t\t\t\t\t\t\t\t\t\t\t\t<img decoding=\"async\" width=\"1024\" height=\"683\" data-src=\"https:\/\/dharmaholistika.com\/wp-content\/uploads\/2024\/08\/individual-DH-1024x683.jpg\" class=\"attachment-large size-large wp-image-5711 lazyload\" alt=\"\" data-srcset=\"https:\/\/dharmaholistika.com\/wp-content\/uploads\/2024\/08\/individual-DH-1024x683.jpg 1024w, https:\/\/dharmaholistika.com\/wp-content\/uploads\/2024\/08\/individual-DH-300x200.jpg 300w, https:\/\/dharmaholistika.com\/wp-content\/uploads\/2024\/08\/individual-DH-768x512.jpg 768w, https:\/\/dharmaholistika.com\/wp-content\/uploads\/2024\/08\/individual-DH-1536x1024.jpg 1536w, https:\/\/dharmaholistika.com\/wp-content\/uploads\/2024\/08\/individual-DH-600x400.jpg 600w, https:\/\/dharmaholistika.com\/wp-content\/uploads\/2024\/08\/individual-DH.jpg 1920w\" data-sizes=\"(max-width: 1024px) 100vw, 1024px\" src=\"data:image\/gif;base64,R0lGODlhAQABAAAAACH5BAEKAAEALAAAAAABAAEAAAICTAEAOw==\" style=\"--smush-placeholder-width: 1024px; --smush-placeholder-aspect-ratio: 1024\/683;\" \/>\t\t\t\t\t\t\t\t\t\t\t\t\t\t\t<\/div>\n\t\t\t\t<\/div>\n\t\t\t\t<\/div>\n\t\t\t\t<\/div>\n\t\t<div class=\"elementor-element elementor-element-e9f7d4d e-con-full e-flex e-con e-parent\" data-id=\"e9f7d4d\" data-element_type=\"container\">\n\t\t<div class=\"elementor-element elementor-element-2866c7e e-con-full e-flex e-con e-child\" data-id=\"2866c7e\" data-element_type=\"container\">\n\t\t\t\t<div class=\"elementor-element elementor-element-f6021a6 elementor-widget elementor-widget-image\" data-id=\"f6021a6\" data-element_type=\"widget\" data-widget_type=\"image.default\">\n\t\t\t\t<div class=\"elementor-widget-container\">\n\t\t\t\t\t\t\t\t\t\t\t\t\t\t\t<img decoding=\"async\" width=\"1024\" height=\"683\" data-src=\"https:\/\/dharmaholistika.com\/wp-content\/uploads\/2024\/08\/post-retiro-DH-1024x683.jpg\" class=\"attachment-large size-large wp-image-5709 lazyload\" alt=\"\" data-srcset=\"https:\/\/dharmaholistika.com\/wp-content\/uploads\/2024\/08\/post-retiro-DH-1024x683.jpg 1024w, https:\/\/dharmaholistika.com\/wp-content\/uploads\/2024\/08\/post-retiro-DH-300x200.jpg 300w, https:\/\/dharmaholistika.com\/wp-content\/uploads\/2024\/08\/post-retiro-DH-768x512.jpg 768w, https:\/\/dharmaholistika.com\/wp-content\/uploads\/2024\/08\/post-retiro-DH-1536x1024.jpg 1536w, https:\/\/dharmaholistika.com\/wp-content\/uploads\/2024\/08\/post-retiro-DH-600x400.jpg 600w, https:\/\/dharmaholistika.com\/wp-content\/uploads\/2024\/08\/post-retiro-DH.jpg 1920w\" data-sizes=\"(max-width: 1024px) 100vw, 1024px\" src=\"data:image\/gif;base64,R0lGODlhAQABAAAAACH5BAEKAAEALAAAAAABAAEAAAICTAEAOw==\" style=\"--smush-placeholder-width: 1024px; --smush-placeholder-aspect-ratio: 1024\/683;\" \/>\t\t\t\t\t\t\t\t\t\t\t\t\t\t\t<\/div>\n\t\t\t\t<\/div>\n\t\t\t\t<\/div>\n\t\t<div class=\"elementor-element elementor-element-08ea85a e-con-full e-flex e-con e-child\" data-id=\"08ea85a\" data-element_type=\"container\">\n\t\t\t\t<div class=\"elementor-element elementor-element-6ac274d elementor-view-default elementor-widget elementor-widget-icon\" data-id=\"6ac274d\" data-element_type=\"widget\" data-widget_type=\"icon.default\">\n\t\t\t\t<div class=\"elementor-widget-container\">\n\t\t\t\t\t\t\t<div class=\"elementor-icon-wrapper\">\n\t\t\t<div class=\"elementor-icon\">\n\t\t\t<i aria-hidden=\"true\" class=\"fas fa-people-carry\"><\/i>\t\t\t<\/div>\n\t\t<\/div>\n\t\t\t\t\t\t<\/div>\n\t\t\t\t<\/div>\n\t\t\t\t<div class=\"elementor-element elementor-element-b350833 elementor-widget elementor-widget-heading\" data-id=\"b350833\" data-element_type=\"widget\" data-widget_type=\"heading.default\">\n\t\t\t\t<div class=\"elementor-widget-container\">\n\t\t\t\t\t<h2 class=\"elementor-heading-title elementor-size-default\"><span style=\"font-family: montserrat\">1:1 Integraci\u00f3n post retiro<\/span><\/h2>\t\t\t\t<\/div>\n\t\t\t\t<\/div>\n\t\t\t\t<div class=\"elementor-element elementor-element-f4301a7 elementor-widget elementor-widget-text-editor\" data-id=\"f4301a7\" data-element_type=\"widget\" data-widget_type=\"text-editor.default\">\n\t\t\t\t<div class=\"elementor-widget-container\">\n\t\t\t\t\t\t\t\t\t<p>Sesi\u00f3n individual de coaching 1 a 1 de asesor\u00eda de bienestar completamente personalizada y privada con duraci\u00f3n de 90 a 120 minutos v\u00eda zoom en la cu\u00e1l podr\u00e1s recibir todas las herramientas necesarias para continuar con tu proceso de sanaci\u00f3n luego de que finaliza la experiencia inmersiva que acabas de vivir.<\/p>\t\t\t\t\t\t\t\t<\/div>\n\t\t\t\t<\/div>\n\t\t\t\t<div class=\"elementor-element elementor-element-8db9d9b score-align-center elementor-widget elementor-widget-score-button\" data-id=\"8db9d9b\" data-element_type=\"widget\" data-widget_type=\"score-button.default\">\n\t\t\t\t<div class=\"elementor-widget-container\">\n\t\t\t\t\t\t\t<div class=\"score-btn-wrapper\">\n\t\t\t<a href=\"https:\/\/dharmaholistika.com\/post-retiro\/\" class=\"score-btn score-btn-primary\" role=\"button\">\n\t\t\t\t\t\t<span class=\"score-btn-inner\">\n\t\t\t\t\t\t<span class=\"btn-text\">Ir a Post Retiro<\/span>\n\t\t<\/span>\n\t\t\t\t\t<\/a>\n\t\t<\/div>\n\t\t\t\t\t\t<\/div>\n\t\t\t\t<\/div>\n\t\t\t\t<\/div>\n\t\t\t\t<\/div>\n\t\t\t\t<\/div>\n\t\t","protected":false},"excerpt":{"rendered":"<p>Mentor\u00eda Mentor\u00eda EN UNA MISI\u00d3N PARA FOMENTAR LA TRANSFORMACI\u00d3N PERSONAL Trabaja Conmigo Consulta Gratis \u00bfBuscas un enfoque m\u00e1s natural para tu bienestar? \u00a1Reg\u00e1late un momento de conexi\u00f3n y autodescubrimiento, agenda [&hellip;]<\/p>\n","protected":false},"author":2,"featured_media":0,"parent":0,"menu_order":0,"comment_status":"closed","ping_status":"closed","template":"elementor_header_footer","meta":{"_monsterinsights_skip_tracking":false,"_monsterinsights_sitenote_active":false,"_monsterinsights_sitenote_note":"","_monsterinsights_sitenote_category":0,"_joinchat":[],"footnotes":""},"class_list":["post-4538","page","type-page","status-publish","hentry"],"yoast_head":"<!-- This site is optimized with the Yoast SEO Premium plugin v20.8 (Yoast SEO v24.5) - https:\/\/yoast.com\/wordpress\/plugins\/seo\/ -->\n<title>Mentor\u00eda | Dharma Holistika<\/title>\n<meta name=\"robots\" content=\"index, follow, max-snippet:-1, max-image-preview:large, max-video-preview:-1\" \/>\n<link rel=\"canonical\" href=\"https:\/\/dharmaholistika.com\/es\/mentoria\/\" \/>\n<meta property=\"og:locale\" content=\"es_ES\" \/>\n<meta property=\"og:type\" content=\"article\" \/>\n<meta property=\"og:title\" content=\"Mentor\u00eda\" \/>\n<meta property=\"og:description\" content=\"Mentor\u00eda Mentor\u00eda EN UNA MISI\u00d3N PARA FOMENTAR LA TRANSFORMACI\u00d3N PERSONAL Trabaja Conmigo Consulta Gratis \u00bfBuscas un enfoque m\u00e1s natural para tu bienestar? \u00a1Reg\u00e1late un momento de conexi\u00f3n y autodescubrimiento, agenda [&hellip;]\" \/>\n<meta property=\"og:url\" content=\"https:\/\/dharmaholistika.com\/es\/mentoria\/\" \/>\n<meta property=\"og:site_name\" content=\"Dharma Holistika\" \/>\n<meta property=\"article:publisher\" content=\"https:\/\/www.facebook.com\/dharmaholistika\" \/>\n<meta property=\"article:modified_time\" content=\"2024-11-13T21:06:15+00:00\" \/>\n<meta property=\"og:image\" content=\"https:\/\/dharmaholistika.com\/wp-content\/uploads\/2024\/01\/tulum-fondo2-1024x684.jpg\" \/>\n<meta name=\"twitter:card\" content=\"summary_large_image\" \/>\n<meta name=\"twitter:label1\" content=\"Tiempo de lectura\" \/>\n\t<meta name=\"twitter:data1\" content=\"2 minutos\" \/>\n<script type=\"application\/ld+json\" class=\"yoast-schema-graph\">{\"@context\":\"https:\/\/schema.org\",\"@graph\":[{\"@type\":\"WebPage\",\"@id\":\"https:\/\/dharmaholistika.com\/es\/mentoria\/\",\"url\":\"https:\/\/dharmaholistika.com\/es\/mentoria\/\",\"name\":\"Mentor\u00eda | Dharma Holistika\",\"isPartOf\":{\"@id\":\"https:\/\/dharmaholistika.com\/#website\"},\"primaryImageOfPage\":{\"@id\":\"https:\/\/dharmaholistika.com\/es\/mentoria\/#primaryimage\"},\"image\":{\"@id\":\"https:\/\/dharmaholistika.com\/es\/mentoria\/#primaryimage\"},\"thumbnailUrl\":\"https:\/\/dharmaholistika.com\/wp-content\/uploads\/2024\/01\/tulum-fondo2-1024x684.jpg\",\"datePublished\":\"2024-02-08T13:45:32+00:00\",\"dateModified\":\"2024-11-13T21:06:15+00:00\",\"breadcrumb\":{\"@id\":\"https:\/\/dharmaholistika.com\/es\/mentoria\/#breadcrumb\"},\"inLanguage\":\"es\",\"potentialAction\":[{\"@type\":\"ReadAction\",\"target\":[\"https:\/\/dharmaholistika.com\/es\/mentoria\/\"]}]},{\"@type\":\"ImageObject\",\"inLanguage\":\"es\",\"@id\":\"https:\/\/dharmaholistika.com\/es\/mentoria\/#primaryimage\",\"url\":\"https:\/\/dharmaholistika.com\/wp-content\/uploads\/2024\/01\/tulum-fondo2-1024x684.jpg\",\"contentUrl\":\"https:\/\/dharmaholistika.com\/wp-content\/uploads\/2024\/01\/tulum-fondo2-1024x684.jpg\"},{\"@type\":\"BreadcrumbList\",\"@id\":\"https:\/\/dharmaholistika.com\/es\/mentoria\/#breadcrumb\",\"itemListElement\":[{\"@type\":\"ListItem\",\"position\":1,\"name\":\"Home\",\"item\":\"https:\/\/dharmaholistika.com\/es\/\"},{\"@type\":\"ListItem\",\"position\":2,\"name\":\"Mentor\u00eda\"}]},{\"@type\":\"WebSite\",\"@id\":\"https:\/\/dharmaholistika.com\/#website\",\"url\":\"https:\/\/dharmaholistika.com\/\",\"name\":\"Dharma Holistika\",\"description\":\"Transforma tu realidad\",\"publisher\":{\"@id\":\"https:\/\/dharmaholistika.com\/#organization\"},\"potentialAction\":[{\"@type\":\"SearchAction\",\"target\":{\"@type\":\"EntryPoint\",\"urlTemplate\":\"https:\/\/dharmaholistika.com\/?s={search_term_string}\"},\"query-input\":{\"@type\":\"PropertyValueSpecification\",\"valueRequired\":true,\"valueName\":\"search_term_string\"}}],\"inLanguage\":\"es\"},{\"@type\":\"Organization\",\"@id\":\"https:\/\/dharmaholistika.com\/#organization\",\"name\":\"Dharma Holistika\",\"url\":\"https:\/\/dharmaholistika.com\/\",\"logo\":{\"@type\":\"ImageObject\",\"inLanguage\":\"es\",\"@id\":\"https:\/\/dharmaholistika.com\/#\/schema\/logo\/image\/\",\"url\":\"https:\/\/dharmaholistika.com\/wp-content\/uploads\/2023\/12\/Logo-dharma.png\",\"contentUrl\":\"https:\/\/dharmaholistika.com\/wp-content\/uploads\/2023\/12\/Logo-dharma.png\",\"width\":1531,\"height\":396,\"caption\":\"Dharma Holistika\"},\"image\":{\"@id\":\"https:\/\/dharmaholistika.com\/#\/schema\/logo\/image\/\"},\"sameAs\":[\"https:\/\/www.facebook.com\/dharmaholistika\",\"https:\/\/www.instagram.com\/dharmaholistika\/\"]}]}<\/script>\n<!-- \/ Yoast SEO Premium plugin. -->","yoast_head_json":{"title":"Mentor\u00eda | Dharma Holistika","robots":{"index":"index","follow":"follow","max-snippet":"max-snippet:-1","max-image-preview":"max-image-preview:large","max-video-preview":"max-video-preview:-1"},"canonical":"https:\/\/dharmaholistika.com\/es\/mentoria\/","og_locale":"es_ES","og_type":"article","og_title":"Mentor\u00eda","og_description":"Mentor\u00eda Mentor\u00eda EN UNA MISI\u00d3N PARA FOMENTAR LA TRANSFORMACI\u00d3N PERSONAL Trabaja Conmigo Consulta Gratis \u00bfBuscas un enfoque m\u00e1s natural para tu bienestar? \u00a1Reg\u00e1late un momento de conexi\u00f3n y autodescubrimiento, agenda [&hellip;]","og_url":"https:\/\/dharmaholistika.com\/es\/mentoria\/","og_site_name":"Dharma Holistika","article_publisher":"https:\/\/www.facebook.com\/dharmaholistika","article_modified_time":"2024-11-13T21:06:15+00:00","og_image":[{"url":"https:\/\/dharmaholistika.com\/wp-content\/uploads\/2024\/01\/tulum-fondo2-1024x684.jpg","type":"","width":"","height":""}],"twitter_card":"summary_large_image","twitter_misc":{"Tiempo de lectura":"2 minutos"},"schema":{"@context":"https:\/\/schema.org","@graph":[{"@type":"WebPage","@id":"https:\/\/dharmaholistika.com\/es\/mentoria\/","url":"https:\/\/dharmaholistika.com\/es\/mentoria\/","name":"Mentor\u00eda | Dharma Holistika","isPartOf":{"@id":"https:\/\/dharmaholistika.com\/#website"},"primaryImageOfPage":{"@id":"https:\/\/dharmaholistika.com\/es\/mentoria\/#primaryimage"},"image":{"@id":"https:\/\/dharmaholistika.com\/es\/mentoria\/#primaryimage"},"thumbnailUrl":"https:\/\/dharmaholistika.com\/wp-content\/uploads\/2024\/01\/tulum-fondo2-1024x684.jpg","datePublished":"2024-02-08T13:45:32+00:00","dateModified":"2024-11-13T21:06:15+00:00","breadcrumb":{"@id":"https:\/\/dharmaholistika.com\/es\/mentoria\/#breadcrumb"},"inLanguage":"es","potentialAction":[{"@type":"ReadAction","target":["https:\/\/dharmaholistika.com\/es\/mentoria\/"]}]},{"@type":"ImageObject","inLanguage":"es","@id":"https:\/\/dharmaholistika.com\/es\/mentoria\/#primaryimage","url":"https:\/\/dharmaholistika.com\/wp-content\/uploads\/2024\/01\/tulum-fondo2-1024x684.jpg","contentUrl":"https:\/\/dharmaholistika.com\/wp-content\/uploads\/2024\/01\/tulum-fondo2-1024x684.jpg"},{"@type":"BreadcrumbList","@id":"https:\/\/dharmaholistika.com\/es\/mentoria\/#breadcrumb","itemListElement":[{"@type":"ListItem","position":1,"name":"Home","item":"https:\/\/dharmaholistika.com\/es\/"},{"@type":"ListItem","position":2,"name":"Mentor\u00eda"}]},{"@type":"WebSite","@id":"https:\/\/dharmaholistika.com\/#website","url":"https:\/\/dharmaholistika.com\/","name":"Dharma Holistika","description":"Transforma tu realidad","publisher":{"@id":"https:\/\/dharmaholistika.com\/#organization"},"potentialAction":[{"@type":"SearchAction","target":{"@type":"EntryPoint","urlTemplate":"https:\/\/dharmaholistika.com\/?s={search_term_string}"},"query-input":{"@type":"PropertyValueSpecification","valueRequired":true,"valueName":"search_term_string"}}],"inLanguage":"es"},{"@type":"Organization","@id":"https:\/\/dharmaholistika.com\/#organization","name":"Dharma Holistika","url":"https:\/\/dharmaholistika.com\/","logo":{"@type":"ImageObject","inLanguage":"es","@id":"https:\/\/dharmaholistika.com\/#\/schema\/logo\/image\/","url":"https:\/\/dharmaholistika.com\/wp-content\/uploads\/2023\/12\/Logo-dharma.png","contentUrl":"https:\/\/dharmaholistika.com\/wp-content\/uploads\/2023\/12\/Logo-dharma.png","width":1531,"height":396,"caption":"Dharma Holistika"},"image":{"@id":"https:\/\/dharmaholistika.com\/#\/schema\/logo\/image\/"},"sameAs":["https:\/\/www.facebook.com\/dharmaholistika","https:\/\/www.instagram.com\/dharmaholistika\/"]}]}},"_links":{"self":[{"href":"https:\/\/dharmaholistika.com\/es\/wp-json\/wp\/v2\/pages\/4538","targetHints":{"allow":["GET"]}}],"collection":[{"href":"https:\/\/dharmaholistika.com\/es\/wp-json\/wp\/v2\/pages"}],"about":[{"href":"https:\/\/dharmaholistika.com\/es\/wp-json\/wp\/v2\/types\/page"}],"author":[{"embeddable":true,"href":"https:\/\/dharmaholistika.com\/es\/wp-json\/wp\/v2\/users\/2"}],"replies":[{"embeddable":true,"href":"https:\/\/dharmaholistika.com\/es\/wp-json\/wp\/v2\/comments?post=4538"}],"version-history":[{"count":65,"href":"https:\/\/dharmaholistika.com\/es\/wp-json\/wp\/v2\/pages\/4538\/revisions"}],"predecessor-version":[{"id":6919,"href":"https:\/\/dharmaholistika.com\/es\/wp-json\/wp\/v2\/pages\/4538\/revisions\/6919"}],"wp:attachment":[{"href":"https:\/\/dharmaholistika.com\/es\/wp-json\/wp\/v2\/media?parent=4538"}],"curies":[{"name":"wp","href":"https:\/\/api.w.org\/{rel}","templated":true}]}}