{"id":5857,"date":"2024-11-04T09:07:54","date_gmt":"2024-11-04T17:07:54","guid":{"rendered":"https:\/\/dharmaholistika.com\/?page_id=5857"},"modified":"2024-11-05T09:14:20","modified_gmt":"2024-11-05T17:14:20","slug":"agendar-post-retiro","status":"publish","type":"page","link":"https:\/\/dharmaholistika.com\/es\/agendar-post-retiro\/","title":{"rendered":"Agendar Post Retiro"},"content":{"rendered":"\t\t<div data-elementor-type=\"wp-page\" data-elementor-id=\"5857\" class=\"elementor elementor-5857\" data-elementor-post-type=\"page\">\n\t\t\t\t<div class=\"elementor-element elementor-element-c9a9281 e-con-full e-flex e-con e-parent\" data-id=\"c9a9281\" data-element_type=\"container\">\n\t\t<div class=\"elementor-element elementor-element-ef6760c e-con-full e-flex e-con e-child\" data-id=\"ef6760c\" data-element_type=\"container\">\n\t\t<div class=\"elementor-element elementor-element-c7e21ad e-con-full e-flex e-con e-child\" data-id=\"c7e21ad\" data-element_type=\"container\" data-settings=\"{&quot;background_background&quot;:&quot;classic&quot;}\">\n\t\t<div class=\"elementor-element elementor-element-88c3574 e-flex e-con-boxed e-con e-child\" data-id=\"88c3574\" data-element_type=\"container\">\n\t\t\t\t\t<div class=\"e-con-inner\">\n\t\t\t\t<div class=\"elementor-element elementor-element-f3c16f7 elementor-widget elementor-widget-spacer\" data-id=\"f3c16f7\" data-element_type=\"widget\" data-widget_type=\"spacer.default\">\n\t\t\t\t<div class=\"elementor-widget-container\">\n\t\t\t\t\t\t\t<div class=\"elementor-spacer\">\n\t\t\t<div class=\"elementor-spacer-inner\"><\/div>\n\t\t<\/div>\n\t\t\t\t\t\t<\/div>\n\t\t\t\t<\/div>\n\t\t\t\t<div class=\"elementor-element elementor-element-e404b53 elementor-widget elementor-widget-heading\" data-id=\"e404b53\" data-element_type=\"widget\" data-widget_type=\"heading.default\">\n\t\t\t\t<div class=\"elementor-widget-container\">\n\t\t\t\t\t<h1 class=\"elementor-heading-title elementor-size-default\"><span style=\"font-family: montserrat\">Agendar Post Retiro<\/span><\/h1>\t\t\t\t<\/div>\n\t\t\t\t<\/div>\n\t\t\t\t<div class=\"elementor-element elementor-element-f94c95d elementor-widget elementor-widget-spacer\" data-id=\"f94c95d\" data-element_type=\"widget\" data-widget_type=\"spacer.default\">\n\t\t\t\t<div class=\"elementor-widget-container\">\n\t\t\t\t\t\t\t<div class=\"elementor-spacer\">\n\t\t\t<div class=\"elementor-spacer-inner\"><\/div>\n\t\t<\/div>\n\t\t\t\t\t\t<\/div>\n\t\t\t\t<\/div>\n\t\t\t\t\t<\/div>\n\t\t\t\t<\/div>\n\t\t\t\t<\/div>\n\t\t\t\t<\/div>\n\t\t\t\t<\/div>\n\t\t<div class=\"elementor-element elementor-element-ee1437f e-flex e-con-boxed e-con e-parent\" data-id=\"ee1437f\" data-element_type=\"container\">\n\t\t\t\t\t<div class=\"e-con-inner\">\n\t\t\t\t<div class=\"elementor-element elementor-element-57c7115 elementor-widget elementor-widget-heading\" data-id=\"57c7115\" data-element_type=\"widget\" data-widget_type=\"heading.default\">\n\t\t\t\t<div class=\"elementor-widget-container\">\n\t\t\t\t\t<h2 class=\"elementor-heading-title elementor-size-default\"><span style=\"font-family: montserrat\">Agenda tu sesi\u00f3n de Post Retiro <br> $330 - 60 minutos<\/span><\/h2>\t\t\t\t<\/div>\n\t\t\t\t<\/div>\n\t\t\t\t<div class=\"elementor-element elementor-element-2e3f55c elementor-widget elementor-widget-text-editor\" data-id=\"2e3f55c\" data-element_type=\"widget\" data-widget_type=\"text-editor.default\">\n\t\t\t\t<div class=\"elementor-widget-container\">\n\t\t\t\t\t\t\t\t\t<p>Sesi\u00f3n individual de coaching 1 a 1 de asesor\u00eda de bienestar completamente personalizada y privada con duraci\u00f3n de 90 a 120 minutos v\u00eda zoom en la cu\u00e1l podr\u00e1s recibir todas las herramientas necesarias para continuar con tu proceso de sanaci\u00f3n luego de que finaliza la experiencia inmersiva que acabas de vivir.<\/p><p><strong>Esta opci\u00f3n solo est\u00e1 disponible para participantes de alg\u00fan retiro de Dharma Holistika.<\/strong><\/p>\t\t\t\t\t\t\t\t<\/div>\n\t\t\t\t<\/div>\n\t\t\t\t<div class=\"elementor-element elementor-element-2ce15a7 elementor-widget elementor-widget-html\" data-id=\"2ce15a7\" data-element_type=\"widget\" data-widget_type=\"html.default\">\n\t\t\t\t<div class=\"elementor-widget-container\">\n\t\t\t\t\t<!-- Calendly inline widget begin -->\r\n<div class=\"calendly-inline-widget\" data-url=\"https:\/\/calendly.com\/dharmaholistika\/gina\" style=\"min-width:320px;height:700px;\"><\/div>\r\n<script type=\"text\/javascript\" src=\"https:\/\/assets.calendly.com\/assets\/external\/widget.js\" async><\/script>\r\n<!-- Calendly inline widget end -->\t\t\t\t<\/div>\n\t\t\t\t<\/div>\n\t\t\t\t\t<\/div>\n\t\t\t\t<\/div>\n\t\t\t\t<\/div>\n\t\t","protected":false},"excerpt":{"rendered":"<p>Agendar Post Retiro Agenda tu sesi\u00f3n de Post Retiro $330 &#8211; 60 minutos Sesi\u00f3n individual de coaching 1 a 1 de asesor\u00eda de bienestar completamente personalizada y privada con duraci\u00f3n [&hellip;]<\/p>\n","protected":false},"author":2,"featured_media":0,"parent":0,"menu_order":0,"comment_status":"closed","ping_status":"closed","template":"elementor_header_footer","meta":{"_monsterinsights_skip_tracking":false,"_monsterinsights_sitenote_active":false,"_monsterinsights_sitenote_note":"","_monsterinsights_sitenote_category":0,"_joinchat":[],"footnotes":""},"class_list":["post-5857","page","type-page","status-publish","hentry"],"yoast_head":"<!-- This site is optimized with the Yoast SEO Premium plugin v20.8 (Yoast SEO v24.5) - https:\/\/yoast.com\/wordpress\/plugins\/seo\/ -->\n<title>Agendar Post Retiro | Dharma Holistika<\/title>\n<meta name=\"robots\" content=\"index, follow, max-snippet:-1, max-image-preview:large, max-video-preview:-1\" \/>\n<link rel=\"canonical\" href=\"https:\/\/dharmaholistika.com\/es\/agendar-post-retiro\/\" \/>\n<meta property=\"og:locale\" content=\"es_ES\" \/>\n<meta property=\"og:type\" content=\"article\" \/>\n<meta property=\"og:title\" content=\"Agendar Post Retiro\" \/>\n<meta property=\"og:description\" content=\"Agendar Post Retiro Agenda tu sesi\u00f3n de Post Retiro $330 &#8211; 60 minutos Sesi\u00f3n individual de coaching 1 a 1 de asesor\u00eda de bienestar completamente personalizada y privada con duraci\u00f3n [&hellip;]\" \/>\n<meta property=\"og:url\" content=\"https:\/\/dharmaholistika.com\/es\/agendar-post-retiro\/\" \/>\n<meta property=\"og:site_name\" content=\"Dharma Holistika\" \/>\n<meta property=\"article:publisher\" content=\"https:\/\/www.facebook.com\/dharmaholistika\" \/>\n<meta property=\"article:modified_time\" content=\"2024-11-05T17:14:20+00:00\" \/>\n<meta property=\"og:image\" content=\"https:\/\/dharmaholistika.com\/wp-content\/uploads\/2023\/12\/Logo-dharma.png\" \/>\n\t<meta property=\"og:image:width\" content=\"1531\" \/>\n\t<meta property=\"og:image:height\" content=\"396\" \/>\n\t<meta property=\"og:image:type\" content=\"image\/png\" \/>\n<meta name=\"twitter:card\" content=\"summary_large_image\" \/>\n<meta name=\"twitter:label1\" content=\"Tiempo de lectura\" \/>\n\t<meta name=\"twitter:data1\" content=\"1 minuto\" \/>\n<script type=\"application\/ld+json\" class=\"yoast-schema-graph\">{\"@context\":\"https:\/\/schema.org\",\"@graph\":[{\"@type\":\"WebPage\",\"@id\":\"https:\/\/dharmaholistika.com\/es\/agendar-post-retiro\/\",\"url\":\"https:\/\/dharmaholistika.com\/es\/agendar-post-retiro\/\",\"name\":\"Agendar Post Retiro | Dharma Holistika\",\"isPartOf\":{\"@id\":\"https:\/\/dharmaholistika.com\/#website\"},\"datePublished\":\"2024-11-04T17:07:54+00:00\",\"dateModified\":\"2024-11-05T17:14:20+00:00\",\"breadcrumb\":{\"@id\":\"https:\/\/dharmaholistika.com\/es\/agendar-post-retiro\/#breadcrumb\"},\"inLanguage\":\"es\",\"potentialAction\":[{\"@type\":\"ReadAction\",\"target\":[\"https:\/\/dharmaholistika.com\/es\/agendar-post-retiro\/\"]}]},{\"@type\":\"BreadcrumbList\",\"@id\":\"https:\/\/dharmaholistika.com\/es\/agendar-post-retiro\/#breadcrumb\",\"itemListElement\":[{\"@type\":\"ListItem\",\"position\":1,\"name\":\"Home\",\"item\":\"https:\/\/dharmaholistika.com\/es\/\"},{\"@type\":\"ListItem\",\"position\":2,\"name\":\"Agendar Post Retiro\"}]},{\"@type\":\"WebSite\",\"@id\":\"https:\/\/dharmaholistika.com\/#website\",\"url\":\"https:\/\/dharmaholistika.com\/\",\"name\":\"Dharma Holistika\",\"description\":\"Transforma tu realidad\",\"publisher\":{\"@id\":\"https:\/\/dharmaholistika.com\/#organization\"},\"potentialAction\":[{\"@type\":\"SearchAction\",\"target\":{\"@type\":\"EntryPoint\",\"urlTemplate\":\"https:\/\/dharmaholistika.com\/?s={search_term_string}\"},\"query-input\":{\"@type\":\"PropertyValueSpecification\",\"valueRequired\":true,\"valueName\":\"search_term_string\"}}],\"inLanguage\":\"es\"},{\"@type\":\"Organization\",\"@id\":\"https:\/\/dharmaholistika.com\/#organization\",\"name\":\"Dharma Holistika\",\"url\":\"https:\/\/dharmaholistika.com\/\",\"logo\":{\"@type\":\"ImageObject\",\"inLanguage\":\"es\",\"@id\":\"https:\/\/dharmaholistika.com\/#\/schema\/logo\/image\/\",\"url\":\"https:\/\/dharmaholistika.com\/wp-content\/uploads\/2023\/12\/Logo-dharma.png\",\"contentUrl\":\"https:\/\/dharmaholistika.com\/wp-content\/uploads\/2023\/12\/Logo-dharma.png\",\"width\":1531,\"height\":396,\"caption\":\"Dharma Holistika\"},\"image\":{\"@id\":\"https:\/\/dharmaholistika.com\/#\/schema\/logo\/image\/\"},\"sameAs\":[\"https:\/\/www.facebook.com\/dharmaholistika\",\"https:\/\/www.instagram.com\/dharmaholistika\/\"]}]}<\/script>\n<!-- \/ Yoast SEO Premium plugin. -->","yoast_head_json":{"title":"Agendar Post Retiro | Dharma Holistika","robots":{"index":"index","follow":"follow","max-snippet":"max-snippet:-1","max-image-preview":"max-image-preview:large","max-video-preview":"max-video-preview:-1"},"canonical":"https:\/\/dharmaholistika.com\/es\/agendar-post-retiro\/","og_locale":"es_ES","og_type":"article","og_title":"Agendar Post Retiro","og_description":"Agendar Post Retiro Agenda tu sesi\u00f3n de Post Retiro $330 &#8211; 60 minutos Sesi\u00f3n individual de coaching 1 a 1 de asesor\u00eda de bienestar completamente personalizada y privada con duraci\u00f3n [&hellip;]","og_url":"https:\/\/dharmaholistika.com\/es\/agendar-post-retiro\/","og_site_name":"Dharma Holistika","article_publisher":"https:\/\/www.facebook.com\/dharmaholistika","article_modified_time":"2024-11-05T17:14:20+00:00","og_image":[{"width":1531,"height":396,"url":"https:\/\/dharmaholistika.com\/wp-content\/uploads\/2023\/12\/Logo-dharma.png","type":"image\/png"}],"twitter_card":"summary_large_image","twitter_misc":{"Tiempo de lectura":"1 minuto"},"schema":{"@context":"https:\/\/schema.org","@graph":[{"@type":"WebPage","@id":"https:\/\/dharmaholistika.com\/es\/agendar-post-retiro\/","url":"https:\/\/dharmaholistika.com\/es\/agendar-post-retiro\/","name":"Agendar Post Retiro | Dharma Holistika","isPartOf":{"@id":"https:\/\/dharmaholistika.com\/#website"},"datePublished":"2024-11-04T17:07:54+00:00","dateModified":"2024-11-05T17:14:20+00:00","breadcrumb":{"@id":"https:\/\/dharmaholistika.com\/es\/agendar-post-retiro\/#breadcrumb"},"inLanguage":"es","potentialAction":[{"@type":"ReadAction","target":["https:\/\/dharmaholistika.com\/es\/agendar-post-retiro\/"]}]},{"@type":"BreadcrumbList","@id":"https:\/\/dharmaholistika.com\/es\/agendar-post-retiro\/#breadcrumb","itemListElement":[{"@type":"ListItem","position":1,"name":"Home","item":"https:\/\/dharmaholistika.com\/es\/"},{"@type":"ListItem","position":2,"name":"Agendar Post Retiro"}]},{"@type":"WebSite","@id":"https:\/\/dharmaholistika.com\/#website","url":"https:\/\/dharmaholistika.com\/","name":"Dharma Holistika","description":"Transforma tu realidad","publisher":{"@id":"https:\/\/dharmaholistika.com\/#organization"},"potentialAction":[{"@type":"SearchAction","target":{"@type":"EntryPoint","urlTemplate":"https:\/\/dharmaholistika.com\/?s={search_term_string}"},"query-input":{"@type":"PropertyValueSpecification","valueRequired":true,"valueName":"search_term_string"}}],"inLanguage":"es"},{"@type":"Organization","@id":"https:\/\/dharmaholistika.com\/#organization","name":"Dharma Holistika","url":"https:\/\/dharmaholistika.com\/","logo":{"@type":"ImageObject","inLanguage":"es","@id":"https:\/\/dharmaholistika.com\/#\/schema\/logo\/image\/","url":"https:\/\/dharmaholistika.com\/wp-content\/uploads\/2023\/12\/Logo-dharma.png","contentUrl":"https:\/\/dharmaholistika.com\/wp-content\/uploads\/2023\/12\/Logo-dharma.png","width":1531,"height":396,"caption":"Dharma Holistika"},"image":{"@id":"https:\/\/dharmaholistika.com\/#\/schema\/logo\/image\/"},"sameAs":["https:\/\/www.facebook.com\/dharmaholistika","https:\/\/www.instagram.com\/dharmaholistika\/"]}]}},"_links":{"self":[{"href":"https:\/\/dharmaholistika.com\/es\/wp-json\/wp\/v2\/pages\/5857","targetHints":{"allow":["GET"]}}],"collection":[{"href":"https:\/\/dharmaholistika.com\/es\/wp-json\/wp\/v2\/pages"}],"about":[{"href":"https:\/\/dharmaholistika.com\/es\/wp-json\/wp\/v2\/types\/page"}],"author":[{"embeddable":true,"href":"https:\/\/dharmaholistika.com\/es\/wp-json\/wp\/v2\/users\/2"}],"replies":[{"embeddable":true,"href":"https:\/\/dharmaholistika.com\/es\/wp-json\/wp\/v2\/comments?post=5857"}],"version-history":[{"count":7,"href":"https:\/\/dharmaholistika.com\/es\/wp-json\/wp\/v2\/pages\/5857\/revisions"}],"predecessor-version":[{"id":5889,"href":"https:\/\/dharmaholistika.com\/es\/wp-json\/wp\/v2\/pages\/5857\/revisions\/5889"}],"wp:attachment":[{"href":"https:\/\/dharmaholistika.com\/es\/wp-json\/wp\/v2\/media?parent=5857"}],"curies":[{"name":"wp","href":"https:\/\/api.w.org\/{rel}","templated":true}]}}