{"id":1932,"date":"2023-11-09T12:03:09","date_gmt":"2023-11-09T20:03:09","guid":{"rendered":"https:\/\/dharmaholistika.com\/?post_type=product&#038;p=1932"},"modified":"2025-10-03T12:47:48","modified_gmt":"2025-10-03T16:47:48","slug":"retiro-tulum-reserva","status":"publish","type":"product","link":"https:\/\/dharmaholistika.com\/es\/producto\/retiro-tulum-reserva\/","title":{"rendered":"Pago Inicial"},"content":{"rendered":"","protected":false},"excerpt":{"rendered":"<ul class=\"elementor-icon-list-items\">\n<li class=\"elementor-icon-list-item\"><span class=\"elementor-icon-list-text\" style=\"font-size: 12pt;\">\u00a0El personal de Dharma Holistika te recibir\u00e1 en el Aeropuerto Internacional de Canc\u00fan (CUN), y se encargar\u00e1 de tu traslado al hotel a menos de dos horas de recorrido por carretera.<\/span><\/li>\n<li class=\"elementor-icon-list-item\"><span style=\"font-size: 12pt;\"><i class=\"fas fa-check-double\" style=\"color: #03746e;\" aria-hidden=\"true\"><\/i><span class=\"elementor-icon-list-text\">\u00a05 d\u00edas \/ 4 noches de alojamiento en en HOTEL PEPEM HOLISTIC EXPERIENCE.<\/span><\/span><\/li>\n<li class=\"elementor-icon-list-item\"><span style=\"font-size: 12pt;\"><i class=\"fas fa-check-double\" style=\"color: #03746e;\" aria-hidden=\"true\"><\/i><span class=\"elementor-icon-list-text\">\u00a0Todas las comidas incluidas. (Alimentaci\u00f3n Vegetariana Regenerativa).<\/span><\/span><\/li>\n<li class=\"elementor-icon-list-item\"><span style=\"font-size: 12pt;\"><i class=\"fas fa-check-double\" style=\"color: #03746e;\" aria-hidden=\"true\"><\/i><span class=\"elementor-icon-list-text\">\u00a0Traslado de salida al aeropuerto al check out Cancun International Airport (CUN)<\/span><\/span><\/li>\n<li class=\"elementor-icon-list-item\"><span style=\"font-size: 12pt;\"><i class=\"fas fa-check-double\" style=\"color: #03746e;\" aria-hidden=\"true\"><\/i><span class=\"elementor-icon-list-text\">\u00a0Minib\u00fas con Aire Acondicionado durante todos los trayectos.<\/span><\/span><\/li>\n<li class=\"elementor-icon-list-item\"><span style=\"font-size: 12pt;\"><i class=\"fas fa-check-double\" style=\"color: #03746e;\" aria-hidden=\"true\"><\/i><span class=\"elementor-icon-list-text\">\u00a0Obsequios de bienvenida.<\/span><\/span><\/li>\n<\/ul>\n<p><span style=\"font-size: 12pt;\"><strong>El balance final debe estar pagado 1 mes antes del retito.<\/strong><\/span><\/p>\n<p><span style=\"color: #ff0000; font-size: 12pt;\"><strong>*Deposito no rembolsable*<\/strong><\/span><\/p>\n","protected":false},"featured_media":1920,"template":"","meta":{"_monsterinsights_skip_tracking":false,"_monsterinsights_sitenote_active":false,"_monsterinsights_sitenote_note":"","_monsterinsights_sitenote_category":0,"_joinchat":[]},"product_brand":[],"product_cat":[82],"product_tag":[],"class_list":{"0":"post-1932","1":"product","2":"type-product","3":"status-publish","4":"has-post-thumbnail","6":"product_cat-retiro-tulum","8":"first","9":"instock","10":"shipping-taxable","11":"purchasable","12":"product-type-variable","13":"has-default-attributes"},"exclude_global_add_ons":[],"addons":[],"yoast_head":"<!-- This site is optimized with the Yoast SEO Premium plugin v20.8 (Yoast SEO v24.5) - https:\/\/yoast.com\/wordpress\/plugins\/seo\/ -->\n<title>Pago Inicial | Dharma Holistika<\/title>\n<meta name=\"robots\" content=\"index, follow, max-snippet:-1, max-image-preview:large, max-video-preview:-1\" \/>\n<link rel=\"canonical\" href=\"https:\/\/dharmaholistika.com\/es\/producto\/retiro-tulum-reserva\/\" \/>\n<meta property=\"og:locale\" content=\"es_ES\" \/>\n<meta property=\"og:type\" content=\"article\" \/>\n<meta property=\"og:title\" content=\"Pago Inicial\" \/>\n<meta property=\"og:description\" content=\"\u00a0El personal de Dharma Holistika te recibir\u00e1 en el Aeropuerto Internacional de Canc\u00fan (CUN), y se encargar\u00e1 de tu traslado al hotel a menos de dos horas de recorrido por carretera.  \u00a05 d\u00edas \/ 4 noches de alojamiento en en HOTEL PEPEM HOLISTIC EXPERIENCE.  \u00a0Todas las comidas incluidas. (Alimentaci\u00f3n Vegetariana Regenerativa).  \u00a0Traslado de salida al aeropuerto al check out Cancun International Airport (CUN)  \u00a0Minib\u00fas con Aire Acondicionado durante todos los trayectos.  \u00a0Obsequios de bienvenida.  El balance final debe estar pagado 1 mes antes del retito.  *Deposito no rembolsable*\" \/>\n<meta property=\"og:url\" content=\"https:\/\/dharmaholistika.com\/es\/producto\/retiro-tulum-reserva\/\" \/>\n<meta property=\"og:site_name\" content=\"Dharma Holistika\" \/>\n<meta property=\"article:publisher\" content=\"https:\/\/www.facebook.com\/dharmaholistika\" \/>\n<meta property=\"article:modified_time\" content=\"2025-10-03T16:47:48+00:00\" \/>\n<meta property=\"og:image\" content=\"https:\/\/dharmaholistika.com\/wp-content\/uploads\/2023\/11\/ruinas-tulum.jpg\" \/>\n\t<meta property=\"og:image:width\" content=\"1920\" \/>\n\t<meta property=\"og:image:height\" content=\"1269\" \/>\n\t<meta property=\"og:image:type\" content=\"image\/jpeg\" \/>\n<meta name=\"twitter:card\" content=\"summary_large_image\" \/>\n<meta name=\"twitter:label1\" content=\"Tiempo de lectura\" \/>\n\t<meta name=\"twitter:data1\" content=\"1 minuto\" \/>\n<script type=\"application\/ld+json\" class=\"yoast-schema-graph\">{\"@context\":\"https:\/\/schema.org\",\"@graph\":[{\"@type\":\"WebPage\",\"@id\":\"https:\/\/dharmaholistika.com\/es\/producto\/retiro-tulum-reserva\/\",\"url\":\"https:\/\/dharmaholistika.com\/es\/producto\/retiro-tulum-reserva\/\",\"name\":\"Pago Inicial | Dharma Holistika\",\"isPartOf\":{\"@id\":\"https:\/\/dharmaholistika.com\/#website\"},\"primaryImageOfPage\":{\"@id\":\"https:\/\/dharmaholistika.com\/es\/producto\/retiro-tulum-reserva\/#primaryimage\"},\"image\":{\"@id\":\"https:\/\/dharmaholistika.com\/es\/producto\/retiro-tulum-reserva\/#primaryimage\"},\"thumbnailUrl\":\"https:\/\/dharmaholistika.com\/wp-content\/uploads\/2023\/11\/ruinas-tulum.jpg\",\"datePublished\":\"2023-11-09T20:03:09+00:00\",\"dateModified\":\"2025-10-03T16:47:48+00:00\",\"breadcrumb\":{\"@id\":\"https:\/\/dharmaholistika.com\/es\/producto\/retiro-tulum-reserva\/#breadcrumb\"},\"inLanguage\":\"es\",\"potentialAction\":[{\"@type\":\"ReadAction\",\"target\":[\"https:\/\/dharmaholistika.com\/es\/producto\/retiro-tulum-reserva\/\"]}]},{\"@type\":\"ImageObject\",\"inLanguage\":\"es\",\"@id\":\"https:\/\/dharmaholistika.com\/es\/producto\/retiro-tulum-reserva\/#primaryimage\",\"url\":\"https:\/\/dharmaholistika.com\/wp-content\/uploads\/2023\/11\/ruinas-tulum.jpg\",\"contentUrl\":\"https:\/\/dharmaholistika.com\/wp-content\/uploads\/2023\/11\/ruinas-tulum.jpg\",\"width\":1920,\"height\":1269,\"caption\":\"Retiro Awaken Your Essence\"},{\"@type\":\"BreadcrumbList\",\"@id\":\"https:\/\/dharmaholistika.com\/es\/producto\/retiro-tulum-reserva\/#breadcrumb\",\"itemListElement\":[{\"@type\":\"ListItem\",\"position\":1,\"name\":\"Home\",\"item\":\"https:\/\/dharmaholistika.com\/es\/\"},{\"@type\":\"ListItem\",\"position\":2,\"name\":\"Shop\",\"item\":\"https:\/\/dharmaholistika.com\/es\/shop\/\"},{\"@type\":\"ListItem\",\"position\":3,\"name\":\"Pago Inicial\"}]},{\"@type\":\"WebSite\",\"@id\":\"https:\/\/dharmaholistika.com\/#website\",\"url\":\"https:\/\/dharmaholistika.com\/\",\"name\":\"Dharma Holistika\",\"description\":\"Transforma tu realidad\",\"publisher\":{\"@id\":\"https:\/\/dharmaholistika.com\/#organization\"},\"potentialAction\":[{\"@type\":\"SearchAction\",\"target\":{\"@type\":\"EntryPoint\",\"urlTemplate\":\"https:\/\/dharmaholistika.com\/?s={search_term_string}\"},\"query-input\":{\"@type\":\"PropertyValueSpecification\",\"valueRequired\":true,\"valueName\":\"search_term_string\"}}],\"inLanguage\":\"es\"},{\"@type\":\"Organization\",\"@id\":\"https:\/\/dharmaholistika.com\/#organization\",\"name\":\"Dharma Holistika\",\"url\":\"https:\/\/dharmaholistika.com\/\",\"logo\":{\"@type\":\"ImageObject\",\"inLanguage\":\"es\",\"@id\":\"https:\/\/dharmaholistika.com\/#\/schema\/logo\/image\/\",\"url\":\"https:\/\/dharmaholistika.com\/wp-content\/uploads\/2023\/12\/Logo-dharma.png\",\"contentUrl\":\"https:\/\/dharmaholistika.com\/wp-content\/uploads\/2023\/12\/Logo-dharma.png\",\"width\":1531,\"height\":396,\"caption\":\"Dharma Holistika\"},\"image\":{\"@id\":\"https:\/\/dharmaholistika.com\/#\/schema\/logo\/image\/\"},\"sameAs\":[\"https:\/\/www.facebook.com\/dharmaholistika\",\"https:\/\/www.instagram.com\/dharmaholistika\/\"]}]}<\/script>\n<!-- \/ Yoast SEO Premium plugin. -->","yoast_head_json":{"title":"Pago Inicial | Dharma Holistika","robots":{"index":"index","follow":"follow","max-snippet":"max-snippet:-1","max-image-preview":"max-image-preview:large","max-video-preview":"max-video-preview:-1"},"canonical":"https:\/\/dharmaholistika.com\/es\/producto\/retiro-tulum-reserva\/","og_locale":"es_ES","og_type":"article","og_title":"Pago Inicial","og_description":"\u00a0El personal de Dharma Holistika te recibir\u00e1 en el Aeropuerto Internacional de Canc\u00fan (CUN), y se encargar\u00e1 de tu traslado al hotel a menos de dos horas de recorrido por carretera.  \u00a05 d\u00edas \/ 4 noches de alojamiento en en HOTEL PEPEM HOLISTIC EXPERIENCE.  \u00a0Todas las comidas incluidas. (Alimentaci\u00f3n Vegetariana Regenerativa).  \u00a0Traslado de salida al aeropuerto al check out Cancun International Airport (CUN)  \u00a0Minib\u00fas con Aire Acondicionado durante todos los trayectos.  \u00a0Obsequios de bienvenida.  El balance final debe estar pagado 1 mes antes del retito.  *Deposito no rembolsable*","og_url":"https:\/\/dharmaholistika.com\/es\/producto\/retiro-tulum-reserva\/","og_site_name":"Dharma Holistika","article_publisher":"https:\/\/www.facebook.com\/dharmaholistika","article_modified_time":"2025-10-03T16:47:48+00:00","og_image":[{"width":1920,"height":1269,"url":"https:\/\/dharmaholistika.com\/wp-content\/uploads\/2023\/11\/ruinas-tulum.jpg","type":"image\/jpeg"}],"twitter_card":"summary_large_image","twitter_misc":{"Tiempo de lectura":"1 minuto"},"schema":{"@context":"https:\/\/schema.org","@graph":[{"@type":"WebPage","@id":"https:\/\/dharmaholistika.com\/es\/producto\/retiro-tulum-reserva\/","url":"https:\/\/dharmaholistika.com\/es\/producto\/retiro-tulum-reserva\/","name":"Pago Inicial | Dharma Holistika","isPartOf":{"@id":"https:\/\/dharmaholistika.com\/#website"},"primaryImageOfPage":{"@id":"https:\/\/dharmaholistika.com\/es\/producto\/retiro-tulum-reserva\/#primaryimage"},"image":{"@id":"https:\/\/dharmaholistika.com\/es\/producto\/retiro-tulum-reserva\/#primaryimage"},"thumbnailUrl":"https:\/\/dharmaholistika.com\/wp-content\/uploads\/2023\/11\/ruinas-tulum.jpg","datePublished":"2023-11-09T20:03:09+00:00","dateModified":"2025-10-03T16:47:48+00:00","breadcrumb":{"@id":"https:\/\/dharmaholistika.com\/es\/producto\/retiro-tulum-reserva\/#breadcrumb"},"inLanguage":"es","potentialAction":[{"@type":"ReadAction","target":["https:\/\/dharmaholistika.com\/es\/producto\/retiro-tulum-reserva\/"]}]},{"@type":"ImageObject","inLanguage":"es","@id":"https:\/\/dharmaholistika.com\/es\/producto\/retiro-tulum-reserva\/#primaryimage","url":"https:\/\/dharmaholistika.com\/wp-content\/uploads\/2023\/11\/ruinas-tulum.jpg","contentUrl":"https:\/\/dharmaholistika.com\/wp-content\/uploads\/2023\/11\/ruinas-tulum.jpg","width":1920,"height":1269,"caption":"Retiro Awaken Your Essence"},{"@type":"BreadcrumbList","@id":"https:\/\/dharmaholistika.com\/es\/producto\/retiro-tulum-reserva\/#breadcrumb","itemListElement":[{"@type":"ListItem","position":1,"name":"Home","item":"https:\/\/dharmaholistika.com\/es\/"},{"@type":"ListItem","position":2,"name":"Shop","item":"https:\/\/dharmaholistika.com\/es\/shop\/"},{"@type":"ListItem","position":3,"name":"Pago Inicial"}]},{"@type":"WebSite","@id":"https:\/\/dharmaholistika.com\/#website","url":"https:\/\/dharmaholistika.com\/","name":"Dharma Holistika","description":"Transforma tu realidad","publisher":{"@id":"https:\/\/dharmaholistika.com\/#organization"},"potentialAction":[{"@type":"SearchAction","target":{"@type":"EntryPoint","urlTemplate":"https:\/\/dharmaholistika.com\/?s={search_term_string}"},"query-input":{"@type":"PropertyValueSpecification","valueRequired":true,"valueName":"search_term_string"}}],"inLanguage":"es"},{"@type":"Organization","@id":"https:\/\/dharmaholistika.com\/#organization","name":"Dharma Holistika","url":"https:\/\/dharmaholistika.com\/","logo":{"@type":"ImageObject","inLanguage":"es","@id":"https:\/\/dharmaholistika.com\/#\/schema\/logo\/image\/","url":"https:\/\/dharmaholistika.com\/wp-content\/uploads\/2023\/12\/Logo-dharma.png","contentUrl":"https:\/\/dharmaholistika.com\/wp-content\/uploads\/2023\/12\/Logo-dharma.png","width":1531,"height":396,"caption":"Dharma Holistika"},"image":{"@id":"https:\/\/dharmaholistika.com\/#\/schema\/logo\/image\/"},"sameAs":["https:\/\/www.facebook.com\/dharmaholistika","https:\/\/www.instagram.com\/dharmaholistika\/"]}]}},"_links":{"self":[{"href":"https:\/\/dharmaholistika.com\/es\/wp-json\/wp\/v2\/product\/1932","targetHints":{"allow":["GET"]}}],"collection":[{"href":"https:\/\/dharmaholistika.com\/es\/wp-json\/wp\/v2\/product"}],"about":[{"href":"https:\/\/dharmaholistika.com\/es\/wp-json\/wp\/v2\/types\/product"}],"wp:featuredmedia":[{"embeddable":true,"href":"https:\/\/dharmaholistika.com\/es\/wp-json\/wp\/v2\/media\/1920"}],"wp:attachment":[{"href":"https:\/\/dharmaholistika.com\/es\/wp-json\/wp\/v2\/media?parent=1932"}],"wp:term":[{"taxonomy":"product_brand","embeddable":true,"href":"https:\/\/dharmaholistika.com\/es\/wp-json\/wp\/v2\/product_brand?post=1932"},{"taxonomy":"product_cat","embeddable":true,"href":"https:\/\/dharmaholistika.com\/es\/wp-json\/wp\/v2\/product_cat?post=1932"},{"taxonomy":"product_tag","embeddable":true,"href":"https:\/\/dharmaholistika.com\/es\/wp-json\/wp\/v2\/product_tag?post=1932"}],"curies":[{"name":"wp","href":"https:\/\/api.w.org\/{rel}","templated":true}]}}