{"id":2206,"date":"2023-11-13T11:07:28","date_gmt":"2023-11-13T19:07:28","guid":{"rendered":"https:\/\/dharmaholistika.com\/?post_type=product&#038;p=2206"},"modified":"2025-10-03T12:43:52","modified_gmt":"2025-10-03T16:43:52","slug":"habitacion-doble-compartida","status":"publish","type":"product","link":"https:\/\/dharmaholistika.com\/es\/producto\/habitacion-doble-compartida\/","title":{"rendered":"Pago completo en Habitaci\u00f3n doble compartida"},"content":{"rendered":"","protected":false},"excerpt":{"rendered":"<ul class=\"elementor-icon-list-items\">\n<li class=\"elementor-icon-list-items\"><i class=\"fas fa-check-double\" aria-hidden=\"true\" style=\"color:#03746E;\"><\/i><span class=\"elementor-icon-list-text\"> 2 camas individuales.<\/span><\/li>\n<li class=\"elementor-icon-list-items\"><i class=\"fas fa-check-double\" aria-hidden=\"true\" style=\"color:#03746E;\"><\/i><span class=\"elementor-icon-list-text\"> Tama\u00f1o de la caba\u00f1a 30 m2.<\/span><\/li>\n<li class=\"elementor-icon-list-items\"><i class=\"fas fa-check-double\" aria-hidden=\"true\" style=\"color:#03746E;\"><\/i><span class=\"elementor-icon-list-text\"> Hermosas vistas con ventanales gigantes a la exuberante jungla.<\/span><\/li>\n<li class=\"elementor-icon-list-items\"><i class=\"fas fa-check-double\" aria-hidden=\"true\" style=\"color:#03746E;\"><\/i><span class=\"elementor-icon-list-text\"> Acceso Alberca principal con agua de cenote.<\/span><\/li>\n<li class=\"elementor-icon-list-items\"><i class=\"fas fa-check-double\" aria-hidden=\"true\" style=\"color:#03746E;\"><\/i><span class=\"elementor-icon-list-text\"> Mirador privado.<\/span><\/li>\n<li class=\"elementor-icon-list-items\"><i class=\"fas fa-check-double\" aria-hidden=\"true\" style=\"color:#03746E;\"><\/i><span class=\"elementor-icon-list-text\"> Wifi.<\/span><\/li>\n<\/ul>\n","protected":false},"featured_media":2761,"template":"","meta":{"_monsterinsights_skip_tracking":false,"_monsterinsights_sitenote_active":false,"_monsterinsights_sitenote_note":"","_monsterinsights_sitenote_category":0,"_joinchat":[]},"product_brand":[],"product_cat":[85],"product_tag":[],"class_list":{"0":"post-2206","1":"product","2":"type-product","3":"status-publish","4":"has-post-thumbnail","6":"product_cat-habitaciones-tulum","8":"first","9":"instock","10":"shipping-taxable","11":"purchasable","12":"product-type-simple"},"exclude_global_add_ons":[],"addons":[],"yoast_head":"<!-- This site is optimized with the Yoast SEO Premium plugin v20.8 (Yoast SEO v24.5) - https:\/\/yoast.com\/wordpress\/plugins\/seo\/ -->\n<title>Pago completo en Habitaci\u00f3n doble compartida | Dharma Holistika<\/title>\n<meta name=\"robots\" content=\"index, follow, max-snippet:-1, max-image-preview:large, max-video-preview:-1\" \/>\n<link rel=\"canonical\" href=\"https:\/\/dharmaholistika.com\/es\/producto\/habitacion-doble-compartida\/\" \/>\n<meta property=\"og:locale\" content=\"es_ES\" \/>\n<meta property=\"og:type\" content=\"article\" \/>\n<meta property=\"og:title\" content=\"Pago completo en Habitaci\u00f3n doble compartida\" \/>\n<meta property=\"og:description\" content=\"2 camas individuales.  Tama\u00f1o de la caba\u00f1a 30 m2.  Hermosas vistas con ventanales gigantes a la exuberante jungla.  Acceso Alberca principal con agua de cenote.  Mirador privado.  Wifi.\" \/>\n<meta property=\"og:url\" content=\"https:\/\/dharmaholistika.com\/es\/producto\/habitacion-doble-compartida\/\" \/>\n<meta property=\"og:site_name\" content=\"Dharma Holistika\" \/>\n<meta property=\"article:publisher\" content=\"https:\/\/www.facebook.com\/dharmaholistika\" \/>\n<meta property=\"article:modified_time\" content=\"2025-10-03T16:43:52+00:00\" \/>\n<meta property=\"og:image\" content=\"https:\/\/dharmaholistika.com\/wp-content\/uploads\/2023\/11\/hab-compartida.jpg\" \/>\n\t<meta property=\"og:image:width\" content=\"1920\" \/>\n\t<meta property=\"og:image:height\" content=\"1280\" \/>\n\t<meta property=\"og:image:type\" content=\"image\/jpeg\" \/>\n<meta name=\"twitter:card\" content=\"summary_large_image\" \/>\n<script type=\"application\/ld+json\" class=\"yoast-schema-graph\">{\"@context\":\"https:\/\/schema.org\",\"@graph\":[{\"@type\":\"WebPage\",\"@id\":\"https:\/\/dharmaholistika.com\/es\/producto\/habitacion-doble-compartida\/\",\"url\":\"https:\/\/dharmaholistika.com\/es\/producto\/habitacion-doble-compartida\/\",\"name\":\"Pago completo en Habitaci\u00f3n doble compartida | Dharma Holistika\",\"isPartOf\":{\"@id\":\"https:\/\/dharmaholistika.com\/#website\"},\"primaryImageOfPage\":{\"@id\":\"https:\/\/dharmaholistika.com\/es\/producto\/habitacion-doble-compartida\/#primaryimage\"},\"image\":{\"@id\":\"https:\/\/dharmaholistika.com\/es\/producto\/habitacion-doble-compartida\/#primaryimage\"},\"thumbnailUrl\":\"https:\/\/dharmaholistika.com\/wp-content\/uploads\/2023\/11\/hab-compartida.jpg\",\"datePublished\":\"2023-11-13T19:07:28+00:00\",\"dateModified\":\"2025-10-03T16:43:52+00:00\",\"breadcrumb\":{\"@id\":\"https:\/\/dharmaholistika.com\/es\/producto\/habitacion-doble-compartida\/#breadcrumb\"},\"inLanguage\":\"es\",\"potentialAction\":[{\"@type\":\"ReadAction\",\"target\":[\"https:\/\/dharmaholistika.com\/es\/producto\/habitacion-doble-compartida\/\"]}]},{\"@type\":\"ImageObject\",\"inLanguage\":\"es\",\"@id\":\"https:\/\/dharmaholistika.com\/es\/producto\/habitacion-doble-compartida\/#primaryimage\",\"url\":\"https:\/\/dharmaholistika.com\/wp-content\/uploads\/2023\/11\/hab-compartida.jpg\",\"contentUrl\":\"https:\/\/dharmaholistika.com\/wp-content\/uploads\/2023\/11\/hab-compartida.jpg\",\"width\":1920,\"height\":1280,\"caption\":\"Retiro Awaken Your Essence\"},{\"@type\":\"BreadcrumbList\",\"@id\":\"https:\/\/dharmaholistika.com\/es\/producto\/habitacion-doble-compartida\/#breadcrumb\",\"itemListElement\":[{\"@type\":\"ListItem\",\"position\":1,\"name\":\"Home\",\"item\":\"https:\/\/dharmaholistika.com\/es\/\"},{\"@type\":\"ListItem\",\"position\":2,\"name\":\"Shop\",\"item\":\"https:\/\/dharmaholistika.com\/es\/shop\/\"},{\"@type\":\"ListItem\",\"position\":3,\"name\":\"Pago completo en Habitaci\u00f3n doble compartida\"}]},{\"@type\":\"WebSite\",\"@id\":\"https:\/\/dharmaholistika.com\/#website\",\"url\":\"https:\/\/dharmaholistika.com\/\",\"name\":\"Dharma Holistika\",\"description\":\"Transforma tu realidad\",\"publisher\":{\"@id\":\"https:\/\/dharmaholistika.com\/#organization\"},\"potentialAction\":[{\"@type\":\"SearchAction\",\"target\":{\"@type\":\"EntryPoint\",\"urlTemplate\":\"https:\/\/dharmaholistika.com\/?s={search_term_string}\"},\"query-input\":{\"@type\":\"PropertyValueSpecification\",\"valueRequired\":true,\"valueName\":\"search_term_string\"}}],\"inLanguage\":\"es\"},{\"@type\":\"Organization\",\"@id\":\"https:\/\/dharmaholistika.com\/#organization\",\"name\":\"Dharma Holistika\",\"url\":\"https:\/\/dharmaholistika.com\/\",\"logo\":{\"@type\":\"ImageObject\",\"inLanguage\":\"es\",\"@id\":\"https:\/\/dharmaholistika.com\/#\/schema\/logo\/image\/\",\"url\":\"https:\/\/dharmaholistika.com\/wp-content\/uploads\/2023\/12\/Logo-dharma.png\",\"contentUrl\":\"https:\/\/dharmaholistika.com\/wp-content\/uploads\/2023\/12\/Logo-dharma.png\",\"width\":1531,\"height\":396,\"caption\":\"Dharma Holistika\"},\"image\":{\"@id\":\"https:\/\/dharmaholistika.com\/#\/schema\/logo\/image\/\"},\"sameAs\":[\"https:\/\/www.facebook.com\/dharmaholistika\",\"https:\/\/www.instagram.com\/dharmaholistika\/\"]}]}<\/script>\n<!-- \/ Yoast SEO Premium plugin. -->","yoast_head_json":{"title":"Pago completo en Habitaci\u00f3n doble compartida | Dharma Holistika","robots":{"index":"index","follow":"follow","max-snippet":"max-snippet:-1","max-image-preview":"max-image-preview:large","max-video-preview":"max-video-preview:-1"},"canonical":"https:\/\/dharmaholistika.com\/es\/producto\/habitacion-doble-compartida\/","og_locale":"es_ES","og_type":"article","og_title":"Pago completo en Habitaci\u00f3n doble compartida","og_description":"2 camas individuales.  Tama\u00f1o de la caba\u00f1a 30 m2.  Hermosas vistas con ventanales gigantes a la exuberante jungla.  Acceso Alberca principal con agua de cenote.  Mirador privado.  Wifi.","og_url":"https:\/\/dharmaholistika.com\/es\/producto\/habitacion-doble-compartida\/","og_site_name":"Dharma Holistika","article_publisher":"https:\/\/www.facebook.com\/dharmaholistika","article_modified_time":"2025-10-03T16:43:52+00:00","og_image":[{"width":1920,"height":1280,"url":"https:\/\/dharmaholistika.com\/wp-content\/uploads\/2023\/11\/hab-compartida.jpg","type":"image\/jpeg"}],"twitter_card":"summary_large_image","schema":{"@context":"https:\/\/schema.org","@graph":[{"@type":"WebPage","@id":"https:\/\/dharmaholistika.com\/es\/producto\/habitacion-doble-compartida\/","url":"https:\/\/dharmaholistika.com\/es\/producto\/habitacion-doble-compartida\/","name":"Pago completo en Habitaci\u00f3n doble compartida | Dharma Holistika","isPartOf":{"@id":"https:\/\/dharmaholistika.com\/#website"},"primaryImageOfPage":{"@id":"https:\/\/dharmaholistika.com\/es\/producto\/habitacion-doble-compartida\/#primaryimage"},"image":{"@id":"https:\/\/dharmaholistika.com\/es\/producto\/habitacion-doble-compartida\/#primaryimage"},"thumbnailUrl":"https:\/\/dharmaholistika.com\/wp-content\/uploads\/2023\/11\/hab-compartida.jpg","datePublished":"2023-11-13T19:07:28+00:00","dateModified":"2025-10-03T16:43:52+00:00","breadcrumb":{"@id":"https:\/\/dharmaholistika.com\/es\/producto\/habitacion-doble-compartida\/#breadcrumb"},"inLanguage":"es","potentialAction":[{"@type":"ReadAction","target":["https:\/\/dharmaholistika.com\/es\/producto\/habitacion-doble-compartida\/"]}]},{"@type":"ImageObject","inLanguage":"es","@id":"https:\/\/dharmaholistika.com\/es\/producto\/habitacion-doble-compartida\/#primaryimage","url":"https:\/\/dharmaholistika.com\/wp-content\/uploads\/2023\/11\/hab-compartida.jpg","contentUrl":"https:\/\/dharmaholistika.com\/wp-content\/uploads\/2023\/11\/hab-compartida.jpg","width":1920,"height":1280,"caption":"Retiro Awaken Your Essence"},{"@type":"BreadcrumbList","@id":"https:\/\/dharmaholistika.com\/es\/producto\/habitacion-doble-compartida\/#breadcrumb","itemListElement":[{"@type":"ListItem","position":1,"name":"Home","item":"https:\/\/dharmaholistika.com\/es\/"},{"@type":"ListItem","position":2,"name":"Shop","item":"https:\/\/dharmaholistika.com\/es\/shop\/"},{"@type":"ListItem","position":3,"name":"Pago completo en Habitaci\u00f3n doble compartida"}]},{"@type":"WebSite","@id":"https:\/\/dharmaholistika.com\/#website","url":"https:\/\/dharmaholistika.com\/","name":"Dharma Holistika","description":"Transforma tu realidad","publisher":{"@id":"https:\/\/dharmaholistika.com\/#organization"},"potentialAction":[{"@type":"SearchAction","target":{"@type":"EntryPoint","urlTemplate":"https:\/\/dharmaholistika.com\/?s={search_term_string}"},"query-input":{"@type":"PropertyValueSpecification","valueRequired":true,"valueName":"search_term_string"}}],"inLanguage":"es"},{"@type":"Organization","@id":"https:\/\/dharmaholistika.com\/#organization","name":"Dharma Holistika","url":"https:\/\/dharmaholistika.com\/","logo":{"@type":"ImageObject","inLanguage":"es","@id":"https:\/\/dharmaholistika.com\/#\/schema\/logo\/image\/","url":"https:\/\/dharmaholistika.com\/wp-content\/uploads\/2023\/12\/Logo-dharma.png","contentUrl":"https:\/\/dharmaholistika.com\/wp-content\/uploads\/2023\/12\/Logo-dharma.png","width":1531,"height":396,"caption":"Dharma Holistika"},"image":{"@id":"https:\/\/dharmaholistika.com\/#\/schema\/logo\/image\/"},"sameAs":["https:\/\/www.facebook.com\/dharmaholistika","https:\/\/www.instagram.com\/dharmaholistika\/"]}]}},"_links":{"self":[{"href":"https:\/\/dharmaholistika.com\/es\/wp-json\/wp\/v2\/product\/2206","targetHints":{"allow":["GET"]}}],"collection":[{"href":"https:\/\/dharmaholistika.com\/es\/wp-json\/wp\/v2\/product"}],"about":[{"href":"https:\/\/dharmaholistika.com\/es\/wp-json\/wp\/v2\/types\/product"}],"wp:featuredmedia":[{"embeddable":true,"href":"https:\/\/dharmaholistika.com\/es\/wp-json\/wp\/v2\/media\/2761"}],"wp:attachment":[{"href":"https:\/\/dharmaholistika.com\/es\/wp-json\/wp\/v2\/media?parent=2206"}],"wp:term":[{"taxonomy":"product_brand","embeddable":true,"href":"https:\/\/dharmaholistika.com\/es\/wp-json\/wp\/v2\/product_brand?post=2206"},{"taxonomy":"product_cat","embeddable":true,"href":"https:\/\/dharmaholistika.com\/es\/wp-json\/wp\/v2\/product_cat?post=2206"},{"taxonomy":"product_tag","embeddable":true,"href":"https:\/\/dharmaholistika.com\/es\/wp-json\/wp\/v2\/product_tag?post=2206"}],"curies":[{"name":"wp","href":"https:\/\/api.w.org\/{rel}","templated":true}]}}