{"id":2878,"date":"2023-11-22T12:17:05","date_gmt":"2023-11-22T20:17:05","guid":{"rendered":"https:\/\/dharmaholistika.com\/?post_type=product&#038;p=2878"},"modified":"2026-01-11T10:07:00","modified_gmt":"2026-01-11T15:07:00","slug":"pago-inicial-peru-reserva","status":"publish","type":"product","link":"https:\/\/dharmaholistika.com\/es\/producto\/pago-inicial-peru-reserva\/","title":{"rendered":"Pago Inicial"},"content":{"rendered":"","protected":false},"excerpt":{"rendered":"<ul class=\"elementor-icon-list-items\">\n<li class=\"elementor-icon-list-items\"><i class=\"fas fa-check-double\" style=\"color: #da071e;\" aria-hidden=\"true\"><\/i><span class=\"elementor-icon-list-text\">El personal de Dharma Holistika te recibir\u00e1 en el Aeropuerto, y se encargar\u00e1 de tu traslado al hotel.<\/span><\/li>\n<li class=\"elementor-icon-list-items\"><i class=\"fas fa-check-double\" style=\"color: #da071e;\" aria-hidden=\"true\"><\/i><span class=\"elementor-icon-list-text\">\u00a010 d\u00edas de recorrido en las m\u00e1gicas tierras de Cuzco, Machu Picchu y el Valle Sagrado durante el m\u00edstico equinoccio de septiembre.<\/span><\/li>\n<li class=\"elementor-icon-list-items\"><i class=\"fas fa-check-double\" style=\"color: #da071e;\" aria-hidden=\"true\"><\/i><span class=\"elementor-icon-list-text\">Estadias en Antigua Casona San Blas Boutique Hotel y Hotel Taypikala Deluxe Valle Sagrado.<\/span><\/li>\n<li class=\"elementor-icon-list-items\"><i class=\"fas fa-check-double\" style=\"color: #da071e;\" aria-hidden=\"true\"><\/i><span class=\"elementor-icon-list-text\">Todas las comidas incluidas.<\/span><\/li>\n<\/ul>\n<p>Este retiro hol\u00edstico es un llamado para encontrarte contigo mismo, para descubrir el significado y la verdad en tu vida.<\/p>\n<p><span style=\"font-weight: 600;\">El balance final debe estar pagado 1 mes antes del viaje.<\/span><\/p>\n<p><span style=\"color: #ff0000; font-size: 12pt;\"><strong>*El abono de la reserva es no rembolsable*<\/strong><\/span><\/p>\n","protected":false},"featured_media":4161,"template":"","meta":{"_monsterinsights_skip_tracking":false,"_monsterinsights_sitenote_active":false,"_monsterinsights_sitenote_note":"","_monsterinsights_sitenote_category":0,"_joinchat":[]},"product_brand":[],"product_cat":[89],"product_tag":[],"class_list":{"0":"post-2878","1":"product","2":"type-product","3":"status-publish","4":"has-post-thumbnail","6":"product_cat-retiro-peru","8":"first","9":"instock","10":"shipping-taxable","11":"purchasable","12":"product-type-variable"},"exclude_global_add_ons":[],"addons":[],"yoast_head":"<!-- This site is optimized with the Yoast SEO Premium plugin v20.8 (Yoast SEO v24.5) - https:\/\/yoast.com\/wordpress\/plugins\/seo\/ -->\n<title>Pago Inicial | Dharma Holistika<\/title>\n<meta name=\"robots\" content=\"index, follow, max-snippet:-1, max-image-preview:large, max-video-preview:-1\" \/>\n<link rel=\"canonical\" href=\"https:\/\/dharmaholistika.com\/es\/producto\/pago-inicial-peru-reserva\/\" \/>\n<meta property=\"og:locale\" content=\"es_ES\" \/>\n<meta property=\"og:type\" content=\"article\" \/>\n<meta property=\"og:title\" content=\"Pago Inicial\" \/>\n<meta property=\"og:description\" content=\"El personal de Dharma Holistika te recibir\u00e1 en el Aeropuerto, y se encargar\u00e1 de tu traslado al hotel.  \u00a010 d\u00edas de recorrido en las m\u00e1gicas tierras de Cuzco, Machu Picchu y el Valle Sagrado durante el m\u00edstico equinoccio de septiembre.  Estadias en Antigua Casona San Blas Boutique Hotel y Hotel Taypikala Deluxe Valle Sagrado.  Todas las comidas incluidas.  Este retiro hol\u00edstico es un llamado para encontrarte contigo mismo, para descubrir el significado y la verdad en tu vida.  El balance final debe estar pagado 1 mes antes del viaje.  *El abono de la reserva es no rembolsable*\" \/>\n<meta property=\"og:url\" content=\"https:\/\/dharmaholistika.com\/es\/producto\/pago-inicial-peru-reserva\/\" \/>\n<meta property=\"og:site_name\" content=\"Dharma Holistika\" \/>\n<meta property=\"article:publisher\" content=\"https:\/\/www.facebook.com\/dharmaholistika\" \/>\n<meta property=\"article:modified_time\" content=\"2026-01-11T15:07:00+00:00\" \/>\n<meta property=\"og:image\" content=\"https:\/\/dharmaholistika.com\/wp-content\/uploads\/2024\/01\/peru-slider-movil.jpg\" \/>\n\t<meta property=\"og:image:width\" content=\"1152\" \/>\n\t<meta property=\"og:image:height\" content=\"1152\" \/>\n\t<meta property=\"og:image:type\" content=\"image\/jpeg\" \/>\n<meta name=\"twitter:card\" content=\"summary_large_image\" \/>\n<meta name=\"twitter:label1\" content=\"Tiempo de lectura\" \/>\n\t<meta name=\"twitter:data1\" content=\"1 minuto\" \/>\n<script type=\"application\/ld+json\" class=\"yoast-schema-graph\">{\"@context\":\"https:\/\/schema.org\",\"@graph\":[{\"@type\":\"WebPage\",\"@id\":\"https:\/\/dharmaholistika.com\/es\/producto\/pago-inicial-peru-reserva\/\",\"url\":\"https:\/\/dharmaholistika.com\/es\/producto\/pago-inicial-peru-reserva\/\",\"name\":\"Pago Inicial | Dharma Holistika\",\"isPartOf\":{\"@id\":\"https:\/\/dharmaholistika.com\/#website\"},\"primaryImageOfPage\":{\"@id\":\"https:\/\/dharmaholistika.com\/es\/producto\/pago-inicial-peru-reserva\/#primaryimage\"},\"image\":{\"@id\":\"https:\/\/dharmaholistika.com\/es\/producto\/pago-inicial-peru-reserva\/#primaryimage\"},\"thumbnailUrl\":\"https:\/\/dharmaholistika.com\/wp-content\/uploads\/2024\/01\/peru-slider-movil.jpg\",\"datePublished\":\"2023-11-22T20:17:05+00:00\",\"dateModified\":\"2026-01-11T15:07:00+00:00\",\"breadcrumb\":{\"@id\":\"https:\/\/dharmaholistika.com\/es\/producto\/pago-inicial-peru-reserva\/#breadcrumb\"},\"inLanguage\":\"es\",\"potentialAction\":[{\"@type\":\"ReadAction\",\"target\":[\"https:\/\/dharmaholistika.com\/es\/producto\/pago-inicial-peru-reserva\/\"]}]},{\"@type\":\"ImageObject\",\"inLanguage\":\"es\",\"@id\":\"https:\/\/dharmaholistika.com\/es\/producto\/pago-inicial-peru-reserva\/#primaryimage\",\"url\":\"https:\/\/dharmaholistika.com\/wp-content\/uploads\/2024\/01\/peru-slider-movil.jpg\",\"contentUrl\":\"https:\/\/dharmaholistika.com\/wp-content\/uploads\/2024\/01\/peru-slider-movil.jpg\",\"width\":1152,\"height\":1152},{\"@type\":\"BreadcrumbList\",\"@id\":\"https:\/\/dharmaholistika.com\/es\/producto\/pago-inicial-peru-reserva\/#breadcrumb\",\"itemListElement\":[{\"@type\":\"ListItem\",\"position\":1,\"name\":\"Home\",\"item\":\"https:\/\/dharmaholistika.com\/es\/\"},{\"@type\":\"ListItem\",\"position\":2,\"name\":\"Shop\",\"item\":\"https:\/\/dharmaholistika.com\/es\/shop\/\"},{\"@type\":\"ListItem\",\"position\":3,\"name\":\"Pago Inicial\"}]},{\"@type\":\"WebSite\",\"@id\":\"https:\/\/dharmaholistika.com\/#website\",\"url\":\"https:\/\/dharmaholistika.com\/\",\"name\":\"Dharma Holistika\",\"description\":\"Transforma tu realidad\",\"publisher\":{\"@id\":\"https:\/\/dharmaholistika.com\/#organization\"},\"potentialAction\":[{\"@type\":\"SearchAction\",\"target\":{\"@type\":\"EntryPoint\",\"urlTemplate\":\"https:\/\/dharmaholistika.com\/?s={search_term_string}\"},\"query-input\":{\"@type\":\"PropertyValueSpecification\",\"valueRequired\":true,\"valueName\":\"search_term_string\"}}],\"inLanguage\":\"es\"},{\"@type\":\"Organization\",\"@id\":\"https:\/\/dharmaholistika.com\/#organization\",\"name\":\"Dharma Holistika\",\"url\":\"https:\/\/dharmaholistika.com\/\",\"logo\":{\"@type\":\"ImageObject\",\"inLanguage\":\"es\",\"@id\":\"https:\/\/dharmaholistika.com\/#\/schema\/logo\/image\/\",\"url\":\"https:\/\/dharmaholistika.com\/wp-content\/uploads\/2023\/12\/Logo-dharma.png\",\"contentUrl\":\"https:\/\/dharmaholistika.com\/wp-content\/uploads\/2023\/12\/Logo-dharma.png\",\"width\":1531,\"height\":396,\"caption\":\"Dharma Holistika\"},\"image\":{\"@id\":\"https:\/\/dharmaholistika.com\/#\/schema\/logo\/image\/\"},\"sameAs\":[\"https:\/\/www.facebook.com\/dharmaholistika\",\"https:\/\/www.instagram.com\/dharmaholistika\/\"]}]}<\/script>\n<!-- \/ Yoast SEO Premium plugin. -->","yoast_head_json":{"title":"Pago Inicial | Dharma Holistika","robots":{"index":"index","follow":"follow","max-snippet":"max-snippet:-1","max-image-preview":"max-image-preview:large","max-video-preview":"max-video-preview:-1"},"canonical":"https:\/\/dharmaholistika.com\/es\/producto\/pago-inicial-peru-reserva\/","og_locale":"es_ES","og_type":"article","og_title":"Pago Inicial","og_description":"El personal de Dharma Holistika te recibir\u00e1 en el Aeropuerto, y se encargar\u00e1 de tu traslado al hotel.  \u00a010 d\u00edas de recorrido en las m\u00e1gicas tierras de Cuzco, Machu Picchu y el Valle Sagrado durante el m\u00edstico equinoccio de septiembre.  Estadias en Antigua Casona San Blas Boutique Hotel y Hotel Taypikala Deluxe Valle Sagrado.  Todas las comidas incluidas.  Este retiro hol\u00edstico es un llamado para encontrarte contigo mismo, para descubrir el significado y la verdad en tu vida.  El balance final debe estar pagado 1 mes antes del viaje.  *El abono de la reserva es no rembolsable*","og_url":"https:\/\/dharmaholistika.com\/es\/producto\/pago-inicial-peru-reserva\/","og_site_name":"Dharma Holistika","article_publisher":"https:\/\/www.facebook.com\/dharmaholistika","article_modified_time":"2026-01-11T15:07:00+00:00","og_image":[{"width":1152,"height":1152,"url":"https:\/\/dharmaholistika.com\/wp-content\/uploads\/2024\/01\/peru-slider-movil.jpg","type":"image\/jpeg"}],"twitter_card":"summary_large_image","twitter_misc":{"Tiempo de lectura":"1 minuto"},"schema":{"@context":"https:\/\/schema.org","@graph":[{"@type":"WebPage","@id":"https:\/\/dharmaholistika.com\/es\/producto\/pago-inicial-peru-reserva\/","url":"https:\/\/dharmaholistika.com\/es\/producto\/pago-inicial-peru-reserva\/","name":"Pago Inicial | Dharma Holistika","isPartOf":{"@id":"https:\/\/dharmaholistika.com\/#website"},"primaryImageOfPage":{"@id":"https:\/\/dharmaholistika.com\/es\/producto\/pago-inicial-peru-reserva\/#primaryimage"},"image":{"@id":"https:\/\/dharmaholistika.com\/es\/producto\/pago-inicial-peru-reserva\/#primaryimage"},"thumbnailUrl":"https:\/\/dharmaholistika.com\/wp-content\/uploads\/2024\/01\/peru-slider-movil.jpg","datePublished":"2023-11-22T20:17:05+00:00","dateModified":"2026-01-11T15:07:00+00:00","breadcrumb":{"@id":"https:\/\/dharmaholistika.com\/es\/producto\/pago-inicial-peru-reserva\/#breadcrumb"},"inLanguage":"es","potentialAction":[{"@type":"ReadAction","target":["https:\/\/dharmaholistika.com\/es\/producto\/pago-inicial-peru-reserva\/"]}]},{"@type":"ImageObject","inLanguage":"es","@id":"https:\/\/dharmaholistika.com\/es\/producto\/pago-inicial-peru-reserva\/#primaryimage","url":"https:\/\/dharmaholistika.com\/wp-content\/uploads\/2024\/01\/peru-slider-movil.jpg","contentUrl":"https:\/\/dharmaholistika.com\/wp-content\/uploads\/2024\/01\/peru-slider-movil.jpg","width":1152,"height":1152},{"@type":"BreadcrumbList","@id":"https:\/\/dharmaholistika.com\/es\/producto\/pago-inicial-peru-reserva\/#breadcrumb","itemListElement":[{"@type":"ListItem","position":1,"name":"Home","item":"https:\/\/dharmaholistika.com\/es\/"},{"@type":"ListItem","position":2,"name":"Shop","item":"https:\/\/dharmaholistika.com\/es\/shop\/"},{"@type":"ListItem","position":3,"name":"Pago Inicial"}]},{"@type":"WebSite","@id":"https:\/\/dharmaholistika.com\/#website","url":"https:\/\/dharmaholistika.com\/","name":"Dharma Holistika","description":"Transforma tu realidad","publisher":{"@id":"https:\/\/dharmaholistika.com\/#organization"},"potentialAction":[{"@type":"SearchAction","target":{"@type":"EntryPoint","urlTemplate":"https:\/\/dharmaholistika.com\/?s={search_term_string}"},"query-input":{"@type":"PropertyValueSpecification","valueRequired":true,"valueName":"search_term_string"}}],"inLanguage":"es"},{"@type":"Organization","@id":"https:\/\/dharmaholistika.com\/#organization","name":"Dharma Holistika","url":"https:\/\/dharmaholistika.com\/","logo":{"@type":"ImageObject","inLanguage":"es","@id":"https:\/\/dharmaholistika.com\/#\/schema\/logo\/image\/","url":"https:\/\/dharmaholistika.com\/wp-content\/uploads\/2023\/12\/Logo-dharma.png","contentUrl":"https:\/\/dharmaholistika.com\/wp-content\/uploads\/2023\/12\/Logo-dharma.png","width":1531,"height":396,"caption":"Dharma Holistika"},"image":{"@id":"https:\/\/dharmaholistika.com\/#\/schema\/logo\/image\/"},"sameAs":["https:\/\/www.facebook.com\/dharmaholistika","https:\/\/www.instagram.com\/dharmaholistika\/"]}]}},"_links":{"self":[{"href":"https:\/\/dharmaholistika.com\/es\/wp-json\/wp\/v2\/product\/2878","targetHints":{"allow":["GET"]}}],"collection":[{"href":"https:\/\/dharmaholistika.com\/es\/wp-json\/wp\/v2\/product"}],"about":[{"href":"https:\/\/dharmaholistika.com\/es\/wp-json\/wp\/v2\/types\/product"}],"wp:featuredmedia":[{"embeddable":true,"href":"https:\/\/dharmaholistika.com\/es\/wp-json\/wp\/v2\/media\/4161"}],"wp:attachment":[{"href":"https:\/\/dharmaholistika.com\/es\/wp-json\/wp\/v2\/media?parent=2878"}],"wp:term":[{"taxonomy":"product_brand","embeddable":true,"href":"https:\/\/dharmaholistika.com\/es\/wp-json\/wp\/v2\/product_brand?post=2878"},{"taxonomy":"product_cat","embeddable":true,"href":"https:\/\/dharmaholistika.com\/es\/wp-json\/wp\/v2\/product_cat?post=2878"},{"taxonomy":"product_tag","embeddable":true,"href":"https:\/\/dharmaholistika.com\/es\/wp-json\/wp\/v2\/product_tag?post=2878"}],"curies":[{"name":"wp","href":"https:\/\/api.w.org\/{rel}","templated":true}]}}